{"id":19292,"date":"2023-06-24T11:41:01","date_gmt":"2023-06-24T09:41:01","guid":{"rendered":"https:\/\/nicoteam.gr\/?post_type=product&#038;p=19292"},"modified":"2026-04-24T12:58:37","modified_gmt":"2026-04-24T10:58:37","slug":"hoyo-de-monterrey-le-hoyo-de-san-juan","status":"publish","type":"product","link":"https:\/\/nicoteam.gr\/tr\/product\/hoyo-de-monterrey-le-hoyo-de-san-juan\/","title":{"rendered":"Hoyo de Monterrey Le Hoyo De San Juan"},"content":{"rendered":"<p>\u03a4\u03bf brand \u03b1\u03bd\u03b1\u03bd\u03b5\u03ce\u03b8\u03b7\u03ba\u03b5 \u03bc\u03b5 \u03c4\u03b7\u03bd \u03c0\u03c1\u03bf\u03c3\u03b8\u03ae\u03ba\u03b7 \u03c4\u03b7\u03c2 \u03c3\u03b5\u03b9\u03c1\u03ac\u03c2 Le Hoyo. \u03a4\u03bf \u03bc\u03b5\u03af\u03b3\u03bc\u03b1 \u03b1\u03c5\u03c4\u03bf\u03cd \u03c4\u03bf\u03c5 \u03bd\u03ad\u03bf\u03c5 \u03b2\u03af\u03c4\u03bf\u03bb\u03b1 \u03c0\u03b5\u03c1\u03b9\u03bb\u03b1\u03bc\u03b2\u03ac\u03bd\u03b5\u03b9 \u03b1\u03c0\u03bf\u03ba\u03bb\u03b5\u03b9\u03c3\u03c4\u03b9\u03ba\u03ac \u03be\u03b7\u03c1\u03ac \u03ba\u03b1\u03b9 \u03b5\u03bb\u03b1\u03c6\u03c1\u03b9\u03ac \u03c6\u03cd\u03bb\u03bb\u03b1 \u03b1\u03c0\u03cc \u03c4\u03bf San Juan y Mart\u00ednez. \u0397 \u03ae\u03c0\u03b9\u03b1 \u03b3\u03b5\u03cd\u03c3\u03b7 \u03c4\u03bf\u03c5 \u03bc\u03b5\u03af\u03b3\u03bc\u03b1\u03c4\u03bf\u03c2 \u03c4\u03bf \u03ba\u03b1\u03b8\u03b9\u03c3\u03c4\u03ac \u03bc\u03b9\u03b1 \u03b9\u03b4\u03b1\u03bd\u03b9\u03ba\u03ae \u03b5\u03c0\u03b9\u03bb\u03bf\u03b3\u03ae \u03b3\u03b9\u03b1 \u03cc\u03c3\u03bf\u03c5\u03c2 \u03b5\u03c0\u03b9\u03b8\u03c5\u03bc\u03bf\u03cd\u03bd \u03ad\u03bd\u03b1 \u03bb\u03b9\u03b3\u03cc\u03c4\u03b5\u03c1\u03bf \u03b4\u03c5\u03bd\u03b1\u03c4\u03cc, \u03b1\u03c1\u03c9\u03bc\u03b1\u03c4\u03b9\u03ba\u03cc Habano \u03bc\u03b5 \u03bc\u03b5\u03b3\u03ac\u03bb\u03b7 \u03ba\u03bf\u03bc\u03c8\u03cc\u03c4\u03b7\u03c4\u03b1, \u03c0\u03bf\u03bb\u03c5\u03c0\u03bb\u03bf\u03ba\u03cc\u03c4\u03b7\u03c4\u03b1 \u03ba\u03b1\u03b9 \u03b4\u03b9\u03ac\u03c1\u03ba\u03b5\u03b9\u03b1 \u03c7\u03ac\u03c1\u03b7 \u03c3\u03c4\u03b1 \u03bc\u03b5\u03b3\u03ac\u03bb\u03b1 \u03bc\u03b5\u03b3\u03ad\u03b8\u03b7 \u03c0\u03bf\u03c5 \u03c0\u03c1\u03bf\u03c3\u03c6\u03ad\u03c1\u03b5\u03b9 \u03b7 \u03c3\u03b5\u03b9\u03c1\u03ac.<\/p>\n<p>&nbsp;<\/p>\n<p>To San Juan \u03b1\u03c0\u03bf\u03c4\u03b5\u03bb\u03b5\u03af \u03c4\u03bf \u03bd\u03ad\u03bf \u03b2\u03b1\u03c1\u03cd\u03c4\u03b5\u03c1\u03bf \u03b4\u03b1\u03c7\u03c4\u03c5\u03bb\u03af\u03b4\u03b9 \u03c0\u03bf\u03c5 \u03c0\u03c1\u03bf\u03c3\u03c4\u03ad\u03b8\u03b7\u03ba\u03b5 \u03c3\u03c4\u03b7 \u03c3\u03c5\u03bb\u03bb\u03bf\u03b3\u03ae \u03ba\u03b1\u03b9 \u03b5\u03bd\u03c3\u03c9\u03bc\u03b1\u03c4\u03ce\u03bd\u03b5\u03b9 \u03c6\u03cd\u03bb\u03bb\u03b1 \u03c4\u03c9\u03bd \u03c0\u03b5\u03c1\u03b9\u03bf\u03c7\u03ce\u03bd San Juan \u03ba\u03b1\u03b9 Martinez. \u03a3\u03c4\u03b7 \u03c3\u03b5\u03b9\u03c1\u03ac Le hoyo \u03c0\u03bf\u03c5 \u03b5\u03af\u03bd\u03b1\u03b9 \u03b3\u03bd\u03c9\u03c3\u03c4\u03ae \u03b3\u03b9\u03b1 \u03c4\u03b1 \u03bb\u03b5\u03c0\u03c4\u03ac \u03b4\u03b1\u03c7\u03c4\u03c5\u03bb\u03af\u03b4\u03b9\u03b1, \u03c0\u03c1\u03bf\u03c3\u03c4\u03ad\u03b8\u03b7\u03ba\u03b5 \u03b1\u03c5\u03c4\u03ae \u03c4\u03b7 \u03c6\u03bf\u03c1\u03ac \u03ad\u03bd\u03b1 \u03bc\u03b5\u03b3\u03b1\u03bb\u03cd\u03c4\u03b5\u03c1\u03bf ring \u03b4\u03b9\u03b1\u03c4\u03b7\u03c1\u03ce\u03bd\u03c4\u03b1\u03c2 \u03c0\u03b1\u03c1\u03b1\u03b4\u03bf\u03c3\u03b9\u03b1\u03ba\u03ac \u03c4\u03b7\u03bd \u03b5\u03bb\u03b1\u03c6\u03c1\u03b9\u03ac \u03c4\u03bf\u03c5 \u03b3\u03b5\u03cd\u03c3\u03b7.<\/p>","protected":false},"excerpt":{"rendered":"<p>Jose Gener, 1865 y\u0131l\u0131nda Hoyo De Monterrey markas\u0131n\u0131 yaratt\u0131 ve o zamandan beri K\u00fcba purolar\u0131n\u0131n en b\u00fcy\u00fck isimlerinden biri olarak hakimiyet kurdu. Markan\u0131n ad\u0131, 1860 y\u0131l\u0131nda t\u00fct\u00fcn yeti\u015ftiricisi Jose Gener taraf\u0131ndan sat\u0131n al\u0131nan verimli bir plantasyondan gelmektedir. Hoyo de Monterrey harman\u0131n\u0131n tad\u0131, purolar\u0131 hafif tad\u0131 olan aromatik bir Habano arayanlar i\u00e7in ideal ve \u00e7ekici bir se\u00e7im haline getirmektedir. b\u00fcy\u00fck zarafet ve karma\u015f\u0131kl\u0131k.<\/p>","protected":false},"featured_media":19293,"template":"","meta":{"_acf_changed":false,"_kadence_starter_templates_imported_post":false,"_kad_post_transparent":"","_kad_post_title":"","_kad_post_layout":"","_kad_post_sidebar_id":"","_kad_post_content_style":"","_kad_post_vertical_padding":"","_kad_post_feature":"","_kad_post_feature_position":"","_kad_post_header":false,"_kad_post_footer":false},"product_cat":[1262,598],"product_tag":[],"class_list":{"0":"post-19292","1":"product","2":"type-product","3":"status-publish","4":"has-post-thumbnail","6":"product_cat-hoyo-de-monterrey","7":"product_cat-cuba-cigars","8":"product_shipping_class-kapnika","10":"first","11":"instock","12":"purchasable","13":"product-type-simple","14":"entry","15":"content-bg","16":"loop-entry"},"acf":[],"_links":{"self":[{"href":"https:\/\/nicoteam.gr\/tr\/wp-json\/wp\/v2\/product\/19292","targetHints":{"allow":["GET"]}}],"collection":[{"href":"https:\/\/nicoteam.gr\/tr\/wp-json\/wp\/v2\/product"}],"about":[{"href":"https:\/\/nicoteam.gr\/tr\/wp-json\/wp\/v2\/types\/product"}],"wp:featuredmedia":[{"embeddable":true,"href":"https:\/\/nicoteam.gr\/tr\/wp-json\/wp\/v2\/media\/19293"}],"wp:attachment":[{"href":"https:\/\/nicoteam.gr\/tr\/wp-json\/wp\/v2\/media?parent=19292"}],"wp:term":[{"taxonomy":"product_cat","embeddable":true,"href":"https:\/\/nicoteam.gr\/tr\/wp-json\/wp\/v2\/product_cat?post=19292"},{"taxonomy":"product_tag","embeddable":true,"href":"https:\/\/nicoteam.gr\/tr\/wp-json\/wp\/v2\/product_tag?post=19292"}],"curies":[{"name":"wp","href":"https:\/\/api.w.org\/{rel}","templated":true}]}}