{"id":19246,"date":"2023-06-20T10:27:55","date_gmt":"2023-06-20T08:27:55","guid":{"rendered":"https:\/\/nicoteam.gr\/?post_type=product&#038;p=19246"},"modified":"2023-12-16T09:44:05","modified_gmt":"2023-12-16T07:44:05","slug":"310038-winjet-%ce%b1%ce%bd%ce%b1%cf%80%cf%84%ce%ae%cf%81%ce%b1%cf%82-%cf%80%ce%bf%cf%8d%cf%81%ce%bf%cf%85-4-jet-%ce%ba%ce%b1%ce%b9-bullet-%cf%80%ce%bf%cf%85%cf%81%ce%bf%ce%ba%cf%8c%cf%86%cf%84%ce%b7","status":"publish","type":"product","link":"https:\/\/nicoteam.gr\/tr\/product\/310038-winjet-%ce%b1%ce%bd%ce%b1%cf%80%cf%84%ce%ae%cf%81%ce%b1%cf%82-%cf%80%ce%bf%cf%8d%cf%81%ce%bf%cf%85-4-jet-%ce%ba%ce%b1%ce%b9-bullet-%cf%80%ce%bf%cf%85%cf%81%ce%bf%ce%ba%cf%8c%cf%86%cf%84%ce%b7\/","title":{"rendered":"310038 Winjet puro \u00e7akma\u011f\u0131 4 Jet ve Bullet puro kesici"},"content":{"rendered":"","protected":false},"excerpt":{"rendered":"","protected":false},"featured_media":19247,"template":"","meta":{"_acf_changed":false,"_kadence_starter_templates_imported_post":false,"_kad_post_transparent":"","_kad_post_title":"","_kad_post_layout":"","_kad_post_sidebar_id":"","_kad_post_content_style":"","_kad_post_vertical_padding":"","_kad_post_feature":"","_kad_post_feature_position":"","_kad_post_header":false,"_kad_post_footer":false},"product_cat":[1323],"product_tag":[],"class_list":{"0":"post-19246","1":"product","2":"type-product","3":"status-publish","4":"has-post-thumbnail","6":"product_cat-jet-flame","7":"product_shipping_class-mi-kapnika","9":"first","10":"instock","11":"taxable","12":"shipping-taxable","13":"purchasable","14":"product-type-simple","15":"entry","16":"content-bg","17":"loop-entry"},"acf":[],"_links":{"self":[{"href":"https:\/\/nicoteam.gr\/tr\/wp-json\/wp\/v2\/product\/19246","targetHints":{"allow":["GET"]}}],"collection":[{"href":"https:\/\/nicoteam.gr\/tr\/wp-json\/wp\/v2\/product"}],"about":[{"href":"https:\/\/nicoteam.gr\/tr\/wp-json\/wp\/v2\/types\/product"}],"wp:featuredmedia":[{"embeddable":true,"href":"https:\/\/nicoteam.gr\/tr\/wp-json\/wp\/v2\/media\/19247"}],"wp:attachment":[{"href":"https:\/\/nicoteam.gr\/tr\/wp-json\/wp\/v2\/media?parent=19246"}],"wp:term":[{"taxonomy":"product_cat","embeddable":true,"href":"https:\/\/nicoteam.gr\/tr\/wp-json\/wp\/v2\/product_cat?post=19246"},{"taxonomy":"product_tag","embeddable":true,"href":"https:\/\/nicoteam.gr\/tr\/wp-json\/wp\/v2\/product_tag?post=19246"}],"curies":[{"name":"wp","href":"https:\/\/api.w.org\/{rel}","templated":true}]}}