{"id":19218,"date":"2023-06-16T12:23:25","date_gmt":"2023-06-16T10:23:25","guid":{"rendered":"https:\/\/nicoteam.gr\/?post_type=product&#038;p=19218"},"modified":"2023-08-28T10:30:03","modified_gmt":"2023-08-28T08:30:03","slug":"zippo-brushed-chrome-emblem-attached","status":"publish","type":"product","link":"https:\/\/nicoteam.gr\/tr\/product\/zippo-brushed-chrome-emblem-attached\/","title":{"rendered":"Zippo F\u0131r\u00e7alanm\u0131\u015f Krom Amblem Eklendi"},"content":{"rendered":"","protected":false},"excerpt":{"rendered":"<ul>\n<li>Zippo Boru \u00c7akma\u011f\u0131 normal Zippo \u00e7akmaklar\u0131yla ayn\u0131 y\u00fcksek kalite \u00f6zelliklerine g\u00f6re \u00fcretilmi\u015ftir. Pipo i\u00e7enlerin benzersiz ihtiya\u00e7lar\u0131n\u0131 kar\u015f\u0131lamak \u00fczere tasarlanm\u0131\u015ft\u0131r. \u0130\u00e7 oca\u011f\u0131, boruya zarar vermeden, do\u011frudan ve basit bir \u015fekilde kolay ayd\u0131nlatma sa\u011flayacak \u015fekilde olu\u015fturulmu\u015ftur. Bu \u00e7akmak, taklit ah\u015fab\u0131 Y\u00fcksek Parlak Krom kaplamayla birle\u015ftiren bir tasar\u0131ma sahiptir.\n<ul>\n<li>\u00d6zel &quot;t\u0131klama&quot; \u00f6zelli\u011fine sahip orijinal Zippo r\u00fczgar ge\u00e7irmez \u00e7akmak<\/li>\n<li>Metalik yap\u0131. R\u00fczgar ge\u00e7irmez tasar\u0131m hemen hemen her yerde \u00e7al\u0131\u015f\u0131r<\/li>\n<li>Optimum performans i\u00e7in orijinal Zippo s\u0131v\u0131 \u00e7akma\u011f\u0131, ta\u015flar\u0131 ve fitilleri \u00f6neriyoruz.<\/li>\n<li>Ekolojik hediye kutusunda mevcuttur.<\/li>\n<li>Abd&#039;de \u00fcretilmi\u015ftir \u00d6m\u00fcr boyu \u201c\u00c7al\u0131\u015f\u0131n veya \u00fccretsiz olarak d\u00fczeltece\u011fiz\u2122\u201d garantisi<\/li>\n<li>S\u0131v\u0131: Y\u00fcksek kaliteli Zippo \u00e7akmak s\u0131v\u0131s\u0131 (ayr\u0131ca sat\u0131l\u0131r)<\/li>\n<\/ul>\n<\/li>\n<\/ul>","protected":false},"featured_media":19219,"template":"","meta":{"_acf_changed":false,"_kadence_starter_templates_imported_post":false,"_kad_post_transparent":"","_kad_post_title":"","_kad_post_layout":"","_kad_post_sidebar_id":"","_kad_post_content_style":"","_kad_post_vertical_padding":"","_kad_post_feature":"","_kad_post_feature_position":"","_kad_post_header":false,"_kad_post_footer":false},"product_cat":[1034],"product_tag":[],"class_list":{"0":"post-19218","1":"product","2":"type-product","3":"status-publish","4":"has-post-thumbnail","6":"product_cat-zippo","7":"product_shipping_class-mi-kapnika","9":"first","10":"instock","11":"taxable","12":"shipping-taxable","13":"purchasable","14":"product-type-simple","15":"entry","16":"content-bg","17":"loop-entry"},"acf":[],"_links":{"self":[{"href":"https:\/\/nicoteam.gr\/tr\/wp-json\/wp\/v2\/product\/19218","targetHints":{"allow":["GET"]}}],"collection":[{"href":"https:\/\/nicoteam.gr\/tr\/wp-json\/wp\/v2\/product"}],"about":[{"href":"https:\/\/nicoteam.gr\/tr\/wp-json\/wp\/v2\/types\/product"}],"wp:featuredmedia":[{"embeddable":true,"href":"https:\/\/nicoteam.gr\/tr\/wp-json\/wp\/v2\/media\/19219"}],"wp:attachment":[{"href":"https:\/\/nicoteam.gr\/tr\/wp-json\/wp\/v2\/media?parent=19218"}],"wp:term":[{"taxonomy":"product_cat","embeddable":true,"href":"https:\/\/nicoteam.gr\/tr\/wp-json\/wp\/v2\/product_cat?post=19218"},{"taxonomy":"product_tag","embeddable":true,"href":"https:\/\/nicoteam.gr\/tr\/wp-json\/wp\/v2\/product_tag?post=19218"}],"curies":[{"name":"wp","href":"https:\/\/api.w.org\/{rel}","templated":true}]}}