{"id":19077,"date":"2023-05-09T10:02:06","date_gmt":"2023-05-09T08:02:06","guid":{"rendered":"https:\/\/nicoteam.gr\/?post_type=product&#038;p=19077"},"modified":"2023-08-28T10:37:21","modified_gmt":"2023-08-28T08:37:21","slug":"cognac-hine-cigar-reserve-xo","status":"publish","type":"product","link":"https:\/\/nicoteam.gr\/tr\/product\/cognac-hine-cigar-reserve-xo\/","title":{"rendered":"KONYAK HINE PURO REZERV\u0130 XO"},"content":{"rendered":"","protected":false},"excerpt":{"rendered":"<p>Appellation Cognac Contr\u00f4l\u00e9e XO<\/p>\n<p>\u03a7\u03b1\u03c1\u03bc\u03ac\u03bd\u03b9 \u03b1\u03c0\u03bf \u03b5\u03af\u03ba\u03bf\u03c3\u03b9\u00a0eaux-de-vie \u03b1\u03c0\u03bf \u03c3\u03c4\u03b1\u03c6\u03cd\u03bb\u03b9\u03b1 Grande Champagne, Petite Champagne \u03ba\u03b1\u03b9 Fins Bois grapes.<\/p>\n<p>\u039c\u03b5 \u03c0\u03bb\u03bf\u03cd\u03c3\u03b9\u03bf \u03ba\u03b1\u03b9 \u03ad\u03bd\u03c4\u03bf\u03bd\u03bf \u03c7\u03b1\u03c1\u03b1\u03ba\u03c4\u03ae\u03c1\u03b1, \u03c4\u03b1 \u03b5\u03be\u03c9\u03c4\u03b9\u03ba\u03ac \u03c4\u03bf\u03c5 \u03b1\u03c1\u03ce\u03bc\u03b1\u03c4\u03b1 \u03b1\u03c0\u03bf\u03ba\u03b1\u03bb\u03cd\u03c0\u03c4\u03bf\u03c5\u03bd \u03bc\u03b9\u03b1 \u03b4\u03b9\u03ac\u03b8\u03b5\u03c3\u03b7 \u03b3\u03b9\u03b1 \u03c0\u03b5\u03c1\u03b9\u03c0\u03ad\u03c4\u03b5\u03b9\u03b1 \u03ba\u03b1\u03b9 \u03b5\u03be\u03b5\u03c1\u03b5\u03cd\u03bd\u03b7\u03c3\u03b7 \u03c4\u03c9\u03bd \u03b1\u03b9\u03c3\u03b8\u03ae\u03c3\u03b5\u03c9\u03bd. \u039f\u03b9 \u03b2\u03b1\u03b8\u03b9\u03ad\u03c2 \u03ba\u03b5\u03c7\u03c1\u03b9\u03bc\u03c0\u03b1\u03c1\u03ad\u03bd\u03b9\u03b5\u03c2 \u03b1\u03c0\u03bf\u03c7\u03c1\u03ce\u03c3\u03b5\u03b9\u03c2 \u03c4\u03bf\u03c5 \u03c3\u03b7\u03bc\u03b1\u03c4\u03bf\u03b4\u03bf\u03c4\u03bf\u03cd\u03bd \u03bc\u03b9\u03b1 \u03c3\u03b5\u03b9\u03c1\u03ac \u03b1\u03c0\u03cc \u03b1\u03c1\u03c9\u03bc\u03b1\u03c4\u03b9\u03ba\u03ae \u03c0\u03bf\u03bb\u03c5\u03c0\u03bb\u03bf\u03ba\u03cc\u03c4\u03b7\u03c4\u03b1: \u03bc\u03c0\u03b1\u03c7\u03b1\u03c1\u03b9\u03ba\u03ac &#8211; \u03c6\u03c1\u03ad\u03c3\u03ba\u03b9\u03b1 \u03c0\u03b9\u03c0\u03b5\u03c1\u03b9\u03ac \u03ba\u03b1\u03b9 \u03ba\u03b1\u03c0\u03bd\u03cc &#8211; \u03b1\u03c1\u03ce\u03bc\u03b1\u03c4\u03b1 \u03ba\u03b1\u03c1\u03c5\u03b4\u03b9\u03bf\u03cd, \u03bc\u03b5\u03bb\u03b9\u03bf\u03cd \u03b1\u03bb\u03bb\u03ac \u03ba\u03b1\u03b9 \u03ba\u03b1\u03b2\u03c0\u03c5\u03c1\u03b4\u03b9\u03c3\u03bc\u03ad\u03bd\u03b1 \u03b1\u03c1\u03ce\u03bc\u03b1\u03c4\u03b1.<\/p>\n<div class=\"page\" title=\"Page 19\">\n<div class=\"section\">\n<div class=\"layoutArea\">\n<div class=\"column\">\n<p>\u0391\u03c0\u03bf\u0301 \u03c4\u03bf\u00a01962,\u00a0\u03c4\u03bf\u00a0House of Hine\u00a0\u03b5\u0301\u03c7\u03b5\u03b9 \u03b2\u03c1\u03b1\u03b2\u03b5\u03c5\u03c4\u03b5\u03b9\u0301 \u03bc\u03b5 \u03b2\u03b1\u03c3\u03b9\u03bb\u03b9\u03ba\u03bf\u0301 \u03b5\u0301\u03bd\u03c4\u03b1\u03bb\u03bc\u03b1 \u03bc\u03b5 \u03c4\u03bf \u03b4\u03b9\u03bf\u03c1\u03b9\u03c3\u03bc\u03bf\u0301 \u03c9\u03c2 \u03c0\u03c1\u03bf\u03bc\u03b7\u03b8\u03b5\u03c5\u03c4\u03b7\u0301\u03c2 \u03c3\u03c4\u03b7\u03bd \u0391\u03c5\u03c4\u03bf\u03c5\u0301 \u039c\u03b5\u03b3\u03b1\u03bb\u03b5\u03b9\u03bf\u0301\u03c4\u03b7\u03c4\u03b1 \u03c4\u03b7\u03c2 \u0392\u03b1\u03c3\u03b9\u0301\u03bb\u03b9\u03c3\u03c3\u03b1\u03c2 \u0395\u03bb\u03b9\u03c3\u03b1\u0301\u03b2\u03b5\u03c4 \u0392\u00a0&#8216;.\u00a0\u0391\u03c0\u03bf\u0301 \u03c4\u03bf\u0301\u03c4\u03b5 \u03c0\u03b1\u03c1\u03b1\u03bc\u03b5\u0301\u03bd\u03b5\u03b9 \u03bf \u03bc\u03bf\u0301\u03bd\u03bf\u03c2 \u03b5\u03c0\u03b9\u0301\u03c3\u03b7\u03bc\u03bf\u03c2 \u03c0\u03c1\u03bf\u03bc\u03b7\u03b8\u03b5\u03c5\u03c4\u03b7\u0301\u03c2 \u03ba\u03bf\u03bd\u03b9\u03b1\u0301\u03ba \u03c3\u03c4\u03b7 \u03b2\u03c1\u03b5\u03c4\u03b1\u03bd\u03b9\u03ba\u03b7\u0301 \u03bc\u03bf\u03bd\u03b1\u03c1\u03c7\u03b9\u0301\u03b1.<\/p>\n<\/div>\n<\/div>\n<\/div>\n<\/div>","protected":false},"featured_media":19078,"template":"","meta":{"_acf_changed":false,"_kadence_starter_templates_imported_post":false,"_kad_post_transparent":"","_kad_post_title":"","_kad_post_layout":"","_kad_post_sidebar_id":"","_kad_post_content_style":"","_kad_post_vertical_padding":"","_kad_post_feature":"","_kad_post_feature_position":"","_kad_post_header":false,"_kad_post_footer":false},"product_cat":[505],"product_tag":[],"class_list":{"0":"post-19077","1":"product","2":"type-product","3":"status-publish","4":"has-post-thumbnail","6":"product_cat-koniak","7":"product_shipping_class-mi-kapnika","9":"first","10":"instock","11":"taxable","12":"shipping-taxable","13":"purchasable","14":"product-type-simple","15":"entry","16":"content-bg","17":"loop-entry"},"acf":[],"_links":{"self":[{"href":"https:\/\/nicoteam.gr\/tr\/wp-json\/wp\/v2\/product\/19077","targetHints":{"allow":["GET"]}}],"collection":[{"href":"https:\/\/nicoteam.gr\/tr\/wp-json\/wp\/v2\/product"}],"about":[{"href":"https:\/\/nicoteam.gr\/tr\/wp-json\/wp\/v2\/types\/product"}],"wp:featuredmedia":[{"embeddable":true,"href":"https:\/\/nicoteam.gr\/tr\/wp-json\/wp\/v2\/media\/19078"}],"wp:attachment":[{"href":"https:\/\/nicoteam.gr\/tr\/wp-json\/wp\/v2\/media?parent=19077"}],"wp:term":[{"taxonomy":"product_cat","embeddable":true,"href":"https:\/\/nicoteam.gr\/tr\/wp-json\/wp\/v2\/product_cat?post=19077"},{"taxonomy":"product_tag","embeddable":true,"href":"https:\/\/nicoteam.gr\/tr\/wp-json\/wp\/v2\/product_tag?post=19077"}],"curies":[{"name":"wp","href":"https:\/\/api.w.org\/{rel}","templated":true}]}}