{"id":18936,"date":"2023-03-16T14:14:53","date_gmt":"2023-03-16T12:14:53","guid":{"rendered":"https:\/\/nicoteam.gr\/?post_type=product&#038;p=18936"},"modified":"2023-08-28T10:30:06","modified_gmt":"2023-08-28T08:30:06","slug":"zippo-butane-lighter-insert-yellow-flame","status":"publish","type":"product","link":"https:\/\/nicoteam.gr\/tr\/product\/zippo-butane-lighter-insert-yellow-flame\/","title":{"rendered":"Zippo B\u00fctan \u00c7akmak Par\u00e7as\u0131 - Sar\u0131 Alev"},"content":{"rendered":"<ul>\n<li>\n<ul>\n<li>Orijinal Zippo Sar\u0131 Alev ek par\u00e7as\u0131. G\u00fcvenilir \u00e7akmakta\u015f\u0131 ate\u015fleme<\/li>\n<li>Bas\u0131n\u00e7 alt\u0131nda 1.400\u00b0F\/760\u00b0C&#039;ye kadar tek alev<\/li>\n<li>B\u00fctan yak\u0131t\u0131 ile doldurulabilir. Yak\u0131t kapasitesi 0,9 g<\/li>\n<li>T\u00fcm Klasik Zippo \u00e7akmak k\u0131l\u0131flar\u0131na uyar - 1935 Slim veya Replika kasalara uymaz<\/li>\n<li>B\u00fctan yak\u0131t\u0131 ile doldurulabilir. Yak\u0131t kapasitesi 0,9 g<\/li>\n<li>Insert, Zippo&#039;nun \u00fcnl\u00fc \u201ct\u0131klama\u201d sesini korur.<\/li>\n<li>Yak\u0131t: Zippo Premium B\u00fctan S\u0131v\u0131s\u0131 (ayr\u0131ca sat\u0131l\u0131r)<\/li>\n<\/ul>\n<p><strong>FAYDALAR<\/strong><\/p>\n<ul>\n<li>Daha fazla \u00e7ok y\u00f6nl\u00fcl\u00fck i\u00e7in kokusuz, y\u00f6nl\u00fc bir alev \u00fcretir<\/li>\n<li>Sa\u011flam, dayan\u0131kl\u0131 ve uzun s\u00fcre dayanacak \u015fekilde \u00fcretilmi\u015ftir. Uzun s\u00fcreli kullan\u0131m i\u00e7in tekrar kullan\u0131labilir<\/li>\n<li>1\u2033 \/ 2,5cm alev y\u00fcksekli\u011fini kullanarak dolum ba\u015f\u0131na 125,5 saniyeye kadar \u0131\u015f\u0131k sa\u011flar<\/li>\n<li>\u0130ki y\u0131ll\u0131k Zippo garantisiyle desteklenmektedir<\/li>\n<\/ul>\n<\/li>\n<\/ul>","protected":false},"excerpt":{"rendered":"<p>Zippo Sar\u0131 B\u00fctan Alev Par\u00e7as\u0131, herhangi bir klasik Zippo \u00e7akmak kutusu i\u00e7in m\u00fckemmel bir aksesuard\u0131r. Yeniden doldurulabilir b\u00fctan par\u00e7as\u0131 bi\u00e7im ve i\u015flev a\u00e7\u0131s\u0131ndan Zippo&#039;nun k\u00f6klerine sad\u0131k kal\u0131r ve daha fazla \u00e7ok y\u00f6nl\u00fcl\u00fck i\u00e7in kokusuz sar\u0131 bir alev \u00fcretir. Y\u0131llarca g\u00fcvenilir kullan\u0131m i\u00e7in s\u0131n\u0131f\u0131n\u0131n en iyisi garantimizle desteklenir. Optimum performans i\u00e7in Zippo b\u00fctan yak\u0131t\u0131 ile doldurun. Hediye kutusunda paketlenmi\u015f olarak gelir. \u00c7in yap\u0131m\u0131.<\/p>","protected":false},"featured_media":18937,"template":"","meta":{"_acf_changed":false,"_kadence_starter_templates_imported_post":false,"_kad_post_transparent":"","_kad_post_title":"","_kad_post_layout":"","_kad_post_sidebar_id":"","_kad_post_content_style":"","_kad_post_vertical_padding":"","_kad_post_feature":"","_kad_post_feature_position":"","_kad_post_header":false,"_kad_post_footer":false},"product_cat":[1034,952],"product_tag":[],"class_list":{"0":"post-18936","1":"product","2":"type-product","3":"status-publish","4":"has-post-thumbnail","6":"product_cat-zippo","7":"product_cat-analosima","8":"product_shipping_class-mi-kapnika","10":"first","11":"instock","12":"taxable","13":"shipping-taxable","14":"purchasable","15":"product-type-simple","16":"entry","17":"content-bg","18":"loop-entry"},"acf":[],"_links":{"self":[{"href":"https:\/\/nicoteam.gr\/tr\/wp-json\/wp\/v2\/product\/18936","targetHints":{"allow":["GET"]}}],"collection":[{"href":"https:\/\/nicoteam.gr\/tr\/wp-json\/wp\/v2\/product"}],"about":[{"href":"https:\/\/nicoteam.gr\/tr\/wp-json\/wp\/v2\/types\/product"}],"wp:featuredmedia":[{"embeddable":true,"href":"https:\/\/nicoteam.gr\/tr\/wp-json\/wp\/v2\/media\/18937"}],"wp:attachment":[{"href":"https:\/\/nicoteam.gr\/tr\/wp-json\/wp\/v2\/media?parent=18936"}],"wp:term":[{"taxonomy":"product_cat","embeddable":true,"href":"https:\/\/nicoteam.gr\/tr\/wp-json\/wp\/v2\/product_cat?post=18936"},{"taxonomy":"product_tag","embeddable":true,"href":"https:\/\/nicoteam.gr\/tr\/wp-json\/wp\/v2\/product_tag?post=18936"}],"curies":[{"name":"wp","href":"https:\/\/api.w.org\/{rel}","templated":true}]}}