{"id":18870,"date":"2023-03-01T11:27:00","date_gmt":"2023-03-01T09:27:00","guid":{"rendered":"https:\/\/nicoteam.gr\/?post_type=product&#038;p=18870"},"modified":"2026-04-14T09:51:26","modified_gmt":"2026-04-14T07:51:26","slug":"por-larranaga-picadores","status":"publish","type":"product","link":"https:\/\/nicoteam.gr\/tr\/product\/por-larranaga-picadores\/","title":{"rendered":"Por Larranaga Picadores No.1"},"content":{"rendered":"","protected":false},"excerpt":{"rendered":"<p>Ba\u015flang\u0131\u00e7 noktas\u0131 1834 olan k\u00fc\u00e7\u00fck ama g\u00fc\u00e7l\u00fc bir puro markas\u0131 Por Larranaga markas\u0131n\u0131 tavsiye ediyor. Orta ila g\u00fc\u00e7l\u00fc bir tada sahiptir. Sigara i\u00e7enlere hafif bir sigara i\u00e7me deneyimi sunar. Bunlar, Vuelta Abajo b\u00f6lgesinden gelen t\u00fct\u00fcnlerle m\u00fckemmel kalitede el yap\u0131m\u0131 purolard\u0131r.<\/p>\n<p>&nbsp;<\/p>\n<p>Picadores, orta derecede yo\u011fun bir tad\u0131, nispeten b\u00fcy\u00fck bir halka ve \u00f6zel aromalarla birle\u015ftirdi\u011fi i\u00e7in pek \u00e7ok merakl\u0131n\u0131n kesin tercihidir.<\/p>","protected":false},"featured_media":18871,"template":"","meta":{"_acf_changed":false,"_kadence_starter_templates_imported_post":false,"_kad_post_transparent":"default","_kad_post_title":"","_kad_post_layout":"default","_kad_post_sidebar_id":"","_kad_post_content_style":"default","_kad_post_vertical_padding":"default","_kad_post_feature":"","_kad_post_feature_position":"","_kad_post_header":false,"_kad_post_footer":false},"product_cat":[1267,598],"product_tag":[],"class_list":{"0":"post-18870","1":"product","2":"type-product","3":"status-publish","4":"has-post-thumbnail","6":"product_cat-por-larranaga","7":"product_cat-cuba-cigars","8":"product_shipping_class-kapnika","10":"first","11":"instock","12":"purchasable","13":"product-type-simple","14":"entry","15":"content-bg","16":"loop-entry"},"acf":[],"_links":{"self":[{"href":"https:\/\/nicoteam.gr\/tr\/wp-json\/wp\/v2\/product\/18870","targetHints":{"allow":["GET"]}}],"collection":[{"href":"https:\/\/nicoteam.gr\/tr\/wp-json\/wp\/v2\/product"}],"about":[{"href":"https:\/\/nicoteam.gr\/tr\/wp-json\/wp\/v2\/types\/product"}],"wp:featuredmedia":[{"embeddable":true,"href":"https:\/\/nicoteam.gr\/tr\/wp-json\/wp\/v2\/media\/18871"}],"wp:attachment":[{"href":"https:\/\/nicoteam.gr\/tr\/wp-json\/wp\/v2\/media?parent=18870"}],"wp:term":[{"taxonomy":"product_cat","embeddable":true,"href":"https:\/\/nicoteam.gr\/tr\/wp-json\/wp\/v2\/product_cat?post=18870"},{"taxonomy":"product_tag","embeddable":true,"href":"https:\/\/nicoteam.gr\/tr\/wp-json\/wp\/v2\/product_tag?post=18870"}],"curies":[{"name":"wp","href":"https:\/\/api.w.org\/{rel}","templated":true}]}}