{"id":18723,"date":"2023-01-31T13:41:45","date_gmt":"2023-01-31T11:41:45","guid":{"rendered":"https:\/\/nicoteam.gr\/?post_type=product&#038;p=18723"},"modified":"2024-06-06T09:28:57","modified_gmt":"2024-06-06T07:28:57","slug":"don-tomas-classico-robusto","status":"publish","type":"product","link":"https:\/\/nicoteam.gr\/tr\/product\/don-tomas-classico-robusto\/","title":{"rendered":"Don Tomas Classico Robusto"},"content":{"rendered":"<p>\u2022 Don Tomas serisi purolar en eski el yap\u0131m\u0131 markalardan biridir<br \/>\nHonduras&#039;ta (Danli, El Paraiso) bulunan purolar\u0131n ticari markas\u0131d\u0131r<br \/>\n\u0130skandinav T\u00fct\u00fcn Grubu (Genel Puro Fabrikas\u0131)<br \/>\n\u2022 Bir dizi oldu\u011fu i\u00e7in d\u00fcnya \u00e7ap\u0131nda b\u00fcy\u00fck be\u011feni kazanm\u0131\u015ft\u0131r.<br \/>\nY\u00fcksek \u00fcretim kalitesi ve enfes tad\u0131yla birinci s\u0131n\u0131f el yap\u0131m\u0131 purolar<br \/>\nson derece ekonomik bir fiyata.<br \/>\n\u2022 Don Tomas Classico purolar\u0131 Honduras&#039;tan gelen uyumlu t\u00fct\u00fcnleri birle\u015ftirir ve<br \/>\nKapsaml\u0131 olgunla\u015fma prosed\u00fcrlerinden ge\u00e7mi\u015f Nikaragua, m\u00fckemmel<br \/>\nyap\u0131s\u0131 rahat ve e\u015fit bir yanma sa\u011flar.<\/p>\n<p>Kar\u0131\u015f\u0131m<br \/>\n\u2022 Paketleyici: Habano Tohumu \u2013 Honduras<br \/>\n\u2022 Ba\u011flay\u0131c\u0131: Honduras<br \/>\n\u2022 Doldurucu: Nikaragua, Honduras<br \/>\nMen\u015fe \u00dclkesi: Honduras<\/p>","protected":false},"excerpt":{"rendered":"<p>Aromalar: Bu, karma\u015f\u0131k ve ho\u015f bir kar\u0131\u015f\u0131md\u0131r.<br \/>\ntatl\u0131 odunsu notalar ve olduk\u00e7a kremsi bir karakter.<\/p>","protected":false},"featured_media":18725,"template":"","meta":{"_acf_changed":false,"_kadence_starter_templates_imported_post":false,"_kad_post_transparent":"","_kad_post_title":"","_kad_post_layout":"","_kad_post_sidebar_id":"","_kad_post_content_style":"","_kad_post_vertical_padding":"","_kad_post_feature":"","_kad_post_feature_position":"","_kad_post_header":false,"_kad_post_footer":false},"product_cat":[1306,150],"product_tag":[],"class_list":{"0":"post-18723","1":"product","2":"type-product","3":"status-publish","4":"has-post-thumbnail","6":"product_cat-don-tomas","7":"product_cat-honduras-cigar","8":"product_shipping_class-kapnika","10":"first","11":"outofstock","12":"purchasable","13":"product-type-simple","14":"entry","15":"content-bg","16":"loop-entry"},"acf":[],"_links":{"self":[{"href":"https:\/\/nicoteam.gr\/tr\/wp-json\/wp\/v2\/product\/18723","targetHints":{"allow":["GET"]}}],"collection":[{"href":"https:\/\/nicoteam.gr\/tr\/wp-json\/wp\/v2\/product"}],"about":[{"href":"https:\/\/nicoteam.gr\/tr\/wp-json\/wp\/v2\/types\/product"}],"wp:featuredmedia":[{"embeddable":true,"href":"https:\/\/nicoteam.gr\/tr\/wp-json\/wp\/v2\/media\/18725"}],"wp:attachment":[{"href":"https:\/\/nicoteam.gr\/tr\/wp-json\/wp\/v2\/media?parent=18723"}],"wp:term":[{"taxonomy":"product_cat","embeddable":true,"href":"https:\/\/nicoteam.gr\/tr\/wp-json\/wp\/v2\/product_cat?post=18723"},{"taxonomy":"product_tag","embeddable":true,"href":"https:\/\/nicoteam.gr\/tr\/wp-json\/wp\/v2\/product_tag?post=18723"}],"curies":[{"name":"wp","href":"https:\/\/api.w.org\/{rel}","templated":true}]}}