{"id":18711,"date":"2023-01-26T18:48:57","date_gmt":"2023-01-26T16:48:57","guid":{"rendered":"https:\/\/nicoteam.gr\/?post_type=product&#038;p=18711"},"modified":"2025-03-17T10:48:23","modified_gmt":"2025-03-17T08:48:23","slug":"steam-train-derail-120ml","status":"publish","type":"product","link":"https:\/\/nicoteam.gr\/tr\/product\/steam-train-derail-120ml\/","title":{"rendered":"Steam Train Derail 120ml"},"content":{"rendered":"<ul>\n<li>Maksimum kapasiteli \u015fi\u015fe\u00a0<b>120ml<\/b>.<\/li>\n<li>Konsantre koku.<\/li>\n<li>\u00dcr\u00fcn\u00a0<b>kullan\u0131ma haz\u0131r de\u011fil<\/b>.<\/li>\n<li>\u015ei\u015fe, s\u0131v\u0131n\u0131n haz\u0131rlanmas\u0131 i\u00e7in gerekli bo\u015f alana sahiptir.<\/li>\n<\/ul>\n<p><strong>Yeniden doldurma s\u0131v\u0131s\u0131n\u0131n haz\u0131rlanmas\u0131:<\/strong><\/p>\n<p><strong>24ML (120ML)<\/strong><\/p>\n<p><strong>0mg nikotin i\u00e7in ihtiyac\u0131n\u0131z olan:<\/strong><\/p>\n<p>0 ml nikotin baz\u0131 ve 96 ml s\u0131f\u0131r<\/p>\n<p><strong>3mg nikotin i\u00e7in ihtiyac\u0131n\u0131z olan:<br \/>\n<\/strong><br \/>\n20 ml nikotin baz\u0131 ve 76 ml s\u0131f\u0131r<\/p>\n<p><strong>6mg nikotin i\u00e7in ihtiyac\u0131n\u0131z olan:<br \/>\n<\/strong><br \/>\n40 ml nikotin baz\u0131 ve 56 ml s\u0131f\u0131r<\/p>\n<p><strong>9 mg nikotin i\u00e7in ihtiyac\u0131n\u0131z olan:<br \/>\n<\/strong><br \/>\n60 ml nikotin baz\u0131 ve 36 ml s\u0131f\u0131r<\/p>\n<p><strong>12 mg nikotin i\u00e7in ihtiyac\u0131n\u0131z olan:<br \/>\n<\/strong><br \/>\n80 ml nikotin baz\u0131 ve 16 ml s\u0131f\u0131r<\/p>\n<p>* Yukar\u0131daki \u00f6rnekler temel al\u0131narak hesaplanm\u0131\u015ft\u0131r. <strong>Atmos Laboratuvar\u0131 Dengeli<\/strong><strong>\u00a018mg\/ml ile<\/strong>\u00a0nikotin<br \/>\n** Daha iyi homojenizasyon i\u00e7in iyice \u00e7alkalay\u0131n ve haz\u0131r! Nihai s\u0131v\u0131 miktar\u0131 120ml<br \/>\n*** En iyi sonu\u00e7 i\u00e7in 1 \u2013 3 g\u00fcn g\u00f6lgeli bir yerde saklay\u0131n<br \/>\n****\u00d6nerilen oran 30PG \/ 70VG.<\/p>\n<p><strong>Paket \u015funlar\u0131 i\u00e7erir:<\/strong><\/p>\n<ul>\n<li>1 x Tombul Goril \u015ei\u015fesi 120ml \u2013 24ml parf\u00fcm<\/li>\n<\/ul>\n<p><strong>Bile\u015fenler:<\/strong><\/p>\n<ul>\n<li>Kokular \u2013 Propilen Glikol<\/li>\n<\/ul>","protected":false},"excerpt":{"rendered":"<div id=\"product-description-short-2653\" class=\"tvproduct-page-decs\">\n<div id=\"product-description-short-2632\" class=\"tvproduct-page-decs\">\n<div id=\"product-description-short-2631\" class=\"tvproduct-page-decs\">\n<div id=\"product-description-short-2630\" class=\"tvproduct-page-decs\">\n<div id=\"product-description-short-2406\" class=\"tvproduct-page-decs\">\n<div id=\"product-description-short-2402\" class=\"tvproduct-page-decs\">\n<div id=\"product-description-short-2395\" class=\"tvproduct-page-decs\">\n<div id=\"product-description-short-1582\" class=\"tvproduct-page-decs\">\n<div id=\"product-description-short-1581\" class=\"tvproduct-page-decs\">\n<p>\u0130le\u00a0<strong>Derail<\/strong>, \u03c4\u03bf \u03c4\u03c1\u03ad\u03bd\u03bf \u03b5\u03ba\u03c4\u03c1\u03bf\u03c7\u03b9\u03ac\u03b6\u03b5\u03c4\u03b1\u03b9 \u03c3\u03b5 \u03b1\u03c5\u03c4\u03cc \u03c4\u03bf \u03c6\u03c1\u03bf\u03c5\u03c4\u03ce\u03b4\u03b5\u03c2 \u03c0\u03b1\u03b3\u03c9\u03bc\u03ad\u03bd\u03bf \u03bc\u03b5\u03af\u03b3\u03bc\u03b1 \u03b1\u03c0\u03cc\u00a0<strong>\u03b6\u03bf\u03c5\u03bc\u03b5\u03c1\u03ac \u03c4\u03c1\u03b1\u03b3\u03b1\u03bd\u03ac \u03bc\u03ae\u03bb\u03b1<\/strong>,\u00a0<strong>\u03b3\u03bb\u03c5\u03ba\u03cc \u03c1\u03bf\u03b4\u03ac\u03ba\u03b9\u03bd\u03bf<\/strong>\u00a0Ve\u00a0<strong>\u03ce\u03c1\u03b9\u03bc\u03b5\u03c2 \u03c6\u03c1\u03ac\u03bf\u03c5\u03bb\u03b5\u03c2<\/strong>\u00a0\u03ba\u03b1\u03b9 \u03b4\u03b7\u03bc\u03b9\u03bf\u03c5\u03c1\u03b3\u03b5\u03af \u03bc\u03b9\u03b1 \u03b5\u03be\u03b1\u03b9\u03c1\u03b5\u03c4\u03b9\u03ba\u03ae \u03b3\u03b5\u03cd\u03c3\u03b7 \u03c3\u03c4\u03b7\u03bd \u03bf\u03c0\u03bf\u03af\u03b1 \u03ba\u03b1\u03bd\u03b5\u03af\u03c2 \u03b4\u03b5\u03bd \u03bc\u03c0\u03bf\u03c1\u03b5\u03af \u03bd\u03b1 \u03b1\u03bd\u03c4\u03b9\u03c3\u03c4\u03b1\u03b8\u03b5\u03af!<\/p>\n<\/div>\n<\/div>\n<\/div>\n<\/div>\n<\/div>\n<\/div>\n<\/div>\n<\/div>\n<\/div>","protected":false},"featured_media":18715,"template":"","meta":{"_acf_changed":false,"_kadence_starter_templates_imported_post":false,"_kad_post_transparent":"","_kad_post_title":"","_kad_post_layout":"","_kad_post_sidebar_id":"","_kad_post_content_style":"","_kad_post_vertical_padding":"","_kad_post_feature":"","_kad_post_feature_position":"","_kad_post_header":false,"_kad_post_footer":false},"product_cat":[1158],"product_tag":[],"class_list":{"0":"post-18711","1":"product","2":"type-product","3":"status-publish","4":"has-post-thumbnail","6":"product_cat-flavor-shots","7":"product_shipping_class-mi-kapnika","9":"first","10":"outofstock","11":"sale","12":"taxable","13":"shipping-taxable","14":"purchasable","15":"product-type-simple","16":"entry","17":"content-bg","18":"loop-entry"},"acf":[],"_links":{"self":[{"href":"https:\/\/nicoteam.gr\/tr\/wp-json\/wp\/v2\/product\/18711","targetHints":{"allow":["GET"]}}],"collection":[{"href":"https:\/\/nicoteam.gr\/tr\/wp-json\/wp\/v2\/product"}],"about":[{"href":"https:\/\/nicoteam.gr\/tr\/wp-json\/wp\/v2\/types\/product"}],"wp:featuredmedia":[{"embeddable":true,"href":"https:\/\/nicoteam.gr\/tr\/wp-json\/wp\/v2\/media\/18715"}],"wp:attachment":[{"href":"https:\/\/nicoteam.gr\/tr\/wp-json\/wp\/v2\/media?parent=18711"}],"wp:term":[{"taxonomy":"product_cat","embeddable":true,"href":"https:\/\/nicoteam.gr\/tr\/wp-json\/wp\/v2\/product_cat?post=18711"},{"taxonomy":"product_tag","embeddable":true,"href":"https:\/\/nicoteam.gr\/tr\/wp-json\/wp\/v2\/product_tag?post=18711"}],"curies":[{"name":"wp","href":"https:\/\/api.w.org\/{rel}","templated":true}]}}