{"id":18655,"date":"2023-01-13T13:26:47","date_gmt":"2023-01-13T11:26:47","guid":{"rendered":"https:\/\/nicoteam.gr\/?post_type=product&#038;p=18655"},"modified":"2025-12-30T11:26:39","modified_gmt":"2025-12-30T09:26:39","slug":"plasencia-cosecha-146-monte-carlo-gordo","status":"publish","type":"product","link":"https:\/\/nicoteam.gr\/tr\/product\/plasencia-cosecha-146-monte-carlo-gordo\/","title":{"rendered":"Plasencia Cosecha 146 Monte Carlo Gordo"},"content":{"rendered":"","protected":false},"excerpt":{"rendered":"<p>Enclave Figurado, son derece \u00e7e\u015fitli ve zengin bir sigara i\u00e7me deneyimi sunan bir puro gibi g\u00f6r\u00fcn\u00fcyor. Ekvador&#039;dan Habano Rosado sarmalay\u0131c\u0131, Kamerun&#039;dan ba\u011flay\u0131c\u0131 ve Nikaragua&#039;dan AJF Piloto Cubano ve AJF Select t\u00fct\u00fcnlerinin birle\u015fimi heyecan verici derecede zengin bir yolculuk vaat ediyor.<\/p>\n<p>Baharat, biber, sedir, tar\u00e7\u0131n gibi tat notlar\u0131n\u0131n a\u00e7\u0131klamas\u0131 ve kremal\u0131 notalar\u0131n g\u00f6r\u00fcn\u00fcm\u00fc, puronun t\u00fct\u00fcn sanat\u0131 severleri tatmin edecek karma\u015f\u0131k bir tada sahip oldu\u011funu g\u00f6steriyor. T\u00fct\u00fcn\u00fcn yap\u0131s\u0131 d\u00fczg\u00fcn bir \u015fekilde sunuluyor ve a\u011f\u0131zda kalan tat heyecanla anlat\u0131l\u0131yor.<\/p>\n<p>Orta ila tam g\u00f6vdeli ve karma\u015f\u0131k tada sahip bir puro arayanlar i\u00e7in Enclave Figurado m\u00fckemmel bir se\u00e7im gibi g\u00f6r\u00fcn\u00fcyor.<\/p>","protected":false},"featured_media":18656,"template":"","meta":{"_acf_changed":false,"_kadence_starter_templates_imported_post":false,"_kad_post_transparent":"","_kad_post_title":"","_kad_post_layout":"","_kad_post_sidebar_id":"","_kad_post_content_style":"","_kad_post_vertical_padding":"","_kad_post_feature":"","_kad_post_feature_position":"","_kad_post_header":false,"_kad_post_footer":false},"product_cat":[1285,595],"product_tag":[],"class_list":{"0":"post-18655","1":"product","2":"type-product","3":"status-publish","4":"has-post-thumbnail","6":"product_cat-plasencia","7":"product_cat-nicaragua-cigar","8":"product_shipping_class-kapnika","10":"first","11":"instock","12":"purchasable","13":"product-type-simple","14":"entry","15":"content-bg","16":"loop-entry"},"acf":[],"_links":{"self":[{"href":"https:\/\/nicoteam.gr\/tr\/wp-json\/wp\/v2\/product\/18655","targetHints":{"allow":["GET"]}}],"collection":[{"href":"https:\/\/nicoteam.gr\/tr\/wp-json\/wp\/v2\/product"}],"about":[{"href":"https:\/\/nicoteam.gr\/tr\/wp-json\/wp\/v2\/types\/product"}],"wp:featuredmedia":[{"embeddable":true,"href":"https:\/\/nicoteam.gr\/tr\/wp-json\/wp\/v2\/media\/18656"}],"wp:attachment":[{"href":"https:\/\/nicoteam.gr\/tr\/wp-json\/wp\/v2\/media?parent=18655"}],"wp:term":[{"taxonomy":"product_cat","embeddable":true,"href":"https:\/\/nicoteam.gr\/tr\/wp-json\/wp\/v2\/product_cat?post=18655"},{"taxonomy":"product_tag","embeddable":true,"href":"https:\/\/nicoteam.gr\/tr\/wp-json\/wp\/v2\/product_tag?post=18655"}],"curies":[{"name":"wp","href":"https:\/\/api.w.org\/{rel}","templated":true}]}}