{"id":18461,"date":"2022-12-20T19:30:34","date_gmt":"2022-12-20T17:30:34","guid":{"rendered":"https:\/\/nicoteam.gr\/?post_type=product&#038;p=18461"},"modified":"2025-07-14T12:31:39","modified_gmt":"2025-07-14T10:31:39","slug":"nobacco-irus-colors","status":"publish","type":"product","link":"https:\/\/nicoteam.gr\/tr\/product\/nobacco-irus-colors\/","title":{"rendered":"Nobacco iris \u2013 Renkler"},"content":{"rendered":"<p>Nobacco irus, performanstan \u00f6d\u00fcn vermeden sadelik, g\u00f6ze \u00e7arpmayan boyutlar ve farkl\u0131 bir tarz isteyenler i\u00e7in ideal olan, otomatik pod tipi elektronik sigaralardaki bir sonraki konsepttir.<\/p>\n<p>700 mAh dahili pil, 2,5 ml s\u0131v\u0131 kapasitesi ve en \u00fcst d\u00fczey lezzet performans\u0131yla art\u0131r\u0131lm\u0131\u015f \u00f6zerklik ve iki hava giri\u015fi se\u00e7ene\u011fi.<\/p>","protected":false},"excerpt":{"rendered":"<ul>\n<li>K\u00fc\u00e7\u00fck boyut ve a\u011f\u0131rl\u0131k<\/li>\n<li>Solunum yoluyla aktivasyon<\/li>\n<li>Kolay s\u0131v\u0131 dolumu<\/li>\n<li>\u0130ki hava giri\u015fi ayar\u0131<\/li>\n<li>Manyetik b\u00f6lme ba\u011flant\u0131s\u0131<\/li>\n<li>Dahili 700 mAh pil<\/li>\n<\/ul>","protected":false},"featured_media":18468,"template":"","meta":{"_acf_changed":false,"_kadence_starter_templates_imported_post":false,"_kad_post_transparent":"default","_kad_post_title":"","_kad_post_layout":"default","_kad_post_sidebar_id":"","_kad_post_content_style":"default","_kad_post_vertical_padding":"default","_kad_post_feature":"","_kad_post_feature_position":"","_kad_post_header":false,"_kad_post_footer":false},"product_cat":[133,406,404,512],"product_tag":[],"class_list":{"0":"post-18461","1":"product","2":"type-product","3":"status-publish","4":"has-post-thumbnail","6":"product_cat-nobacco","7":"product_cat-disposable-kit","8":"product_cat-refill-pods","9":"product_cat-ensomatomeni-mpataria-kits","10":"product_shipping_class-mi-kapnika","12":"first","13":"outofstock","14":"taxable","15":"shipping-taxable","16":"purchasable","17":"product-type-variable","18":"entry","19":"content-bg","20":"loop-entry"},"acf":[],"_links":{"self":[{"href":"https:\/\/nicoteam.gr\/tr\/wp-json\/wp\/v2\/product\/18461","targetHints":{"allow":["GET"]}}],"collection":[{"href":"https:\/\/nicoteam.gr\/tr\/wp-json\/wp\/v2\/product"}],"about":[{"href":"https:\/\/nicoteam.gr\/tr\/wp-json\/wp\/v2\/types\/product"}],"wp:featuredmedia":[{"embeddable":true,"href":"https:\/\/nicoteam.gr\/tr\/wp-json\/wp\/v2\/media\/18468"}],"wp:attachment":[{"href":"https:\/\/nicoteam.gr\/tr\/wp-json\/wp\/v2\/media?parent=18461"}],"wp:term":[{"taxonomy":"product_cat","embeddable":true,"href":"https:\/\/nicoteam.gr\/tr\/wp-json\/wp\/v2\/product_cat?post=18461"},{"taxonomy":"product_tag","embeddable":true,"href":"https:\/\/nicoteam.gr\/tr\/wp-json\/wp\/v2\/product_tag?post=18461"}],"curies":[{"name":"wp","href":"https:\/\/api.w.org\/{rel}","templated":true}]}}