{"id":18392,"date":"2022-12-07T09:47:56","date_gmt":"2022-12-07T07:47:56","guid":{"rendered":"https:\/\/nicoteam.gr\/?post_type=product&#038;p=18392"},"modified":"2026-01-05T14:17:56","modified_gmt":"2026-01-05T12:17:56","slug":"hoyo-de-monterrey-epicure-no-1","status":"publish","type":"product","link":"https:\/\/nicoteam.gr\/tr\/product\/hoyo-de-monterrey-epicure-no-1\/","title":{"rendered":"Hoyo de Monterrey Epik\u00fcr No 1"},"content":{"rendered":"","protected":false},"excerpt":{"rendered":"<p><strong>Hoyo de Monterrey Epik\u00fcr No 1<\/strong><\/p>\n<p>\u00c7izgi <strong>Epik\u00fcr<\/strong> o <strong>Hoyo de Monterrey<\/strong> Detaylara g\u00f6sterilen \u00f6zen ve orta ila b\u00fcy\u00fck halkalar ve uzunluklarla karakterize edilen \u00e7e\u015fitli boyutlarla birle\u015fen zengin tad\u0131yla, d\u00fcnya \u00e7ap\u0131nda merakl\u0131lar\u0131n tercihlerinde ilk s\u0131ralardan birini kazanan bir deneyim sunuyor.<\/p>\n<p>Puro <strong>Hoyo de Monterrey Epik\u00fcr No.1<\/strong> d\u00fcnyas\u0131nda pop\u00fcler bir se\u00e7imdir <strong>K\u00fcba purolar\u0131<\/strong>. 143 mm uzunlu\u011fu ve 46 halkas\u0131yla merakl\u0131lar\u0131n neden s\u00fcrekli olarak onu tercih etti\u011fini anlamak kolayd\u0131r. Bunlar\u0131n d\u0131\u015f\u0131nda hafif dumanl\u0131 olmas\u0131na ra\u011fmen zengin bir lezzet sunuyor. Ayn\u0131 zamanda biri markan\u0131n isminin, di\u011feri serinin yaz\u0131l\u0131 oldu\u011fu iki y\u00fcz\u00fc\u011f\u00fc bulunmaktad\u0131r.<\/p>\n<p><em>Puro \u00f6zellikleri <strong>Hoyo de Monterrey Epik\u00fcr No 1<\/strong><\/em><\/p>\n<ul>\n<li><em>Uzunluk:\u00a0<strong>14,3 cm<\/strong><\/em><\/li>\n<li><em>Y\u00fcz\u00fck:\u00a0<strong>46<\/strong><\/em><\/li>\n<li><em>Men\u015fei:\u00a0<strong>K\u00fcba<\/strong><\/em><\/li>\n<li><em>Geleneksel el yap\u0131m\u0131\u00a0<strong>K\u00fcba purosu\u00a0<\/strong><\/em><\/li>\n<li><em>T\u00fct\u00fcn yeti\u015ftirme alan\u0131:\u00a0<strong>Vuelta Abajo<\/strong><\/em><\/li>\n<li><em>Yo\u011funluk:\u00a0\u00a0<strong>Hafif<\/strong><\/em><\/li>\n<\/ul>","protected":false},"featured_media":18393,"template":"","meta":{"_acf_changed":false,"_kadence_starter_templates_imported_post":false,"_kad_post_transparent":"default","_kad_post_title":"","_kad_post_layout":"default","_kad_post_sidebar_id":"","_kad_post_content_style":"default","_kad_post_vertical_padding":"default","_kad_post_feature":"","_kad_post_feature_position":"","_kad_post_header":false,"_kad_post_footer":false},"product_cat":[1262,598],"product_tag":[],"class_list":{"0":"post-18392","1":"product","2":"type-product","3":"status-publish","4":"has-post-thumbnail","6":"product_cat-hoyo-de-monterrey","7":"product_cat-cuba-cigars","8":"product_shipping_class-kapnika","10":"first","11":"instock","12":"purchasable","13":"product-type-simple","14":"entry","15":"content-bg","16":"loop-entry"},"acf":[],"_links":{"self":[{"href":"https:\/\/nicoteam.gr\/tr\/wp-json\/wp\/v2\/product\/18392","targetHints":{"allow":["GET"]}}],"collection":[{"href":"https:\/\/nicoteam.gr\/tr\/wp-json\/wp\/v2\/product"}],"about":[{"href":"https:\/\/nicoteam.gr\/tr\/wp-json\/wp\/v2\/types\/product"}],"wp:featuredmedia":[{"embeddable":true,"href":"https:\/\/nicoteam.gr\/tr\/wp-json\/wp\/v2\/media\/18393"}],"wp:attachment":[{"href":"https:\/\/nicoteam.gr\/tr\/wp-json\/wp\/v2\/media?parent=18392"}],"wp:term":[{"taxonomy":"product_cat","embeddable":true,"href":"https:\/\/nicoteam.gr\/tr\/wp-json\/wp\/v2\/product_cat?post=18392"},{"taxonomy":"product_tag","embeddable":true,"href":"https:\/\/nicoteam.gr\/tr\/wp-json\/wp\/v2\/product_tag?post=18392"}],"curies":[{"name":"wp","href":"https:\/\/api.w.org\/{rel}","templated":true}]}}