{"id":18379,"date":"2022-12-05T20:29:32","date_gmt":"2022-12-05T18:29:32","guid":{"rendered":"https:\/\/nicoteam.gr\/?post_type=product&#038;p=18379"},"modified":"2023-08-28T10:18:48","modified_gmt":"2023-08-28T08:18:48","slug":"xtar-charger-fc2-c","status":"publish","type":"product","link":"https:\/\/nicoteam.gr\/tr\/product\/xtar-charger-fc2-c\/","title":{"rendered":"XTAR \u015earj Cihaz\u0131 FC2-C"},"content":{"rendered":"","protected":false},"excerpt":{"rendered":"<ul>\n<li>Li-ion, NiMH ve NiCD piller i\u00e7in geni\u015f uyumluluk<\/li>\n<li>Korumal\u0131 21700 piller i\u00e7in mevcuttur<\/li>\n<li>2A \/ 1A \/ 0,5A \u015farj ak\u0131m\u0131 manuel olarak se\u00e7ilebilir<\/li>\n<li>USB-C ba\u011flant\u0131 noktas\u0131, her yerde \u015farj edin<\/li>\n<li>Ba\u011f\u0131ms\u0131z olarak \u015farj olan iki konum<\/li>\n<li>A\u015f\u0131r\u0131 \u015farja, a\u015f\u0131r\u0131 \u015farja, k\u0131sa devreye vb. kar\u015f\u0131 \u00e7oklu koruma.<\/li>\n<\/ul>","protected":false},"featured_media":18382,"template":"","meta":{"_acf_changed":false,"_kadence_starter_templates_imported_post":false,"_kad_post_transparent":"","_kad_post_title":"","_kad_post_layout":"","_kad_post_sidebar_id":"","_kad_post_content_style":"","_kad_post_vertical_padding":"","_kad_post_feature":"","_kad_post_feature_position":"","_kad_post_header":false,"_kad_post_footer":false},"product_cat":[425],"product_tag":[],"class_list":{"0":"post-18379","1":"product","2":"type-product","3":"status-publish","4":"has-post-thumbnail","6":"product_cat-chargers","7":"product_shipping_class-mi-kapnika","9":"first","10":"instock","11":"taxable","12":"shipping-taxable","13":"purchasable","14":"product-type-simple","15":"entry","16":"content-bg","17":"loop-entry"},"acf":[],"_links":{"self":[{"href":"https:\/\/nicoteam.gr\/tr\/wp-json\/wp\/v2\/product\/18379","targetHints":{"allow":["GET"]}}],"collection":[{"href":"https:\/\/nicoteam.gr\/tr\/wp-json\/wp\/v2\/product"}],"about":[{"href":"https:\/\/nicoteam.gr\/tr\/wp-json\/wp\/v2\/types\/product"}],"wp:featuredmedia":[{"embeddable":true,"href":"https:\/\/nicoteam.gr\/tr\/wp-json\/wp\/v2\/media\/18382"}],"wp:attachment":[{"href":"https:\/\/nicoteam.gr\/tr\/wp-json\/wp\/v2\/media?parent=18379"}],"wp:term":[{"taxonomy":"product_cat","embeddable":true,"href":"https:\/\/nicoteam.gr\/tr\/wp-json\/wp\/v2\/product_cat?post=18379"},{"taxonomy":"product_tag","embeddable":true,"href":"https:\/\/nicoteam.gr\/tr\/wp-json\/wp\/v2\/product_tag?post=18379"}],"curies":[{"name":"wp","href":"https:\/\/api.w.org\/{rel}","templated":true}]}}