{"id":18331,"date":"2022-11-25T10:26:37","date_gmt":"2022-11-25T08:26:37","guid":{"rendered":"https:\/\/nicoteam.gr\/?post_type=product&#038;p=18331"},"modified":"2024-02-22T13:14:04","modified_gmt":"2024-02-22T11:14:04","slug":"lamborghini-le-mans-cigar-cutter-grey-green","status":"publish","type":"product","link":"https:\/\/nicoteam.gr\/tr\/product\/lamborghini-le-mans-cigar-cutter-grey-green\/","title":{"rendered":"Lamborghini Le Mans Puro Kesici, Gri \/ Ye\u015fil"},"content":{"rendered":"","protected":false},"excerpt":{"rendered":"<p>Lamborghini Le Mans \u00c7ift b\u0131\u00e7akl\u0131 paslanmaz \u00e7elik giyotin k\u00fct\u00fck kesici.<\/p>\n<p>Zil sesi: 60&#039;a kadar<\/p>\n<p>G\u00fcm\u00fc\u015f renk<\/p>","protected":false},"featured_media":18332,"template":"","meta":{"_acf_changed":false,"_kadence_starter_templates_imported_post":false,"_kad_post_transparent":"","_kad_post_title":"","_kad_post_layout":"","_kad_post_sidebar_id":"","_kad_post_content_style":"","_kad_post_vertical_padding":"","_kad_post_feature":"","_kad_post_feature_position":"","_kad_post_header":false,"_kad_post_footer":false},"product_cat":[1342,541],"product_tag":[],"class_list":{"0":"post-18331","1":"product","2":"type-product","3":"status-publish","4":"has-post-thumbnail","6":"product_cat-lamborghini-pouri-koftes","7":"product_cat-pouri-koftes","8":"product_shipping_class-mi-kapnika","10":"first","11":"instock","12":"taxable","13":"shipping-taxable","14":"purchasable","15":"product-type-simple","16":"entry","17":"content-bg","18":"loop-entry"},"acf":[],"_links":{"self":[{"href":"https:\/\/nicoteam.gr\/tr\/wp-json\/wp\/v2\/product\/18331","targetHints":{"allow":["GET"]}}],"collection":[{"href":"https:\/\/nicoteam.gr\/tr\/wp-json\/wp\/v2\/product"}],"about":[{"href":"https:\/\/nicoteam.gr\/tr\/wp-json\/wp\/v2\/types\/product"}],"wp:featuredmedia":[{"embeddable":true,"href":"https:\/\/nicoteam.gr\/tr\/wp-json\/wp\/v2\/media\/18332"}],"wp:attachment":[{"href":"https:\/\/nicoteam.gr\/tr\/wp-json\/wp\/v2\/media?parent=18331"}],"wp:term":[{"taxonomy":"product_cat","embeddable":true,"href":"https:\/\/nicoteam.gr\/tr\/wp-json\/wp\/v2\/product_cat?post=18331"},{"taxonomy":"product_tag","embeddable":true,"href":"https:\/\/nicoteam.gr\/tr\/wp-json\/wp\/v2\/product_tag?post=18331"}],"curies":[{"name":"wp","href":"https:\/\/api.w.org\/{rel}","templated":true}]}}