{"id":18078,"date":"2022-11-03T12:00:52","date_gmt":"2022-11-03T10:00:52","guid":{"rendered":"https:\/\/nicoteam.gr\/?post_type=product&#038;p=18078"},"modified":"2023-08-28T10:30:15","modified_gmt":"2023-08-28T08:30:15","slug":"zippo-snake-skin-design","status":"publish","type":"product","link":"https:\/\/nicoteam.gr\/tr\/product\/zippo-snake-skin-design\/","title":{"rendered":"Zippo Y\u0131lan Derisi Tasar\u0131m\u0131"},"content":{"rendered":"<ul>\n<li>\u00d6zel &quot;t\u0131klama&quot; \u00f6zelli\u011fine sahip orijinal Zippo r\u00fczgar ge\u00e7irmez \u00e7akmak<\/li>\n<li>Metalik yap\u0131. R\u00fczgar ge\u00e7irmez tasar\u0131m hemen hemen her yerde \u00e7al\u0131\u015f\u0131r<\/li>\n<li>Optimum performans i\u00e7in orijinal Zippo \u00e7akmak s\u0131v\u0131s\u0131n\u0131, ta\u015flar\u0131n\u0131 ve fitillerini \u00f6neriyoruz.<\/li>\n<li>Hediye kutusunda mevcuttur.<\/li>\n<li>Abd&#039;de \u00fcretilmi\u015ftir \u00d6m\u00fcr boyu \u201c\u00e7al\u0131\u015f\u0131r veya biz \u00fccretsiz d\u00fczeltiriz\u2122\u201d garantisi<\/li>\n<li>S\u0131v\u0131: Y\u00fcksek kaliteli Zippo \u00e7akmak s\u0131v\u0131s\u0131 (ayr\u0131ca sat\u0131l\u0131r)<\/li>\n<\/ul>\n<p><strong>\u03a7\u03b1\u03c1\u03b1\u03ba\u03c4\u03b7\u03c1\u03b9\u03c3\u03c4\u03b9\u03ba\u03ac \u03b1\u03bd\u03b1\u03c0\u03c4\u03ae\u03c1\u03b1:<\/strong><\/p>\n<p><strong>\u00a0 \u00a0 \u00a0\u038e\u03c8\u03bf\u03c2:<\/strong>\u00a05,7cm<br \/>\n<strong>\u00a0 \u00a0 \u00a0\u03a0\u03bb\u03ac\u03c4\u03bf\u03c2:<\/strong>\u00a03,8cm<br \/>\n<strong>\u00a0 \u00a0 \u00a0\u0392\u03ac\u03b8\u03bf\u03c2:<\/strong>\u00a01,27cm<br \/>\n<strong>\u00a0 \u00a0 \u00a0A\u011f\u0131rl\u0131k:<\/strong>\u00a057,7gr<\/p>","protected":false},"excerpt":{"rendered":"<div class=\"col-12 padding\">\n<div class=\"product-description styled-content\" data-read-more=\"product-description\">\n<div class=\"col-12 padding\">\n<div class=\"product-description styled-content\" data-read-more=\"product-description\">\n<p>Black Ice\u00ae kaplamal\u0131 bu \u00e7akma\u011f\u0131n y\u00fczeyinde g\u00f6rkemli, k\u00fckreyen bir aslan tasvir edilmi\u015ftir. Kullan\u0131lan foto\u011fraf g\u00f6r\u00fcnt\u00fcleme tekni\u011fi keskin \u00e7\u00f6z\u00fcn\u00fcrl\u00fck sa\u011flayarak bu canl\u0131 g\u00f6r\u00fcnt\u00fcy\u00fc olu\u015fturur.<\/p>\n<\/div>\n<\/div>\n<\/div>\n<\/div>","protected":false},"featured_media":18080,"template":"","meta":{"_acf_changed":false,"_kadence_starter_templates_imported_post":false,"_kad_post_transparent":"","_kad_post_title":"","_kad_post_layout":"","_kad_post_sidebar_id":"","_kad_post_content_style":"","_kad_post_vertical_padding":"","_kad_post_feature":"","_kad_post_feature_position":"","_kad_post_header":false,"_kad_post_footer":false},"product_cat":[1034],"product_tag":[],"class_list":{"0":"post-18078","1":"product","2":"type-product","3":"status-publish","4":"has-post-thumbnail","6":"product_cat-zippo","7":"product_shipping_class-mi-kapnika","9":"first","10":"instock","11":"taxable","12":"shipping-taxable","13":"purchasable","14":"product-type-simple","15":"entry","16":"content-bg","17":"loop-entry"},"acf":[],"_links":{"self":[{"href":"https:\/\/nicoteam.gr\/tr\/wp-json\/wp\/v2\/product\/18078","targetHints":{"allow":["GET"]}}],"collection":[{"href":"https:\/\/nicoteam.gr\/tr\/wp-json\/wp\/v2\/product"}],"about":[{"href":"https:\/\/nicoteam.gr\/tr\/wp-json\/wp\/v2\/types\/product"}],"wp:featuredmedia":[{"embeddable":true,"href":"https:\/\/nicoteam.gr\/tr\/wp-json\/wp\/v2\/media\/18080"}],"wp:attachment":[{"href":"https:\/\/nicoteam.gr\/tr\/wp-json\/wp\/v2\/media?parent=18078"}],"wp:term":[{"taxonomy":"product_cat","embeddable":true,"href":"https:\/\/nicoteam.gr\/tr\/wp-json\/wp\/v2\/product_cat?post=18078"},{"taxonomy":"product_tag","embeddable":true,"href":"https:\/\/nicoteam.gr\/tr\/wp-json\/wp\/v2\/product_tag?post=18078"}],"curies":[{"name":"wp","href":"https:\/\/api.w.org\/{rel}","templated":true}]}}