{"id":18050,"date":"2022-10-27T13:05:12","date_gmt":"2022-10-27T11:05:12","guid":{"rendered":"https:\/\/nicoteam.gr\/?post_type=product&#038;p=18050"},"modified":"2024-05-01T11:54:09","modified_gmt":"2024-05-01T09:54:09","slug":"drew-estate-undercrown-maduro-flying-pig","status":"publish","type":"product","link":"https:\/\/nicoteam.gr\/tr\/product\/drew-estate-undercrown-maduro-flying-pig\/","title":{"rendered":"Drew Estate UnderCrown Maduro Flying Pig (Box of 12s)"},"content":{"rendered":"","protected":false},"excerpt":{"rendered":"<p>UnderCrown Maduro serisi, herkesin denemeyi hak etti\u011fi benzersiz, y\u00fcksek kaliteli bir sigara i\u00e7me deneyimi vaat ediyor. Az bilinen fabrikalarda sar\u0131lan serinin purolar\u0131, yapt\u0131klar\u0131 purolarla hayat\u0131m\u0131za keyif katan isimsiz kahramanlar\u0131, sarmalay\u0131c\u0131lar\u0131 onurland\u0131r\u0131yor. P\u00fcr\u00fczs\u00fcz ve kremsi tad\u0131 serinin purolar\u0131n\u0131 \u00f6ne \u00e7\u0131kar\u0131yor.<\/p>","protected":false},"featured_media":18051,"template":"","meta":{"_acf_changed":false,"_kadence_starter_templates_imported_post":false,"_kad_post_transparent":"","_kad_post_title":"","_kad_post_layout":"","_kad_post_sidebar_id":"","_kad_post_content_style":"","_kad_post_vertical_padding":"","_kad_post_feature":"","_kad_post_feature_position":"","_kad_post_header":false,"_kad_post_footer":false},"product_cat":[1290,595],"product_tag":[],"class_list":{"0":"post-18050","1":"product","2":"type-product","3":"status-publish","4":"has-post-thumbnail","6":"product_cat-drew-estate","7":"product_cat-nicaragua-cigar","8":"product_shipping_class-kapnika","10":"first","11":"instock","12":"purchasable","13":"product-type-simple","14":"entry","15":"content-bg","16":"loop-entry"},"acf":[],"_links":{"self":[{"href":"https:\/\/nicoteam.gr\/tr\/wp-json\/wp\/v2\/product\/18050","targetHints":{"allow":["GET"]}}],"collection":[{"href":"https:\/\/nicoteam.gr\/tr\/wp-json\/wp\/v2\/product"}],"about":[{"href":"https:\/\/nicoteam.gr\/tr\/wp-json\/wp\/v2\/types\/product"}],"wp:featuredmedia":[{"embeddable":true,"href":"https:\/\/nicoteam.gr\/tr\/wp-json\/wp\/v2\/media\/18051"}],"wp:attachment":[{"href":"https:\/\/nicoteam.gr\/tr\/wp-json\/wp\/v2\/media?parent=18050"}],"wp:term":[{"taxonomy":"product_cat","embeddable":true,"href":"https:\/\/nicoteam.gr\/tr\/wp-json\/wp\/v2\/product_cat?post=18050"},{"taxonomy":"product_tag","embeddable":true,"href":"https:\/\/nicoteam.gr\/tr\/wp-json\/wp\/v2\/product_tag?post=18050"}],"curies":[{"name":"wp","href":"https:\/\/api.w.org\/{rel}","templated":true}]}}