{"id":18009,"date":"2022-10-25T09:12:01","date_gmt":"2022-10-25T07:12:01","guid":{"rendered":"https:\/\/nicoteam.gr\/?post_type=product&#038;p=18009"},"modified":"2025-02-18T17:58:28","modified_gmt":"2025-02-18T15:58:28","slug":"eleaf-isolo-air-2-colors","status":"publish","type":"product","link":"https:\/\/nicoteam.gr\/tr\/product\/eleaf-isolo-air-2-colors\/","title":{"rendered":"Eleaf iSolo Air 2 Kit Renkleri"},"content":{"rendered":"<p>Eleaf iSolo Air 2, \u03ad\u03bd\u03b1 \u03b1\u03c0\u03cc \u03c4\u03b1 \u03bc\u03b9\u03ba\u03c1\u03cc\u03c4\u03b5\u03c1\u03b1 pod-mods \u03c4\u03b7\u03c2 \u03b1\u03b3\u03bf\u03c1\u03ac\u03c2 \u03bc\u03b5 \u03c1\u03c5\u03b8\u03bc\u03af\u03c3\u03b5\u03b9\u03c2 \u03b9\u03c3\u03c7\u03cd\u03bf\u03c2, \u03b3\u03b9\u03b1 \u03bd\u03b1 \u03c0\u03c1\u03bf\u03c3\u03b1\u03c1\u03bc\u03cc\u03c3\u03b5\u03c4\u03b5 \u03c4\u03b7\u03bd \u03b5\u03bc\u03c0\u03b5\u03b9\u03c1\u03af\u03b1 \u03b1\u03c4\u03bc\u03af\u03c3\u03bc\u03b1\u03c4\u03bf\u03c2 \u03c3\u03c4\u03bf \u03b4\u03b9\u03ba\u03cc \u03c3\u03b1\u03c2 \u03c3\u03c4\u03c5\u03bb.<\/p>\n<p>\u0394\u03b9\u03b1\u03b8\u03ad\u03c4\u03b5\u03b9 \u03b5\u03bd\u03c3\u03c9\u03bc\u03b1\u03c4\u03c9\u03bc\u03ad\u03bd\u03b7 \u03bc\u03c0\u03b1\u03c4\u03b1\u03c1\u03af\u03b1 1500mAh, \u03b9\u03c3\u03c7\u03cd \u03b5\u03be\u03cc\u03b4\u03bf\u03c5 \u03ad\u03c9\u03c2 40W, \u03b5\u03c5\u03b1\u03bd\u03ac\u03b3\u03bd\u03c9\u03c3\u03c4\u03b7 \u03bf\u03b8\u03cc\u03bd\u03b7 \u03ba\u03b1\u03b9 \u03b1\u03c5\u03c4\u03cc\u03bc\u03b1\u03c4\u03b7 \u03b1\u03bd\u03b1\u03b3\u03bd\u03ce\u03c1\u03b9\u03c3\u03b7 \u03c4\u03b7\u03c2 \u03b1\u03bd\u03c4\u03af\u03c3\u03c4\u03b1\u03c3\u03b7\u03c2.<\/p>\n<p>\u039c\u03b5 \u03c1\u03cd\u03b8\u03bc\u03b9\u03c3\u03b7 \u03b5\u03b9\u03c3\u03b1\u03b3\u03c9\u03b3\u03ae\u03c2 \u03b1\u03ad\u03c1\u03b1 \u03ba\u03b1\u03b9 \u03b4\u03c5\u03bf \u03b5\u03c0\u03b9\u03bb\u03bf\u03b3\u03ad\u03c2 \u03b1\u03bd\u03c4\u03b9\u03c3\u03c4\u03ac\u03c3\u03b5\u03c9\u03bd, \u03bc\u03c0\u03bf\u03c1\u03b5\u03af \u03bd\u03b1 \u03b9\u03ba\u03b1\u03bd\u03bf\u03c0\u03bf\u03b9\u03ae\u03c3\u03b5\u03b9 \u03c4\u03bf\u03c5\u03c2 \u03bb\u03ac\u03c4\u03c1\u03b5\u03b9\u03c2 \u03c4\u03b7\u03c2 \u03c3\u03c6\u03b9\u03c7\u03c4\u03ae\u03c2 \u03b5\u03b9\u03c3\u03c0\u03bd\u03bf\u03ae\u03c2, \u03b1\u03bb\u03bb\u03ac \u03ba\u03b1\u03b9 \u03cc\u03c3\u03bf\u03c5\u03c2 \u03b1\u03b3\u03b1\u03c0\u03ac\u03bd\u03b5 \u03c4\u03b9\u03c2 \u03b5\u03bb\u03b1\u03c6\u03c1\u03ce\u03c2 \u03c0\u03b9\u03bf \u03b1\u03b5\u03c1\u03ac\u03c4\u03b5\u03c2.<\/p>","protected":false},"excerpt":{"rendered":"<ul>\n<li>T\u00fcm gazeteler i\u00e7in ideal<\/li>\n<li>Pod tipi manyetik atomizer<\/li>\n<li>Hava ak\u0131\u015f\u0131 ayar\u0131<\/li>\n<li>Ak\u0131ll\u0131 diren\u00e7 tespiti<\/li>\n<li>Dahili 1500mAh pil<\/li>\n<li>Okunmas\u0131 kolay ekran<\/li>\n<\/ul>","protected":false},"featured_media":18011,"template":"","meta":{"_acf_changed":false,"_kadence_starter_templates_imported_post":false,"_kad_post_transparent":"default","_kad_post_title":"","_kad_post_layout":"default","_kad_post_sidebar_id":"","_kad_post_content_style":"default","_kad_post_vertical_padding":"default","_kad_post_feature":"","_kad_post_feature_position":"","_kad_post_header":false,"_kad_post_footer":false},"product_cat":[512],"product_tag":[],"class_list":{"0":"post-18009","1":"product","2":"type-product","3":"status-publish","4":"has-post-thumbnail","6":"product_cat-ensomatomeni-mpataria-kits","7":"product_shipping_class-mi-kapnika","9":"first","10":"outofstock","11":"taxable","12":"shipping-taxable","13":"product-type-variable","14":"entry","15":"content-bg","16":"loop-entry"},"acf":[],"_links":{"self":[{"href":"https:\/\/nicoteam.gr\/tr\/wp-json\/wp\/v2\/product\/18009","targetHints":{"allow":["GET"]}}],"collection":[{"href":"https:\/\/nicoteam.gr\/tr\/wp-json\/wp\/v2\/product"}],"about":[{"href":"https:\/\/nicoteam.gr\/tr\/wp-json\/wp\/v2\/types\/product"}],"wp:featuredmedia":[{"embeddable":true,"href":"https:\/\/nicoteam.gr\/tr\/wp-json\/wp\/v2\/media\/18011"}],"wp:attachment":[{"href":"https:\/\/nicoteam.gr\/tr\/wp-json\/wp\/v2\/media?parent=18009"}],"wp:term":[{"taxonomy":"product_cat","embeddable":true,"href":"https:\/\/nicoteam.gr\/tr\/wp-json\/wp\/v2\/product_cat?post=18009"},{"taxonomy":"product_tag","embeddable":true,"href":"https:\/\/nicoteam.gr\/tr\/wp-json\/wp\/v2\/product_tag?post=18009"}],"curies":[{"name":"wp","href":"https:\/\/api.w.org\/{rel}","templated":true}]}}