{"id":17959,"date":"2022-10-20T18:53:51","date_gmt":"2022-10-20T16:53:51","guid":{"rendered":"https:\/\/nicoteam.gr\/?post_type=product&#038;p=17959"},"modified":"2025-05-16T10:46:10","modified_gmt":"2025-05-16T08:46:10","slug":"cohiba-robustos","status":"publish","type":"product","link":"https:\/\/nicoteam.gr\/tr\/product\/cohiba-robustos\/","title":{"rendered":"Cohiba Robustos Tubos (Box of 3s)"},"content":{"rendered":"<p>Y\u00fcz\u00fckler: 50<\/p>\n<p>Diameter:\u00a0 19.84 mm<\/p>\n<p>\u039c\u03ae\u03ba\u03bf\u03c2:\u00a0 124 mm<\/p>\n<p>Vitola:\u00a0\u00a0Robustos<\/p>","protected":false},"excerpt":{"rendered":"<p>Cohiba, K\u00fcba purolar\u0131n\u0131n zirvesindedir ve bu nedenle d\u00fcnyan\u0131n en b\u00fcy\u00fck puro markalar\u0131ndan biridir. Ba\u015flang\u0131\u00e7ta Cohiba purolar\u0131 yaln\u0131zca Fidel Castro ve diplomatlara y\u00f6nelikti, 1982&#039;den itibaren d\u00fczenli olarak piyasaya s\u00fcr\u00fcld\u00fc ve d\u00fcnya taraf\u0131ndan sevildi.<\/p>\n<p>&nbsp;<\/p>\n<p>\u00c7izgi\u00a0<strong>Linea Classica<\/strong>\u00a01966 ile 1989 y\u0131llar\u0131 aras\u0131nda piyasaya s\u00fcr\u00fcld\u00fc ve yedi boyuttan olu\u015fuyor: Esplendido, Robusto, Lancero, Corona Especiales, Panatela, Exquisito ve Piramides Extra.<\/p>\n<p>&nbsp;<\/p>\n<p>\u03a4\u03bf\u00a0<strong>Cohiba Robustos\u00a0<\/strong>\u03b5\u03af\u03bd\u03b1\u03b9 \u03ad\u03bd\u03b1 \u03b1\u03c0\u03cc \u03c4\u03b1 \u03c0\u03b9\u03bf \u03b4\u03b7\u03bc\u03bf\u03c6\u03b9\u03bb\u03ae \u03ba\u03b1\u03b9 \u03c0\u03b5\u03c1\u03b9\u03b6\u03ae\u03c4\u03b7\u03c4\u03b1 \u03b2\u03af\u03c4\u03bf\u03bb\u03b1 \u03c4\u03b7\u03c2 \u03b1\u03b3\u03bf\u03c1\u03ac\u03c2. \u03a0\u03c1\u03cc\u03ba\u03b5\u03b9\u03c4\u03b1\u03b9 \u03b3\u03b9\u03b1 \u03c0\u03bf\u03cd\u03c1\u03bf \u03b1\u03bd\u03b1\u03c6\u03bf\u03c1\u03ac\u03c2 \u03c7\u03ac\u03c1\u03b7 \u03c3\u03c4\u03b7\u03bd \u03c0\u03bf\u03bb\u03c5\u03c0\u03bb\u03bf\u03ba\u03cc\u03c4\u03b7\u03c4\u03ac \u03c4\u03bf\u03c5, \u03c4\u03b7 \u03b4\u03cd\u03bd\u03b1\u03bc\u03b7 \u03c4\u03b7\u03c2 \u03b3\u03b5\u03cd\u03c3\u03b7\u03c2 \u03ba\u03b1\u03b9 \u03c4\u03b7\u03c2 \u03ad\u03bd\u03c4\u03b1\u03c3\u03ae\u03c2 \u03c4\u03bf\u03c5 \u03b1\u03bb\u03bb\u03ac \u03ba\u03b1\u03b9 \u03c4\u03b7 \u03c3\u03c5\u03bd\u03bf\u03c7\u03ae \u03c4\u03bf\u03c5.<\/p>\n<p>&nbsp;<\/p>","protected":false},"featured_media":17960,"template":"","meta":{"_acf_changed":false,"_kadence_starter_templates_imported_post":false,"_kad_post_transparent":"","_kad_post_title":"","_kad_post_layout":"","_kad_post_sidebar_id":"","_kad_post_content_style":"","_kad_post_vertical_padding":"","_kad_post_feature":"","_kad_post_feature_position":"","_kad_post_header":false,"_kad_post_footer":false},"product_cat":[1257,598],"product_tag":[],"class_list":{"0":"post-17959","1":"product","2":"type-product","3":"status-publish","4":"has-post-thumbnail","6":"product_cat-cohiba","7":"product_cat-cuba-cigars","8":"product_shipping_class-kapnika","10":"first","11":"instock","12":"purchasable","13":"product-type-simple","14":"entry","15":"content-bg","16":"loop-entry"},"acf":[],"_links":{"self":[{"href":"https:\/\/nicoteam.gr\/tr\/wp-json\/wp\/v2\/product\/17959","targetHints":{"allow":["GET"]}}],"collection":[{"href":"https:\/\/nicoteam.gr\/tr\/wp-json\/wp\/v2\/product"}],"about":[{"href":"https:\/\/nicoteam.gr\/tr\/wp-json\/wp\/v2\/types\/product"}],"wp:featuredmedia":[{"embeddable":true,"href":"https:\/\/nicoteam.gr\/tr\/wp-json\/wp\/v2\/media\/17960"}],"wp:attachment":[{"href":"https:\/\/nicoteam.gr\/tr\/wp-json\/wp\/v2\/media?parent=17959"}],"wp:term":[{"taxonomy":"product_cat","embeddable":true,"href":"https:\/\/nicoteam.gr\/tr\/wp-json\/wp\/v2\/product_cat?post=17959"},{"taxonomy":"product_tag","embeddable":true,"href":"https:\/\/nicoteam.gr\/tr\/wp-json\/wp\/v2\/product_tag?post=17959"}],"curies":[{"name":"wp","href":"https:\/\/api.w.org\/{rel}","templated":true}]}}