{"id":17881,"date":"2022-09-30T08:30:44","date_gmt":"2022-09-30T06:30:44","guid":{"rendered":"https:\/\/nicoteam.gr\/?post_type=product&#038;p=17881"},"modified":"2025-11-28T18:42:36","modified_gmt":"2025-11-28T16:42:36","slug":"st-louis-blues-filter-yellow-100-17s","status":"publish","type":"product","link":"https:\/\/nicoteam.gr\/tr\/product\/st-louis-blues-filter-yellow-100-17s\/","title":{"rendered":"ST. LOUIS BLUES F\u0130LTRE SARI 100 17&#039;li"},"content":{"rendered":"","protected":false},"excerpt":{"rendered":"<p>Yeni purolar ST. LOUIS F\u0130LTRE 17 adet sigarillo i\u00e7eren bir pakette sat\u0131\u015fa sunulacak.<\/p>\n<p>Yeni cigarillos ST&#039;nin iki \u00e7e\u015fidi. LOUIS F\u0130LTRE, en talepkar sigara i\u00e7icilerini bile memnun edecek benzersiz bir sigara i\u00e7me deneyimi sunar.<\/p>\n<p>\u00c7ap: 8,5 mm<\/p>\n<p>Uzunluk: 120 mm<\/p>\n<p>Ambalaj: 17 adet<\/p>\n<p>\u00dcretici \u00fclke: \u0130svi\u00e7re<\/p>","protected":false},"featured_media":17883,"template":"","meta":{"_acf_changed":false,"_kadence_starter_templates_imported_post":false,"_kad_post_transparent":"","_kad_post_title":"","_kad_post_layout":"","_kad_post_sidebar_id":"","_kad_post_content_style":"","_kad_post_vertical_padding":"","_kad_post_feature":"","_kad_post_feature_position":"","_kad_post_header":false,"_kad_post_footer":false},"product_cat":[1235,152],"product_tag":[],"class_list":{"0":"post-17881","1":"product","2":"type-product","3":"status-publish","4":"has-post-thumbnail","6":"product_cat-1235","7":"product_cat-cigarillos","8":"product_shipping_class-kapnika","10":"first","11":"instock","12":"purchasable","13":"product-type-simple","14":"entry","15":"content-bg","16":"loop-entry"},"acf":[],"_links":{"self":[{"href":"https:\/\/nicoteam.gr\/tr\/wp-json\/wp\/v2\/product\/17881","targetHints":{"allow":["GET"]}}],"collection":[{"href":"https:\/\/nicoteam.gr\/tr\/wp-json\/wp\/v2\/product"}],"about":[{"href":"https:\/\/nicoteam.gr\/tr\/wp-json\/wp\/v2\/types\/product"}],"wp:featuredmedia":[{"embeddable":true,"href":"https:\/\/nicoteam.gr\/tr\/wp-json\/wp\/v2\/media\/17883"}],"wp:attachment":[{"href":"https:\/\/nicoteam.gr\/tr\/wp-json\/wp\/v2\/media?parent=17881"}],"wp:term":[{"taxonomy":"product_cat","embeddable":true,"href":"https:\/\/nicoteam.gr\/tr\/wp-json\/wp\/v2\/product_cat?post=17881"},{"taxonomy":"product_tag","embeddable":true,"href":"https:\/\/nicoteam.gr\/tr\/wp-json\/wp\/v2\/product_tag?post=17881"}],"curies":[{"name":"wp","href":"https:\/\/api.w.org\/{rel}","templated":true}]}}