{"id":17855,"date":"2022-09-22T08:41:32","date_gmt":"2022-09-22T06:41:32","guid":{"rendered":"https:\/\/nicoteam.gr\/?post_type=product&#038;p=17855"},"modified":"2025-11-28T18:38:56","modified_gmt":"2025-11-28T16:38:56","slug":"st-louis-blues-filter-red-10s","status":"publish","type":"product","link":"https:\/\/nicoteam.gr\/tr\/product\/st-louis-blues-filter-red-10s\/","title":{"rendered":"ST. LOUIS BLUES F\u0130LTRE KIRMIZI 10&#039;LU"},"content":{"rendered":"","protected":false},"excerpt":{"rendered":"<p>\u00d6zellikle pop\u00fcler olan ST. LOUIS BLUES FILTER RED 10&#039;lar 12cm uzunlu\u011funda filtreli purolard\u0131r. Pipo t\u00fct\u00fcn\u00fcn\u00fcn dengeli, aromatik bir kar\u0131\u015f\u0131m\u0131ndan yap\u0131l\u0131rlar. Do\u011fal folyodan yap\u0131lm\u0131\u015f y\u00fcksek kaliteli ambalaj\u0131 sayesinde b\u00fcy\u00fck keyif sunarlar. K\u0131rm\u0131z\u0131n\u0131n zengin, tam bir tad\u0131 vard\u0131r.<\/p>","protected":false},"featured_media":17856,"template":"","meta":{"_acf_changed":false,"_kadence_starter_templates_imported_post":false,"_kad_post_transparent":"default","_kad_post_title":"","_kad_post_layout":"default","_kad_post_sidebar_id":"","_kad_post_content_style":"default","_kad_post_vertical_padding":"default","_kad_post_feature":"","_kad_post_feature_position":"","_kad_post_header":false,"_kad_post_footer":false},"product_cat":[1235,152],"product_tag":[],"class_list":{"0":"post-17855","1":"product","2":"type-product","3":"status-publish","4":"has-post-thumbnail","6":"product_cat-1235","7":"product_cat-cigarillos","8":"product_shipping_class-kapnika","10":"first","11":"instock","12":"purchasable","13":"product-type-simple","14":"entry","15":"content-bg","16":"loop-entry"},"acf":[],"_links":{"self":[{"href":"https:\/\/nicoteam.gr\/tr\/wp-json\/wp\/v2\/product\/17855","targetHints":{"allow":["GET"]}}],"collection":[{"href":"https:\/\/nicoteam.gr\/tr\/wp-json\/wp\/v2\/product"}],"about":[{"href":"https:\/\/nicoteam.gr\/tr\/wp-json\/wp\/v2\/types\/product"}],"wp:featuredmedia":[{"embeddable":true,"href":"https:\/\/nicoteam.gr\/tr\/wp-json\/wp\/v2\/media\/17856"}],"wp:attachment":[{"href":"https:\/\/nicoteam.gr\/tr\/wp-json\/wp\/v2\/media?parent=17855"}],"wp:term":[{"taxonomy":"product_cat","embeddable":true,"href":"https:\/\/nicoteam.gr\/tr\/wp-json\/wp\/v2\/product_cat?post=17855"},{"taxonomy":"product_tag","embeddable":true,"href":"https:\/\/nicoteam.gr\/tr\/wp-json\/wp\/v2\/product_tag?post=17855"}],"curies":[{"name":"wp","href":"https:\/\/api.w.org\/{rel}","templated":true}]}}