{"id":17850,"date":"2022-09-21T08:57:04","date_gmt":"2022-09-21T06:57:04","guid":{"rendered":"https:\/\/nicoteam.gr\/?post_type=product&#038;p=17850"},"modified":"2026-04-09T11:28:49","modified_gmt":"2026-04-09T09:28:49","slug":"guantanamera-puritos-5s","status":"publish","type":"product","link":"https:\/\/nicoteam.gr\/tr\/product\/guantanamera-puritos-5s\/","title":{"rendered":"Guantanamera Puritos 5&#039;ler"},"content":{"rendered":"","protected":false},"excerpt":{"rendered":"<p><strong>Guantanamera Mini 20&#039;ler<\/strong><\/p>\n<p>Purolar<strong>\u00a0Guantanamera<\/strong>\u00a0 \u0130deal bir g\u00fcnl\u00fck ikram olan uygun boyutlarda paketler halinde sunulurlar. I\u015f\u0131k yo\u011funlu\u011fu ve yumu\u015fak tad\u0131yla karakterize edilirler.Mini boyutu, K\u00fcba Cigarillo&#039;lar\u0131n\u0131n en k\u00fc\u00e7\u00fc\u011f\u00fcd\u00fcr ve k\u0131sa bir keyif i\u00e7in ideal se\u00e7imdir.<\/p>\n<p><em>Puro \u00f6zellikleri<\/em><strong><em>\u00a0Purolar<\/em><br \/>\n<\/strong><\/p>\n<ul>\n<li><em>Uzunluk:\u00a0<strong>10,9 cm<\/strong><\/em><\/li>\n<li><em>Y\u00fcz\u00fck:\u00a0<strong>26<\/strong><\/em><\/li>\n<li><em>Men\u015fei:\u00a0<strong>K\u00fcba<\/strong><\/em><\/li>\n<li><em>Geleneksel el yap\u0131m\u0131\u00a0<strong>K\u00fcba purosu\u00a0<\/strong><\/em><\/li>\n<li><em>T\u00fct\u00fcn yeti\u015ftirme alan\u0131:\u00a0<strong>Vuelta Arriba<\/strong><\/em><\/li>\n<li><em>Yo\u011funluk:\u00a0<strong>Biraz\u00a0<\/strong><\/em><em><strong>Il\u0131man<\/strong><\/em><\/li>\n<\/ul>","protected":false},"featured_media":17851,"template":"","meta":{"_acf_changed":false,"_kadence_starter_templates_imported_post":false,"_kad_post_transparent":"default","_kad_post_title":"","_kad_post_layout":"default","_kad_post_sidebar_id":"","_kad_post_content_style":"default","_kad_post_vertical_padding":"default","_kad_post_feature":"","_kad_post_feature_position":"","_kad_post_header":false,"_kad_post_footer":false},"product_cat":[1260,598],"product_tag":[1357],"class_list":{"0":"post-17850","1":"product","2":"type-product","3":"status-publish","4":"has-post-thumbnail","6":"product_cat-guantanamera","7":"product_cat-cuba-cigars","8":"product_tag-guantanamera","9":"product_shipping_class-kapnika","11":"first","12":"instock","13":"purchasable","14":"product-type-simple","15":"entry","16":"content-bg","17":"loop-entry"},"acf":[],"_links":{"self":[{"href":"https:\/\/nicoteam.gr\/tr\/wp-json\/wp\/v2\/product\/17850","targetHints":{"allow":["GET"]}}],"collection":[{"href":"https:\/\/nicoteam.gr\/tr\/wp-json\/wp\/v2\/product"}],"about":[{"href":"https:\/\/nicoteam.gr\/tr\/wp-json\/wp\/v2\/types\/product"}],"wp:featuredmedia":[{"embeddable":true,"href":"https:\/\/nicoteam.gr\/tr\/wp-json\/wp\/v2\/media\/17851"}],"wp:attachment":[{"href":"https:\/\/nicoteam.gr\/tr\/wp-json\/wp\/v2\/media?parent=17850"}],"wp:term":[{"taxonomy":"product_cat","embeddable":true,"href":"https:\/\/nicoteam.gr\/tr\/wp-json\/wp\/v2\/product_cat?post=17850"},{"taxonomy":"product_tag","embeddable":true,"href":"https:\/\/nicoteam.gr\/tr\/wp-json\/wp\/v2\/product_tag?post=17850"}],"curies":[{"name":"wp","href":"https:\/\/api.w.org\/{rel}","templated":true}]}}