{"id":17553,"date":"2022-08-31T08:33:04","date_gmt":"2022-08-31T06:33:04","guid":{"rendered":"https:\/\/nicoteam.gr\/?post_type=product&#038;p=17553"},"modified":"2023-08-28T10:18:50","modified_gmt":"2023-08-28T08:18:50","slug":"dinner-lady-v800-disposable-watermelon-ice-20mg-2ml","status":"publish","type":"product","link":"https:\/\/nicoteam.gr\/tr\/product\/dinner-lady-v800-disposable-watermelon-ice-20mg-2ml\/","title":{"rendered":"DINNER LADY V800 TEK KULLANIMLIK KARPUZLU BUZ 20MG (2ml)"},"content":{"rendered":"","protected":false},"excerpt":{"rendered":"<p>V800 elektronik sigarada yeni standartlar belirliyor<br \/>\nHava Ak\u0131\u015f\u0131 Kontrol\u00fc \u2013 Birinci S\u0131n\u0131f Malzemeler \u2013 TPD Uyumlu!<br \/>\nDinner Lady&#039;nin yeni V800&#039;\u00fc, 800&#039;e kadar harika tattaki puflarla tek kullan\u0131ml\u0131k cihazlarda yeni standartlar belirliyor. Piyasadaki en iyi elektronik sigara deneyimlerinden biri oldu\u011funa inand\u0131\u011f\u0131m\u0131z en kaliteli cihaz!<\/p>","protected":false},"featured_media":17554,"template":"","meta":{"_acf_changed":false,"_kadence_starter_templates_imported_post":false,"_kad_post_transparent":"","_kad_post_title":"","_kad_post_layout":"","_kad_post_sidebar_id":"","_kad_post_content_style":"","_kad_post_vertical_padding":"","_kad_post_feature":"","_kad_post_feature_position":"","_kad_post_header":false,"_kad_post_footer":false},"product_cat":[1103],"product_tag":[],"class_list":{"0":"post-17553","1":"product","2":"type-product","3":"status-publish","4":"has-post-thumbnail","6":"product_cat-disposable","7":"product_shipping_class-mi-kapnika","8":"pa_-ice","9":"pa_-269","10":"pa_-268","12":"first","13":"instock","14":"taxable","15":"shipping-taxable","16":"purchasable","17":"product-type-simple","18":"entry","19":"content-bg","20":"loop-entry"},"acf":[],"_links":{"self":[{"href":"https:\/\/nicoteam.gr\/tr\/wp-json\/wp\/v2\/product\/17553","targetHints":{"allow":["GET"]}}],"collection":[{"href":"https:\/\/nicoteam.gr\/tr\/wp-json\/wp\/v2\/product"}],"about":[{"href":"https:\/\/nicoteam.gr\/tr\/wp-json\/wp\/v2\/types\/product"}],"wp:featuredmedia":[{"embeddable":true,"href":"https:\/\/nicoteam.gr\/tr\/wp-json\/wp\/v2\/media\/17554"}],"wp:attachment":[{"href":"https:\/\/nicoteam.gr\/tr\/wp-json\/wp\/v2\/media?parent=17553"}],"wp:term":[{"taxonomy":"product_cat","embeddable":true,"href":"https:\/\/nicoteam.gr\/tr\/wp-json\/wp\/v2\/product_cat?post=17553"},{"taxonomy":"product_tag","embeddable":true,"href":"https:\/\/nicoteam.gr\/tr\/wp-json\/wp\/v2\/product_tag?post=17553"}],"curies":[{"name":"wp","href":"https:\/\/api.w.org\/{rel}","templated":true}]}}