{"id":17549,"date":"2022-08-31T08:16:57","date_gmt":"2022-08-31T06:16:57","guid":{"rendered":"https:\/\/nicoteam.gr\/?post_type=product&#038;p=17549"},"modified":"2024-09-17T15:27:41","modified_gmt":"2024-09-17T13:27:41","slug":"dinner-lady-v800-disposable-lemon-tart-20mg-2ml","status":"publish","type":"product","link":"https:\/\/nicoteam.gr\/tr\/product\/dinner-lady-v800-disposable-lemon-tart-20mg-2ml\/","title":{"rendered":"DINNER LADY V800 TEK KULLANIMLIK L\u0130MONLU TART 20MG (2ml)"},"content":{"rendered":"","protected":false},"excerpt":{"rendered":"<p>V800 elektronik sigarada yeni standartlar belirliyor<br \/>\nHava Ak\u0131\u015f\u0131 Kontrol\u00fc \u2013 Birinci S\u0131n\u0131f Malzemeler \u2013 TPD Uyumlu!<br \/>\nDinner Lady&#039;nin yeni V800&#039;\u00fc, 800&#039;e kadar harika tattaki puflarla tek kullan\u0131ml\u0131k cihazlarda yeni standartlar belirliyor. Piyasadaki en iyi elektronik sigara deneyimlerinden biri oldu\u011funa inand\u0131\u011f\u0131m\u0131z en kaliteli cihaz!<\/p>","protected":false},"featured_media":17550,"template":"","meta":{"_acf_changed":false,"_kadence_starter_templates_imported_post":false,"_kad_post_transparent":"","_kad_post_title":"","_kad_post_layout":"","_kad_post_sidebar_id":"","_kad_post_content_style":"","_kad_post_vertical_padding":"","_kad_post_feature":"","_kad_post_feature_position":"","_kad_post_header":false,"_kad_post_footer":false},"product_cat":[1103],"product_tag":[],"class_list":{"0":"post-17549","1":"product","2":"type-product","3":"status-publish","4":"has-post-thumbnail","6":"product_cat-disposable","7":"product_shipping_class-mi-kapnika","8":"pa_-284","9":"pa_-243","11":"first","12":"instock","13":"taxable","14":"shipping-taxable","15":"purchasable","16":"product-type-simple","17":"entry","18":"content-bg","19":"loop-entry"},"acf":[],"_links":{"self":[{"href":"https:\/\/nicoteam.gr\/tr\/wp-json\/wp\/v2\/product\/17549","targetHints":{"allow":["GET"]}}],"collection":[{"href":"https:\/\/nicoteam.gr\/tr\/wp-json\/wp\/v2\/product"}],"about":[{"href":"https:\/\/nicoteam.gr\/tr\/wp-json\/wp\/v2\/types\/product"}],"wp:featuredmedia":[{"embeddable":true,"href":"https:\/\/nicoteam.gr\/tr\/wp-json\/wp\/v2\/media\/17550"}],"wp:attachment":[{"href":"https:\/\/nicoteam.gr\/tr\/wp-json\/wp\/v2\/media?parent=17549"}],"wp:term":[{"taxonomy":"product_cat","embeddable":true,"href":"https:\/\/nicoteam.gr\/tr\/wp-json\/wp\/v2\/product_cat?post=17549"},{"taxonomy":"product_tag","embeddable":true,"href":"https:\/\/nicoteam.gr\/tr\/wp-json\/wp\/v2\/product_tag?post=17549"}],"curies":[{"name":"wp","href":"https:\/\/api.w.org\/{rel}","templated":true}]}}