{"id":17509,"date":"2022-08-22T10:37:14","date_gmt":"2022-08-22T08:37:14","guid":{"rendered":"https:\/\/nicoteam.gr\/?post_type=product&#038;p=17509"},"modified":"2024-05-01T12:15:08","modified_gmt":"2024-05-01T10:15:08","slug":"plasencia-alma-del-campo-tribu-robusto","status":"publish","type":"product","link":"https:\/\/nicoteam.gr\/tr\/product\/plasencia-alma-del-campo-tribu-robusto\/","title":{"rendered":"Plasencia Alma Del Campo Tribu Robusto  (Box of 10s)"},"content":{"rendered":"","protected":false},"excerpt":{"rendered":"<p>Alma Del Campo serisi, kahve notalar\u0131n\u0131 f\u0131nd\u0131k notalar\u0131yla m\u00fckemmel \u015fekilde dengeleyen karma\u015f\u0131k bir i\u00e7im sunuyor. Kremsi bir dokuya, orta yo\u011funlu\u011fa ve baharat notalar\u0131na sahip bir puro olan Alma Del Campo, en zorlu damaklarda bile tatmin edici bir tat b\u0131rakmay\u0131 vaat ediyor!<\/p>","protected":false},"featured_media":17510,"template":"","meta":{"_acf_changed":false,"_kadence_starter_templates_imported_post":false,"_kad_post_transparent":"default","_kad_post_title":"","_kad_post_layout":"default","_kad_post_sidebar_id":"","_kad_post_content_style":"default","_kad_post_vertical_padding":"default","_kad_post_feature":"","_kad_post_feature_position":"","_kad_post_header":false,"_kad_post_footer":false},"product_cat":[1285,595],"product_tag":[],"class_list":{"0":"post-17509","1":"product","2":"type-product","3":"status-publish","4":"has-post-thumbnail","6":"product_cat-plasencia","7":"product_cat-nicaragua-cigar","8":"product_shipping_class-kapnika","10":"first","11":"instock","12":"purchasable","13":"product-type-simple","14":"entry","15":"content-bg","16":"loop-entry"},"acf":[],"_links":{"self":[{"href":"https:\/\/nicoteam.gr\/tr\/wp-json\/wp\/v2\/product\/17509","targetHints":{"allow":["GET"]}}],"collection":[{"href":"https:\/\/nicoteam.gr\/tr\/wp-json\/wp\/v2\/product"}],"about":[{"href":"https:\/\/nicoteam.gr\/tr\/wp-json\/wp\/v2\/types\/product"}],"wp:featuredmedia":[{"embeddable":true,"href":"https:\/\/nicoteam.gr\/tr\/wp-json\/wp\/v2\/media\/17510"}],"wp:attachment":[{"href":"https:\/\/nicoteam.gr\/tr\/wp-json\/wp\/v2\/media?parent=17509"}],"wp:term":[{"taxonomy":"product_cat","embeddable":true,"href":"https:\/\/nicoteam.gr\/tr\/wp-json\/wp\/v2\/product_cat?post=17509"},{"taxonomy":"product_tag","embeddable":true,"href":"https:\/\/nicoteam.gr\/tr\/wp-json\/wp\/v2\/product_tag?post=17509"}],"curies":[{"name":"wp","href":"https:\/\/api.w.org\/{rel}","templated":true}]}}