{"id":17502,"date":"2022-08-22T10:27:47","date_gmt":"2022-08-22T08:27:47","guid":{"rendered":"https:\/\/nicoteam.gr\/?post_type=product&#038;p=17502"},"modified":"2025-10-10T10:22:00","modified_gmt":"2025-10-10T08:22:00","slug":"plasencia-reserva-original-robusto","status":"publish","type":"product","link":"https:\/\/nicoteam.gr\/tr\/product\/plasencia-reserva-original-robusto\/","title":{"rendered":"Plasencia Reserva Orijinal Robusto"},"content":{"rendered":"","protected":false},"excerpt":{"rendered":"<p>Plasencia Reserva Original, Yeni D\u00fcnya&#039;n\u0131n ke\u015ffi s\u0131ras\u0131nda Avrupal\u0131lar\u0131 me\u015fgul eden gelene\u011fi ve lezzeti \u00f6ne \u00e7\u0131karan bir puro gibi g\u00f6r\u00fcn\u00fcyor. \u0130lgin\u00e7 bir \u015fekilde d\u00fcnyan\u0131n ilk ve tek sertifikal\u0131 organik, el yap\u0131m\u0131 purosu olarak tan\u0131mlan\u0131yor.<\/p>\n<p>F\u0131nd\u0131k, meyve, karamel ve badem ve sedir notalar\u0131ndan olu\u015fan lezzet profili, \u00e7ok \u00e7e\u015fitli aromalar sunuyor gibi g\u00f6r\u00fcn\u00fcyor. Organik \u00fcretime ve el i\u015f\u00e7ili\u011fine verilen \u00f6nem, bu puroya zamans\u0131z bir karakter ve kalite kazand\u0131r\u0131yor.<\/p>","protected":false},"featured_media":17504,"template":"","meta":{"_acf_changed":false,"_kadence_starter_templates_imported_post":false,"_kad_post_transparent":"default","_kad_post_title":"","_kad_post_layout":"default","_kad_post_sidebar_id":"","_kad_post_content_style":"default","_kad_post_vertical_padding":"default","_kad_post_feature":"","_kad_post_feature_position":"","_kad_post_header":false,"_kad_post_footer":false},"product_cat":[1285,595],"product_tag":[],"class_list":{"0":"post-17502","1":"product","2":"type-product","3":"status-publish","4":"has-post-thumbnail","6":"product_cat-plasencia","7":"product_cat-nicaragua-cigar","8":"product_shipping_class-kapnika","10":"first","11":"instock","12":"purchasable","13":"product-type-simple","14":"entry","15":"content-bg","16":"loop-entry"},"acf":[],"_links":{"self":[{"href":"https:\/\/nicoteam.gr\/tr\/wp-json\/wp\/v2\/product\/17502","targetHints":{"allow":["GET"]}}],"collection":[{"href":"https:\/\/nicoteam.gr\/tr\/wp-json\/wp\/v2\/product"}],"about":[{"href":"https:\/\/nicoteam.gr\/tr\/wp-json\/wp\/v2\/types\/product"}],"wp:featuredmedia":[{"embeddable":true,"href":"https:\/\/nicoteam.gr\/tr\/wp-json\/wp\/v2\/media\/17504"}],"wp:attachment":[{"href":"https:\/\/nicoteam.gr\/tr\/wp-json\/wp\/v2\/media?parent=17502"}],"wp:term":[{"taxonomy":"product_cat","embeddable":true,"href":"https:\/\/nicoteam.gr\/tr\/wp-json\/wp\/v2\/product_cat?post=17502"},{"taxonomy":"product_tag","embeddable":true,"href":"https:\/\/nicoteam.gr\/tr\/wp-json\/wp\/v2\/product_tag?post=17502"}],"curies":[{"name":"wp","href":"https:\/\/api.w.org\/{rel}","templated":true}]}}