{"id":17232,"date":"2022-08-01T12:57:26","date_gmt":"2022-08-01T10:57:26","guid":{"rendered":"https:\/\/nicoteam.gr\/?post_type=product&#038;p=17232"},"modified":"2026-04-27T10:58:54","modified_gmt":"2026-04-27T08:58:54","slug":"quorum-maduro-robusto","status":"publish","type":"product","link":"https:\/\/nicoteam.gr\/tr\/product\/quorum-maduro-robusto\/","title":{"rendered":"Quorum Maduro Robusto (Box of 10s)"},"content":{"rendered":"","protected":false},"excerpt":{"rendered":"<p>Quorum&#039;un ilk ve en \u00f6nemli puro serisi.<\/p>\n<p>Bunlar \u00e7o\u011funlukla Nikaragua&#039;dan gelen t\u00fct\u00fcnler i\u00e7eren 100% el yap\u0131m\u0131 purolard\u0131r.<\/p>","protected":false},"featured_media":17233,"template":"","meta":{"_acf_changed":false,"_kadence_starter_templates_imported_post":false,"_kad_post_transparent":"default","_kad_post_title":"","_kad_post_layout":"default","_kad_post_sidebar_id":"","_kad_post_content_style":"default","_kad_post_vertical_padding":"default","_kad_post_feature":"","_kad_post_feature_position":"","_kad_post_header":false,"_kad_post_footer":false},"product_cat":[1298,595],"product_tag":[],"class_list":{"0":"post-17232","1":"product","2":"type-product","3":"status-publish","4":"has-post-thumbnail","6":"product_cat-quorum","7":"product_cat-nicaragua-cigar","8":"product_shipping_class-kapnika","10":"first","11":"instock","12":"purchasable","13":"product-type-simple","14":"entry","15":"content-bg","16":"loop-entry"},"acf":[],"_links":{"self":[{"href":"https:\/\/nicoteam.gr\/tr\/wp-json\/wp\/v2\/product\/17232","targetHints":{"allow":["GET"]}}],"collection":[{"href":"https:\/\/nicoteam.gr\/tr\/wp-json\/wp\/v2\/product"}],"about":[{"href":"https:\/\/nicoteam.gr\/tr\/wp-json\/wp\/v2\/types\/product"}],"wp:featuredmedia":[{"embeddable":true,"href":"https:\/\/nicoteam.gr\/tr\/wp-json\/wp\/v2\/media\/17233"}],"wp:attachment":[{"href":"https:\/\/nicoteam.gr\/tr\/wp-json\/wp\/v2\/media?parent=17232"}],"wp:term":[{"taxonomy":"product_cat","embeddable":true,"href":"https:\/\/nicoteam.gr\/tr\/wp-json\/wp\/v2\/product_cat?post=17232"},{"taxonomy":"product_tag","embeddable":true,"href":"https:\/\/nicoteam.gr\/tr\/wp-json\/wp\/v2\/product_tag?post=17232"}],"curies":[{"name":"wp","href":"https:\/\/api.w.org\/{rel}","templated":true}]}}