{"id":17226,"date":"2022-08-01T12:40:07","date_gmt":"2022-08-01T10:40:07","guid":{"rendered":"https:\/\/nicoteam.gr\/?post_type=product&#038;p=17226"},"modified":"2025-12-22T20:17:17","modified_gmt":"2025-12-22T18:17:17","slug":"ag-mourtides-corona-grande","status":"publish","type":"product","link":"https:\/\/nicoteam.gr\/tr\/product\/ag-mourtides-corona-grande\/","title":{"rendered":"A&amp;G Mourtides Corona Grande"},"content":{"rendered":"","protected":false},"excerpt":{"rendered":"<p>Bir sanat eserine g\u00f6nderme yapan in\u015faat m\u00fckemmelli\u011fi ve esteti\u011fi. M\u00fckemmel dengelenmi\u015f uzunluk ve \u00e7ap oran\u0131, kadifemsi dokusuyla birle\u015ferek tutu\u015fu \u00e7ok keyifli hale getirir. Aromalar yan\u0131k boyunca yumu\u015fak bir \u015fekilde de\u011fi\u015fiyor ancak yo\u011funluklar\u0131 ayn\u0131 kal\u0131yor. Alt u\u00e7ta baharatl\u0131 ve odunsu aromalar hakim olup yava\u015f yava\u015f yerini bitkisel ve botanik unsurlara b\u0131rak\u0131r. Sonuna kadar c\u00f6mert kalan co\u015fkulu ve dinamik lezzet karakteri. Ba\u015flang\u0131\u00e7taki botanik aromalar h\u0131zla yerini daha karma\u015f\u0131k, topraks\u0131 ve odunsu tatlara b\u0131rak\u0131yor ve kavrulmu\u015f kahve, biber ve \u00e7ikolata notalar\u0131 bu lezzet yelpazesini zenginle\u015ftiriyor.<\/p>","protected":false},"featured_media":17227,"template":"","meta":{"_acf_changed":false,"_kadence_starter_templates_imported_post":false,"_kad_post_transparent":"","_kad_post_title":"","_kad_post_layout":"","_kad_post_sidebar_id":"","_kad_post_content_style":"","_kad_post_vertical_padding":"","_kad_post_feature":"","_kad_post_feature_position":"","_kad_post_header":false,"_kad_post_footer":false},"product_cat":[1304,150],"product_tag":[],"class_list":{"0":"post-17226","1":"product","2":"type-product","3":"status-publish","4":"has-post-thumbnail","6":"product_cat-ag-mourtides","7":"product_cat-honduras-cigar","8":"product_shipping_class-kapnika","10":"first","11":"instock","12":"purchasable","13":"product-type-simple","14":"entry","15":"content-bg","16":"loop-entry"},"acf":[],"_links":{"self":[{"href":"https:\/\/nicoteam.gr\/tr\/wp-json\/wp\/v2\/product\/17226","targetHints":{"allow":["GET"]}}],"collection":[{"href":"https:\/\/nicoteam.gr\/tr\/wp-json\/wp\/v2\/product"}],"about":[{"href":"https:\/\/nicoteam.gr\/tr\/wp-json\/wp\/v2\/types\/product"}],"wp:featuredmedia":[{"embeddable":true,"href":"https:\/\/nicoteam.gr\/tr\/wp-json\/wp\/v2\/media\/17227"}],"wp:attachment":[{"href":"https:\/\/nicoteam.gr\/tr\/wp-json\/wp\/v2\/media?parent=17226"}],"wp:term":[{"taxonomy":"product_cat","embeddable":true,"href":"https:\/\/nicoteam.gr\/tr\/wp-json\/wp\/v2\/product_cat?post=17226"},{"taxonomy":"product_tag","embeddable":true,"href":"https:\/\/nicoteam.gr\/tr\/wp-json\/wp\/v2\/product_tag?post=17226"}],"curies":[{"name":"wp","href":"https:\/\/api.w.org\/{rel}","templated":true}]}}