{"id":17161,"date":"2022-07-27T08:56:57","date_gmt":"2022-07-27T06:56:57","guid":{"rendered":"https:\/\/nicoteam.gr\/?post_type=product&#038;p=17161"},"modified":"2023-12-13T09:43:04","modified_gmt":"2023-12-13T07:43:04","slug":"cohiba-panetelas-2","status":"publish","type":"product","link":"https:\/\/nicoteam.gr\/tr\/product\/cohiba-panetelas-2\/","title":{"rendered":"Cohiba Panetelas"},"content":{"rendered":"<p>Zil: 26<\/p>\n<p>\u00c7ap: 10,32 mm<\/p>\n<p>Uzunluk: 115 mm<\/p>\n<p>Vitola: Laguito No3<\/p>\n<p><strong>*Cohiba&#039;n\u0131n en k\u00fc\u00e7\u00fck El Yap\u0131m\u0131 Purosu<\/strong><\/p>\n<p>Linea:\u00a0\u00a0\u00a0<em>Klasik<\/em><\/p>","protected":false},"excerpt":{"rendered":"<p>Cohiba, K\u00fcba purolar\u0131n\u0131n zirvesindedir ve bu nedenle d\u00fcnyan\u0131n en b\u00fcy\u00fck puro markalar\u0131ndan biridir. Ba\u015flang\u0131\u00e7ta Cohiba purolar\u0131 yaln\u0131zca Fidel Castro ve diplomatlara y\u00f6nelikti, 1982&#039;den itibaren d\u00fczenli olarak piyasaya s\u00fcr\u00fcld\u00fc ve d\u00fcnya taraf\u0131ndan sevildi.<\/p>\n<p>&nbsp;<\/p>\n<p>\u00c7izgi\u00a0<strong>Linea Classica<\/strong>\u00a01966 ile 1989 y\u0131llar\u0131 aras\u0131nda piyasaya s\u00fcr\u00fcld\u00fc ve yedi boyuttan olu\u015fuyor: Esplendido, Robusto, Lancero, Corona Especiales, Panatela, Exquisito ve Piramides Extra.<\/p>\n<p>&nbsp;<\/p>\n<p>\u03a4\u03bf\u00a0<strong>Cohiba Panatelas<\/strong>\u00a0Linea Clasica serisinin en k\u00fc\u00e7\u00fck purosudur. Ultra ince halkas\u0131, \u00e7e\u015fitli tatlar sunan serin ve ho\u015f bir duman sunar.<\/p>","protected":false},"featured_media":17162,"template":"","meta":{"_acf_changed":false,"_kadence_starter_templates_imported_post":false,"_kad_post_transparent":"","_kad_post_title":"","_kad_post_layout":"","_kad_post_sidebar_id":"","_kad_post_content_style":"","_kad_post_vertical_padding":"","_kad_post_feature":"","_kad_post_feature_position":"","_kad_post_header":false,"_kad_post_footer":false},"product_cat":[1257,598],"product_tag":[],"class_list":{"0":"post-17161","1":"product","2":"type-product","3":"status-publish","4":"has-post-thumbnail","6":"product_cat-cohiba","7":"product_cat-cuba-cigars","8":"product_shipping_class-kapnika","10":"first","11":"outofstock","12":"purchasable","13":"product-type-simple","14":"entry","15":"content-bg","16":"loop-entry"},"acf":[],"_links":{"self":[{"href":"https:\/\/nicoteam.gr\/tr\/wp-json\/wp\/v2\/product\/17161","targetHints":{"allow":["GET"]}}],"collection":[{"href":"https:\/\/nicoteam.gr\/tr\/wp-json\/wp\/v2\/product"}],"about":[{"href":"https:\/\/nicoteam.gr\/tr\/wp-json\/wp\/v2\/types\/product"}],"wp:featuredmedia":[{"embeddable":true,"href":"https:\/\/nicoteam.gr\/tr\/wp-json\/wp\/v2\/media\/17162"}],"wp:attachment":[{"href":"https:\/\/nicoteam.gr\/tr\/wp-json\/wp\/v2\/media?parent=17161"}],"wp:term":[{"taxonomy":"product_cat","embeddable":true,"href":"https:\/\/nicoteam.gr\/tr\/wp-json\/wp\/v2\/product_cat?post=17161"},{"taxonomy":"product_tag","embeddable":true,"href":"https:\/\/nicoteam.gr\/tr\/wp-json\/wp\/v2\/product_tag?post=17161"}],"curies":[{"name":"wp","href":"https:\/\/api.w.org\/{rel}","templated":true}]}}