{"id":17155,"date":"2022-07-25T09:01:13","date_gmt":"2022-07-25T07:01:13","guid":{"rendered":"https:\/\/nicoteam.gr\/?post_type=product&#038;p=17155"},"modified":"2025-05-16T10:39:13","modified_gmt":"2025-05-16T08:39:13","slug":"villa-dominicana-corona","status":"publish","type":"product","link":"https:\/\/nicoteam.gr\/tr\/product\/villa-dominicana-corona\/","title":{"rendered":"Villa Dominicana Corona (Box of 10s)"},"content":{"rendered":"<p>Ring:\u00a046<\/p>\n<p>\u039c\u03ae\u03ba\u03bf\u03c2:\u00a0152 mm<\/p>\n<p>Boyut: Korona<\/p>\n<p>\u0388\u03bd\u03c4\u03b1\u03c3\u03b7: \u0395\u03bb\u03c6\u03c1\u03ac \u03a0\u03c1\u03bf\u03c2 \u039c\u03ad\u03c4\u03c1\u03b9\u03b1<\/p>\n<p>&nbsp;<\/p>\n<p>&nbsp;<\/p>\n<p><u>Kar\u0131\u015f\u0131m<\/u><\/p>\n<p><strong>Sarmalay\u0131c\u0131lar:<\/strong>\u00a0Ekvador<\/p>\n<p><strong>Ba\u011flay\u0131c\u0131:<\/strong>\u00a0Indonesia,\u00a0Dominican Republic<\/p>\n<p><strong>\u00a0Dolgu maddeleri:\u00a0<\/strong>Dominican Republic, Nicaragua<\/p>\n<p>&nbsp;<\/p>\n<p>&nbsp;<\/p>\n<p><u>Yo\u011funluk \u2013 lezzet profili<\/u><\/p>\n<p><strong>Parf\u00fcmler ve\u00a0<span style=\"font-size: large;\">zevkler<\/span>:\u00a0<\/strong><\/p>\n<p>\u039c\u03af\u03b1 \u03c3\u03cd\u03bd\u03b8\u03b5\u03c3\u03b7 \u03b1\u03c0\u03cc \u03c0\u03bf\u03b9\u03bf\u03c4\u03b9\u03ba\u03ac \u03ba\u03b1\u03c0\u03bd\u03ac \u03c0\u03bf\u03c5 \u03bc\u03b1\u03c2 \u03c0\u03c1\u03bf\u03c3\u03c6\u03ad\u03c1\u03b5\u03b9 \u03b4\u03b9\u03b1\u03ba\u03c1\u03b9\u03c4\u03b9\u03ba\u03ac \u03c0\u03b9\u03ba\u03ac\u03bd\u03c4\u03b9\u03ba\u03b7 \u03b3\u03b5\u03cd\u03c3\u03b7.<\/p>","protected":false},"excerpt":{"rendered":"<p>Halka: 46 Uzunluk: 152 mm Boyut: Korona Yo\u011funlu\u011fu: Hafif ila Orta Kar\u0131\u015f\u0131m Paketleyici: Ekvador Ba\u011flay\u0131c\u0131: Endonezya, Dominik Cumhuriyeti Dolgu maddesi: Dominik Cumhuriyeti, Nikaragua Yo\u011funluk - lezzet profili Aromalar ve tatlar: Bize hafif baharatl\u0131l\u0131k sunan kaliteli t\u00fct\u00fcnlerden olu\u015fan bir bile\u015fim tatmak.<\/p>","protected":false},"featured_media":17153,"template":"","meta":{"_acf_changed":false,"_kadence_starter_templates_imported_post":false,"_kad_post_transparent":"","_kad_post_title":"","_kad_post_layout":"","_kad_post_sidebar_id":"","_kad_post_content_style":"","_kad_post_vertical_padding":"","_kad_post_feature":"","_kad_post_feature_position":"","_kad_post_header":false,"_kad_post_footer":false},"product_cat":[1299,548],"product_tag":[],"class_list":{"0":"post-17155","1":"product","2":"type-product","3":"status-publish","4":"has-post-thumbnail","6":"product_cat-villa-dominicana","7":"product_cat-poura-dominikana","8":"product_shipping_class-kapnika","10":"first","11":"instock","12":"purchasable","13":"product-type-simple","14":"entry","15":"content-bg","16":"loop-entry"},"acf":[],"_links":{"self":[{"href":"https:\/\/nicoteam.gr\/tr\/wp-json\/wp\/v2\/product\/17155","targetHints":{"allow":["GET"]}}],"collection":[{"href":"https:\/\/nicoteam.gr\/tr\/wp-json\/wp\/v2\/product"}],"about":[{"href":"https:\/\/nicoteam.gr\/tr\/wp-json\/wp\/v2\/types\/product"}],"wp:featuredmedia":[{"embeddable":true,"href":"https:\/\/nicoteam.gr\/tr\/wp-json\/wp\/v2\/media\/17153"}],"wp:attachment":[{"href":"https:\/\/nicoteam.gr\/tr\/wp-json\/wp\/v2\/media?parent=17155"}],"wp:term":[{"taxonomy":"product_cat","embeddable":true,"href":"https:\/\/nicoteam.gr\/tr\/wp-json\/wp\/v2\/product_cat?post=17155"},{"taxonomy":"product_tag","embeddable":true,"href":"https:\/\/nicoteam.gr\/tr\/wp-json\/wp\/v2\/product_tag?post=17155"}],"curies":[{"name":"wp","href":"https:\/\/api.w.org\/{rel}","templated":true}]}}