{"id":17144,"date":"2022-07-23T13:38:07","date_gmt":"2022-07-23T11:38:07","guid":{"rendered":"https:\/\/nicoteam.gr\/?post_type=product&#038;p=17144"},"modified":"2026-04-15T12:30:33","modified_gmt":"2026-04-15T10:30:33","slug":"vegueros-tapados","status":"publish","type":"product","link":"https:\/\/nicoteam.gr\/tr\/product\/vegueros-tapados\/","title":{"rendered":"Vegueros Tapados(Box of 16s)"},"content":{"rendered":"","protected":false},"excerpt":{"rendered":"<p>Vegueros purolar\u0131, ba\u015fta Pinar del Rio olmak \u00fczere binlerce y\u0131ld\u0131r t\u00fct\u00fcn yeti\u015ftiren \u00e7ift\u00e7ilere bir hediye olarak yarat\u0131ld\u0131. Bu nedenle ba\u015flang\u0131\u00e7ta uluslararas\u0131 pazara y\u00f6nelik tasarlanmam\u0131\u015flard\u0131. Zamanla bu ger\u00e7ekle\u015fti ve Vegueros purolar\u0131 olduk\u00e7a tan\u0131nabilir hale geldi, ancak m\u00fckemmel kalitelerini korudular. Tad\u0131 olgun ve dolgun olarak nitelendirilir.<\/p>","protected":false},"featured_media":17145,"template":"","meta":{"_acf_changed":false,"_kadence_starter_templates_imported_post":false,"_kad_post_transparent":"default","_kad_post_title":"","_kad_post_layout":"default","_kad_post_sidebar_id":"","_kad_post_content_style":"default","_kad_post_vertical_padding":"default","_kad_post_feature":"","_kad_post_feature_position":"","_kad_post_header":false,"_kad_post_footer":false},"product_cat":[1278,598],"product_tag":[],"class_list":{"0":"post-17144","1":"product","2":"type-product","3":"status-publish","4":"has-post-thumbnail","6":"product_cat-vegueros","7":"product_cat-cuba-cigars","8":"product_shipping_class-kapnika","10":"first","11":"instock","12":"purchasable","13":"product-type-simple","14":"entry","15":"content-bg","16":"loop-entry"},"acf":[],"_links":{"self":[{"href":"https:\/\/nicoteam.gr\/tr\/wp-json\/wp\/v2\/product\/17144","targetHints":{"allow":["GET"]}}],"collection":[{"href":"https:\/\/nicoteam.gr\/tr\/wp-json\/wp\/v2\/product"}],"about":[{"href":"https:\/\/nicoteam.gr\/tr\/wp-json\/wp\/v2\/types\/product"}],"wp:featuredmedia":[{"embeddable":true,"href":"https:\/\/nicoteam.gr\/tr\/wp-json\/wp\/v2\/media\/17145"}],"wp:attachment":[{"href":"https:\/\/nicoteam.gr\/tr\/wp-json\/wp\/v2\/media?parent=17144"}],"wp:term":[{"taxonomy":"product_cat","embeddable":true,"href":"https:\/\/nicoteam.gr\/tr\/wp-json\/wp\/v2\/product_cat?post=17144"},{"taxonomy":"product_tag","embeddable":true,"href":"https:\/\/nicoteam.gr\/tr\/wp-json\/wp\/v2\/product_tag?post=17144"}],"curies":[{"name":"wp","href":"https:\/\/api.w.org\/{rel}","templated":true}]}}