{"id":17021,"date":"2022-07-18T09:14:26","date_gmt":"2022-07-18T07:14:26","guid":{"rendered":"https:\/\/nicoteam.gr\/?post_type=product&#038;p=17021"},"modified":"2023-11-13T10:57:44","modified_gmt":"2023-11-13T08:57:44","slug":"neo-arctic-click-for-glo","status":"publish","type":"product","link":"https:\/\/nicoteam.gr\/tr\/product\/neo-arctic-click-for-glo\/","title":{"rendered":"neo\u2122 Arctic Glo\u2122 i\u00e7in t\u0131klay\u0131n"},"content":{"rendered":"","protected":false},"excerpt":{"rendered":"<h1>neo\u2122 Arctic Glo\u2122 i\u00e7in t\u0131klay\u0131n<\/h1>\n<p><b>Yeni glo\u2122 hyper ile \u00f6zel kullan\u0131m i\u00e7in<\/b><\/p>\n<p>T\u00fct\u00fcn\u00fcn nane aromas\u0131yla birle\u015fimi. Tek t\u0131kla daha da yo\u011fun \u00e7iy tad\u0131!<\/p>\n<h4><b>\u00d6zellikler:<\/b><\/h4>\n<ul>\n<li>30% daha fazla duman i\u00e7eren yeni, daha kal\u0131n Demi Slim Format\u0131<\/li>\n<li>T\u00fcp filtresi<\/li>\n<li>Her pakette 20 adet t\u00fct\u00fcn \u00e7ubu\u011fu bulunmaktad\u0131r.<\/li>\n<li>Is\u0131t\u0131lmak \u00fczere tasarlanm\u0131\u015f birinci s\u0131n\u0131f t\u00fct\u00fcn.<\/li>\n<\/ul>","protected":false},"featured_media":17022,"template":"","meta":{"_acf_changed":false,"_kadence_starter_templates_imported_post":false,"_kad_post_transparent":"","_kad_post_title":"","_kad_post_layout":"","_kad_post_sidebar_id":"","_kad_post_content_style":"","_kad_post_vertical_padding":"","_kad_post_feature":"","_kad_post_feature_position":"","_kad_post_header":false,"_kad_post_footer":false},"product_cat":[1055],"product_tag":[],"class_list":{"0":"post-17021","1":"product","2":"type-product","3":"status-publish","4":"has-post-thumbnail","6":"product_cat-1055","7":"product_shipping_class-kapnika","9":"first","10":"outofstock","11":"purchasable","12":"product-type-simple","13":"entry","14":"content-bg","15":"loop-entry"},"acf":[],"_links":{"self":[{"href":"https:\/\/nicoteam.gr\/tr\/wp-json\/wp\/v2\/product\/17021","targetHints":{"allow":["GET"]}}],"collection":[{"href":"https:\/\/nicoteam.gr\/tr\/wp-json\/wp\/v2\/product"}],"about":[{"href":"https:\/\/nicoteam.gr\/tr\/wp-json\/wp\/v2\/types\/product"}],"wp:featuredmedia":[{"embeddable":true,"href":"https:\/\/nicoteam.gr\/tr\/wp-json\/wp\/v2\/media\/17022"}],"wp:attachment":[{"href":"https:\/\/nicoteam.gr\/tr\/wp-json\/wp\/v2\/media?parent=17021"}],"wp:term":[{"taxonomy":"product_cat","embeddable":true,"href":"https:\/\/nicoteam.gr\/tr\/wp-json\/wp\/v2\/product_cat?post=17021"},{"taxonomy":"product_tag","embeddable":true,"href":"https:\/\/nicoteam.gr\/tr\/wp-json\/wp\/v2\/product_tag?post=17021"}],"curies":[{"name":"wp","href":"https:\/\/api.w.org\/{rel}","templated":true}]}}