{"id":17012,"date":"2022-07-16T08:40:17","date_gmt":"2022-07-16T06:40:17","guid":{"rendered":"https:\/\/nicoteam.gr\/?post_type=product&#038;p=17012"},"modified":"2025-11-25T20:01:01","modified_gmt":"2025-11-25T18:01:01","slug":"ag-mourtides-firecracker","status":"publish","type":"product","link":"https:\/\/nicoteam.gr\/tr\/product\/ag-mourtides-firecracker\/","title":{"rendered":"A&amp;G Mourtides Havai Fi\u015fek"},"content":{"rendered":"","protected":false},"excerpt":{"rendered":"<div class=\"tabs-info\">\n<ul class=\"nav nav-tabs\">\n<li class=\"active\"><a href=\"https:\/\/the-cigar.gr\/shop\/el\/ag-mourtides\/610-firecracker.html#tabs-1\" data-toggle=\"tab\">TANIM<\/a><\/li>\n<li><\/li>\n<\/ul>\n<\/div>\n<div class=\"tab-content\">\n<div id=\"tabs-1\" class=\"tab-pane active\">\n<p>A&amp;G Mourtides, 2017 y\u0131l\u0131nda yo\u011fun ve patlay\u0131c\u0131 tatlardan ho\u015flananlar i\u00e7in benzersiz bir \u00f6neri olan Firecracker&#039;\u0131 koleksiyonuna katt\u0131.<\/p>\n<p><strong>\u00c7ift Ligero Dolgu<\/strong><br \/>\nPuroya yo\u011funluk, g\u00f6vde ve lezzetin yan\u0131 s\u0131ra etkileyici derecede yava\u015f bir yanma sa\u011flar; bu, 95 mm&#039;lik boyutuna ra\u011fmen, purodan keyif almay\u0131 se\u00e7en sigara i\u00e7icisine uzun s\u00fcre e\u015flik edecektir.<\/p>\n<p><strong>Varil Ya\u015fland\u0131r\u0131lm\u0131\u015f Sarmalay\u0131c\u0131<\/strong><br \/>\nFermantasyon, olgunla\u015fma ve me\u015fe f\u0131\u00e7\u0131dan gelen aromalarla puroya karma\u015f\u0131kl\u0131k katarak, zaten benzersiz olan karakterini tamamlar.<\/p>\n<p><strong>Uzun Sigorta Kuyru\u011fu<\/strong><br \/>\nHer bir tezah\u00fcr\u00fcndeki benzersizlik, puro g\u00f6vdesindeki ba\u015fl\u0131ktan ba\u015flay\u0131p beyaz alt\u0131n halkayla s\u0131k\u0131 bir \u015fekilde ba\u011flanan uzun \u00f6rg\u00fcyle tamamlan\u0131yor.<\/p>\n<p><strong>Bak ve hisset<\/strong><br \/>\nSigara i\u00e7en ki\u015finin bu puroyla ilk temas\u0131, her bir havai fi\u015fekleri ayr\u0131 ayr\u0131 saklayan, siyah ve alt\u0131n tonlar\u0131nda birinci s\u0131n\u0131f bir kutudur. Onu a\u00e7t\u0131\u011f\u0131nda puroyla birlikte havai fi\u015fek yakmak i\u00e7in kullanabilece\u011fi ince bir aromatik sedir yapra\u011f\u0131 g\u00f6recek. Kusursuz bir \u015fekilde sar\u0131lm\u0131\u015f ve kadifemsi bir dokunu\u015fla elde hafif ya\u011fl\u0131 bir his b\u0131rak\u0131yor.<\/p>\n<p><strong>Aroma ve Tat<\/strong><br \/>\nYo\u011fun topraks\u0131 ve odunsu bir arka plana kar\u015f\u0131, baharatlar\u0131n ve kavrulmu\u015f f\u0131nd\u0131klar\u0131n tatl\u0131 aromalar\u0131, puronun daha biberli unsurlar\u0131yla d\u00f6n\u00fc\u015f\u00fcml\u00fc olarak kullan\u0131l\u0131yor. Me\u015fe aromalar\u0131, tereya\u011f\u0131 hissi ile benzersiz bir \u015fekilde birle\u015ftirilir ve kahve ve kakao notalar\u0131yla zenginle\u015ftirilir. Puro profili, hafif bal ve siyah meyank\u00f6k\u00fc notalar\u0131yla tamamlanmaktad\u0131r.<\/p>\n<\/div>\n<\/div>","protected":false},"featured_media":17013,"template":"","meta":{"_acf_changed":false,"_kadence_starter_templates_imported_post":false,"_kad_post_transparent":"","_kad_post_title":"","_kad_post_layout":"","_kad_post_sidebar_id":"","_kad_post_content_style":"","_kad_post_vertical_padding":"","_kad_post_feature":"","_kad_post_feature_position":"","_kad_post_header":false,"_kad_post_footer":false},"product_cat":[1304,150],"product_tag":[],"class_list":{"0":"post-17012","1":"product","2":"type-product","3":"status-publish","4":"has-post-thumbnail","6":"product_cat-ag-mourtides","7":"product_cat-honduras-cigar","8":"product_shipping_class-kapnika","10":"first","11":"instock","12":"purchasable","13":"product-type-simple","14":"entry","15":"content-bg","16":"loop-entry"},"acf":[],"_links":{"self":[{"href":"https:\/\/nicoteam.gr\/tr\/wp-json\/wp\/v2\/product\/17012","targetHints":{"allow":["GET"]}}],"collection":[{"href":"https:\/\/nicoteam.gr\/tr\/wp-json\/wp\/v2\/product"}],"about":[{"href":"https:\/\/nicoteam.gr\/tr\/wp-json\/wp\/v2\/types\/product"}],"wp:featuredmedia":[{"embeddable":true,"href":"https:\/\/nicoteam.gr\/tr\/wp-json\/wp\/v2\/media\/17013"}],"wp:attachment":[{"href":"https:\/\/nicoteam.gr\/tr\/wp-json\/wp\/v2\/media?parent=17012"}],"wp:term":[{"taxonomy":"product_cat","embeddable":true,"href":"https:\/\/nicoteam.gr\/tr\/wp-json\/wp\/v2\/product_cat?post=17012"},{"taxonomy":"product_tag","embeddable":true,"href":"https:\/\/nicoteam.gr\/tr\/wp-json\/wp\/v2\/product_tag?post=17012"}],"curies":[{"name":"wp","href":"https:\/\/api.w.org\/{rel}","templated":true}]}}