{"id":17008,"date":"2022-07-15T13:21:24","date_gmt":"2022-07-15T11:21:24","guid":{"rendered":"https:\/\/nicoteam.gr\/?post_type=product&#038;p=17008"},"modified":"2023-08-28T10:28:21","modified_gmt":"2023-08-28T08:28:21","slug":"livoo-weather-station-black","status":"publish","type":"product","link":"https:\/\/nicoteam.gr\/tr\/product\/livoo-weather-station-black\/","title":{"rendered":"LIVOO Meteoroloji istasyonu Siyah"},"content":{"rendered":"<ul>\n<li>\u0398\u03b5\u03c1\u03bc\u03cc\u03bc\u03b5\u03c4\u03c1\u03bf \u03ba\u03b1\u03b9 \u03c5\u03b3\u03c1\u03cc\u03bc\u03b5\u03c4\u03c1\u03bf<\/li>\n<li>\u0391\u03c0\u03bf\u03b8\u03ae\u03ba\u03b5\u03c5\u03c3\u03b7 \u03b5\u03bb\u03ac\u03c7\u03b9\u03c3\u03c4\u03b7\u03c2 \u03ba\u03b1\u03b9 \u03bc\u03ad\u03b3\u03b9\u03c3\u03c4\u03b7\u03c2 \u03b8\u03b5\u03c1\u03bc\u03bf\u03ba\u03c1\u03b1\u03c3\u03af\u03b1\u03c2 \u03ba\u03b1\u03b9 \u03c5\u03b3\u03c1\u03b1\u03c3\u03af\u03b1\u03c2<\/li>\n<li>\u03a0\u03c1\u03cc\u03b3\u03bd\u03c9\u03c3\u03b7 \u03ba\u03b1\u03b9\u03c1\u03bf\u03cd \u03bc\u03b5 \u03b5\u03b9\u03ba\u03bf\u03bd\u03bf\u03b3\u03c1\u03ac\u03bc\u03bc\u03b1\u03c4\u03b1<\/li>\n<li>\u0394\u03b9\u03b1\u03c1\u03ba\u03ad\u03c2 \u03b7\u03bc\u03b5\u03c1\u03bf\u03bb\u03cc\u03b3\u03b9\u03bf \u03bc\u03b5 \u03c4\u03b7\u03bd \u03b7\u03bc\u03ad\u03c1\u03b1 \u03c4\u03b7\u03c2 \u03b5\u03b2\u03b4\u03bf\u03bc\u03ac\u03b4\u03b1\u03c2<\/li>\n<li>\u039b\u03b5\u03b9\u03c4\u03bf\u03c5\u03c1\u03b3\u03af\u03b1 \u03c3\u03c5\u03bd\u03b1\u03b3\u03b5\u03c1\u03bc\u03bf\u03cd 12\/24 \u03c9\u03c1\u03ce\u03bd<\/li>\n<li>\u039c\u03c0\u03bb\u03b5 \u03bf\u03c0\u03af\u03c3\u03b8\u03b9\u03bf\u03c2 \u03c6\u03c9\u03c4\u03b9\u03c3\u03bc\u03cc\u03c2<\/li>\n<li>\u0391\u03c6\u03b1\u03b9\u03c1\u03bf\u03cd\u03bc\u03b5\u03bd\u03b7 \u03b2\u03ac\u03c3\u03b7<\/li>\n<li>\u03a4\u03bf\u03c0\u03bf\u03b8\u03ad\u03c4\u03b7\u03c3\u03b7 \u03c3\u03b5 \u03c4\u03bf\u03af\u03c7\u03bf \u03ae \u03b2\u03ac\u03c3\u03b7<\/li>\n<\/ul>","protected":false},"excerpt":{"rendered":"<p>Termometre ve higrometre Minimum ve maksimum s\u0131cakl\u0131k ve nemin saklanmas\u0131 Piktogramlarla hava durumu tahmini Haftan\u0131n g\u00fcn\u00fcn\u00fc g\u00f6steren s\u00fcrekli takvim 12\/24 saat alarm fonksiyonu Mavi arka \u0131\u015f\u0131k \u00c7\u0131kar\u0131labilir taban Duvara veya standa montaj<\/p>","protected":false},"featured_media":17009,"template":"","meta":{"_acf_changed":false,"_kadence_starter_templates_imported_post":false,"_kad_post_transparent":"","_kad_post_title":"","_kad_post_layout":"","_kad_post_sidebar_id":"","_kad_post_content_style":"","_kad_post_vertical_padding":"","_kad_post_feature":"","_kad_post_feature_position":"","_kad_post_header":false,"_kad_post_footer":false},"product_cat":[545],"product_tag":[],"class_list":{"0":"post-17008","1":"product","2":"type-product","3":"status-publish","4":"has-post-thumbnail","6":"product_cat-irometra-kai-igrantika","7":"product_shipping_class-mi-kapnika","9":"first","10":"instock","11":"taxable","12":"shipping-taxable","13":"purchasable","14":"product-type-simple","15":"entry","16":"content-bg","17":"loop-entry"},"acf":[],"_links":{"self":[{"href":"https:\/\/nicoteam.gr\/tr\/wp-json\/wp\/v2\/product\/17008","targetHints":{"allow":["GET"]}}],"collection":[{"href":"https:\/\/nicoteam.gr\/tr\/wp-json\/wp\/v2\/product"}],"about":[{"href":"https:\/\/nicoteam.gr\/tr\/wp-json\/wp\/v2\/types\/product"}],"wp:featuredmedia":[{"embeddable":true,"href":"https:\/\/nicoteam.gr\/tr\/wp-json\/wp\/v2\/media\/17009"}],"wp:attachment":[{"href":"https:\/\/nicoteam.gr\/tr\/wp-json\/wp\/v2\/media?parent=17008"}],"wp:term":[{"taxonomy":"product_cat","embeddable":true,"href":"https:\/\/nicoteam.gr\/tr\/wp-json\/wp\/v2\/product_cat?post=17008"},{"taxonomy":"product_tag","embeddable":true,"href":"https:\/\/nicoteam.gr\/tr\/wp-json\/wp\/v2\/product_tag?post=17008"}],"curies":[{"name":"wp","href":"https:\/\/api.w.org\/{rel}","templated":true}]}}