{"id":17003,"date":"2022-07-15T08:54:23","date_gmt":"2022-07-15T06:54:23","guid":{"rendered":"https:\/\/nicoteam.gr\/?post_type=product&#038;p=17003"},"modified":"2025-11-19T13:48:14","modified_gmt":"2025-11-19T11:48:14","slug":"%ce%ba%ce%b1%cf%80%ce%bd%cf%8c%cf%82-%cf%80%ce%af%cf%80%ce%b1%cf%82-davidoff-flake-medallions-50g","status":"publish","type":"product","link":"https:\/\/nicoteam.gr\/tr\/product\/%ce%ba%ce%b1%cf%80%ce%bd%cf%8c%cf%82-%cf%80%ce%af%cf%80%ce%b1%cf%82-davidoff-flake-medallions-50g\/","title":{"rendered":"Davidoff Flake Medallions Pipo T\u00fct\u00fcn\u00fc 50gr"},"content":{"rendered":"","protected":false},"excerpt":{"rendered":"<p>Davidoff Pul Madalyonlar\u0131 (50g). Yapraklar\u0131n \u00e7arp\u0131c\u0131 aromas\u0131 ve Virginia t\u00fct\u00fcnlerinin do\u011fal tatl\u0131l\u0131\u011f\u0131 bu karakteristik aromay\u0131 verir. Kesinlikle rafine ve farkl\u0131, karakteristik \u015fekli (Flake) ile en talepkar pipo t\u00fct\u00fcn\u00fc severlere g\u00f6re m\u00fckemmelli\u011fe dokunuyor.<\/p>","protected":false},"featured_media":17004,"template":"","meta":{"_acf_changed":false,"_kadence_starter_templates_imported_post":false,"_kad_post_transparent":"","_kad_post_title":"","_kad_post_layout":"","_kad_post_sidebar_id":"","_kad_post_content_style":"","_kad_post_vertical_padding":"","_kad_post_feature":"","_kad_post_feature_position":"","_kad_post_header":false,"_kad_post_footer":false},"product_cat":[155],"product_tag":[],"class_list":{"0":"post-17003","1":"product","2":"type-product","3":"status-publish","4":"has-post-thumbnail","6":"product_cat-kapnoi-pipas","7":"product_shipping_class-kapnika","9":"first","10":"instock","11":"purchasable","12":"product-type-simple","13":"entry","14":"content-bg","15":"loop-entry"},"acf":[],"_links":{"self":[{"href":"https:\/\/nicoteam.gr\/tr\/wp-json\/wp\/v2\/product\/17003","targetHints":{"allow":["GET"]}}],"collection":[{"href":"https:\/\/nicoteam.gr\/tr\/wp-json\/wp\/v2\/product"}],"about":[{"href":"https:\/\/nicoteam.gr\/tr\/wp-json\/wp\/v2\/types\/product"}],"wp:featuredmedia":[{"embeddable":true,"href":"https:\/\/nicoteam.gr\/tr\/wp-json\/wp\/v2\/media\/17004"}],"wp:attachment":[{"href":"https:\/\/nicoteam.gr\/tr\/wp-json\/wp\/v2\/media?parent=17003"}],"wp:term":[{"taxonomy":"product_cat","embeddable":true,"href":"https:\/\/nicoteam.gr\/tr\/wp-json\/wp\/v2\/product_cat?post=17003"},{"taxonomy":"product_tag","embeddable":true,"href":"https:\/\/nicoteam.gr\/tr\/wp-json\/wp\/v2\/product_tag?post=17003"}],"curies":[{"name":"wp","href":"https:\/\/api.w.org\/{rel}","templated":true}]}}