{"id":16999,"date":"2022-07-15T08:51:48","date_gmt":"2022-07-15T06:51:48","guid":{"rendered":"https:\/\/nicoteam.gr\/?post_type=product&#038;p=16999"},"modified":"2025-07-10T11:20:25","modified_gmt":"2025-07-10T09:20:25","slug":"%ce%ba%ce%b1%cf%80%ce%bd%cf%8c%cf%82-%cf%80%ce%af%cf%80%ce%b1%cf%82-davidoff-english-mixture-50g","status":"publish","type":"product","link":"https:\/\/nicoteam.gr\/tr\/product\/%ce%ba%ce%b1%cf%80%ce%bd%cf%8c%cf%82-%cf%80%ce%af%cf%80%ce%b1%cf%82-davidoff-english-mixture-50g\/","title":{"rendered":"Davidoff English Kar\u0131\u015f\u0131m Pipo T\u00fct\u00fcn\u00fc 50gr"},"content":{"rendered":"","protected":false},"excerpt":{"rendered":"<p>Davidoff \u0130ngiliz Kar\u0131\u015f\u0131m\u0131 (50g). Geleneksel \u0130ngiliz, orta kesimli, Virginia, Burley ve Lazkiye kar\u0131\u015f\u0131m\u0131. Aromay\u0131 daha da artt\u0131rmak i\u00e7in baharat notalar\u0131 eklenmi\u015ftir. Son derece yumu\u015fak ve ayn\u0131 zamanda uzun s\u00fcre kal\u0131c\u0131 tada sahip bir duman.<\/p>\n<p>&nbsp;<\/p>\n<p>Davidoff&#039;tan m\u00fckemmel, y\u00fcksek kaliteli bir t\u00fct\u00fcn.<\/p>","protected":false},"featured_media":17000,"template":"","meta":{"_acf_changed":false,"_kadence_starter_templates_imported_post":false,"_kad_post_transparent":"","_kad_post_title":"","_kad_post_layout":"","_kad_post_sidebar_id":"","_kad_post_content_style":"","_kad_post_vertical_padding":"","_kad_post_feature":"","_kad_post_feature_position":"","_kad_post_header":false,"_kad_post_footer":false},"product_cat":[155],"product_tag":[],"class_list":{"0":"post-16999","1":"product","2":"type-product","3":"status-publish","4":"has-post-thumbnail","6":"product_cat-kapnoi-pipas","7":"product_shipping_class-kapnika","9":"first","10":"instock","11":"purchasable","12":"product-type-simple","13":"entry","14":"content-bg","15":"loop-entry"},"acf":[],"_links":{"self":[{"href":"https:\/\/nicoteam.gr\/tr\/wp-json\/wp\/v2\/product\/16999","targetHints":{"allow":["GET"]}}],"collection":[{"href":"https:\/\/nicoteam.gr\/tr\/wp-json\/wp\/v2\/product"}],"about":[{"href":"https:\/\/nicoteam.gr\/tr\/wp-json\/wp\/v2\/types\/product"}],"wp:featuredmedia":[{"embeddable":true,"href":"https:\/\/nicoteam.gr\/tr\/wp-json\/wp\/v2\/media\/17000"}],"wp:attachment":[{"href":"https:\/\/nicoteam.gr\/tr\/wp-json\/wp\/v2\/media?parent=16999"}],"wp:term":[{"taxonomy":"product_cat","embeddable":true,"href":"https:\/\/nicoteam.gr\/tr\/wp-json\/wp\/v2\/product_cat?post=16999"},{"taxonomy":"product_tag","embeddable":true,"href":"https:\/\/nicoteam.gr\/tr\/wp-json\/wp\/v2\/product_tag?post=16999"}],"curies":[{"name":"wp","href":"https:\/\/api.w.org\/{rel}","templated":true}]}}