{"id":16983,"date":"2022-07-15T08:25:35","date_gmt":"2022-07-15T06:25:35","guid":{"rendered":"https:\/\/nicoteam.gr\/?post_type=product&#038;p=16983"},"modified":"2026-03-27T14:21:51","modified_gmt":"2026-03-27T12:21:51","slug":"%ce%ba%ce%b1%cf%80%ce%bd%cf%8c%cf%82-%cf%80%ce%af%cf%80%ce%b1%cf%82-captain-black-regular-50g","status":"publish","type":"product","link":"https:\/\/nicoteam.gr\/tr\/product\/%ce%ba%ce%b1%cf%80%ce%bd%cf%8c%cf%82-%cf%80%ce%af%cf%80%ce%b1%cf%82-captain-black-regular-50g\/","title":{"rendered":"Kaptan Siyah Normal Pipo T\u00fct\u00fcn\u00fc (50g)"},"content":{"rendered":"","protected":false},"excerpt":{"rendered":"<p>Kaptan Siyah Normal (50g). Black Cavendish t\u00fct\u00fcnleri kar\u0131\u015f\u0131m\u0131n aromas\u0131na hakim olurken, Burley ve Golden Virginia t\u00fct\u00fcnleri tada derinlik ve yo\u011funluk kat\u0131yor.<\/p>\n<p>Kesim: Orta<\/p>\n<p>Aromalar: Vanilya aromalar\u0131yla tatl\u0131 tat<\/p>\n<p>Captain Black markas\u0131 1957 y\u0131l\u0131nda hafif aromatik ve yava\u015f yanan bir t\u00fct\u00fcnle kar\u015f\u0131m\u0131za \u00e7\u0131kt\u0131. Karakteristik Black Cavendish t\u00fct\u00fcn\u00fc, pipo t\u00fct\u00fcn\u00fc sat\u0131\u015flar\u0131nda d\u00fcnya \u00e7ap\u0131nda en b\u00fcy\u00fck pazar pay\u0131na sahip olan Captain Black markas\u0131n\u0131n \u00f6zellikle iyi tan\u0131nmas\u0131n\u0131 sa\u011flam\u0131\u015ft\u0131r.<\/p>","protected":false},"featured_media":16985,"template":"","meta":{"_acf_changed":false,"_kadence_starter_templates_imported_post":false,"_kad_post_transparent":"","_kad_post_title":"","_kad_post_layout":"","_kad_post_sidebar_id":"","_kad_post_content_style":"","_kad_post_vertical_padding":"","_kad_post_feature":"","_kad_post_feature_position":"","_kad_post_header":false,"_kad_post_footer":false},"product_cat":[155],"product_tag":[],"class_list":{"0":"post-16983","1":"product","2":"type-product","3":"status-publish","4":"has-post-thumbnail","6":"product_cat-kapnoi-pipas","7":"product_shipping_class-kapnika","9":"first","10":"instock","11":"purchasable","12":"product-type-simple","13":"entry","14":"content-bg","15":"loop-entry"},"acf":[],"_links":{"self":[{"href":"https:\/\/nicoteam.gr\/tr\/wp-json\/wp\/v2\/product\/16983","targetHints":{"allow":["GET"]}}],"collection":[{"href":"https:\/\/nicoteam.gr\/tr\/wp-json\/wp\/v2\/product"}],"about":[{"href":"https:\/\/nicoteam.gr\/tr\/wp-json\/wp\/v2\/types\/product"}],"wp:featuredmedia":[{"embeddable":true,"href":"https:\/\/nicoteam.gr\/tr\/wp-json\/wp\/v2\/media\/16985"}],"wp:attachment":[{"href":"https:\/\/nicoteam.gr\/tr\/wp-json\/wp\/v2\/media?parent=16983"}],"wp:term":[{"taxonomy":"product_cat","embeddable":true,"href":"https:\/\/nicoteam.gr\/tr\/wp-json\/wp\/v2\/product_cat?post=16983"},{"taxonomy":"product_tag","embeddable":true,"href":"https:\/\/nicoteam.gr\/tr\/wp-json\/wp\/v2\/product_tag?post=16983"}],"curies":[{"name":"wp","href":"https:\/\/api.w.org\/{rel}","templated":true}]}}