{"id":16974,"date":"2022-07-14T11:24:31","date_gmt":"2022-07-14T09:24:31","guid":{"rendered":"https:\/\/nicoteam.gr\/?post_type=product&#038;p=16974"},"modified":"2026-04-13T16:47:50","modified_gmt":"2026-04-13T14:47:50","slug":"partagas-chicos-25s","status":"publish","type":"product","link":"https:\/\/nicoteam.gr\/tr\/product\/partagas-chicos-25s\/","title":{"rendered":"Partagas Chicos 25&#039;ler"},"content":{"rendered":"","protected":false},"excerpt":{"rendered":"<p><strong>Partagas Chicos 25&#039;ler<\/strong><\/p>\n<p><span style=\"font-family: var(--global-body-font-family);\">Bu efsanevi marka 1845 y\u0131l\u0131nda yarat\u0131ld\u0131. <strong>Jaime Partag\u00e1s<\/strong>. Havana Ulusal Ba\u015fkenti&#039;nin arkas\u0131ndaki fabrika, \u015fehrin ve d\u00fcnyan\u0131n en eski ve en \u00fcnl\u00fc fabrikalar\u0131ndan biridir. <\/span>\u03a4\u03b1<strong> Partagalar<\/strong> onun i\u00e7in hemen tan\u0131nabilir <strong>yo\u011fun lezzet<\/strong> onlar\u0131n. B\u00f6lgeden se\u00e7ilmi\u015f purolardan olu\u015fan kar\u0131\u015f\u0131m\u0131n karakteri <strong>Vuelta Abajo<\/strong>Pinar del R\u00edo b\u00f6lgesinde, <strong>e\u015fsiz bir zenginli\u011fe ve aromaya sahiptir. <\/strong>Pakette 25 adet bulunmaktad\u0131r <strong>par\u00e7alar.\u00a0<\/strong><\/p>\n<p><em>Puro \u00f6zellikleri<strong> Partagas Chico&#039;lar\u00a0<\/strong><\/em><\/p>\n<ul>\n<li><em>Uzunluk:\u00a0<strong>11 cm<\/strong><\/em><\/li>\n<li><em>Y\u00fcz\u00fck:\u00a0<strong>29<\/strong><\/em><\/li>\n<li><em>Men\u015fei:\u00a0<strong>K\u00fcba<\/strong><\/em><\/li>\n<li><em>Geleneksel el yap\u0131m\u0131\u00a0<strong>K\u00fcba purosu\u00a0<\/strong><\/em><\/li>\n<li><em>T\u00fct\u00fcn yeti\u015ftirme alan\u0131:\u00a0<strong>Vuelta Abajo<\/strong><\/em><\/li>\n<li><em>Yo\u011funluk: <strong>G\u00fc\u00e7l\u00fc <\/strong><\/em><\/li>\n<\/ul>","protected":false},"featured_media":16975,"template":"","meta":{"_acf_changed":false,"_kadence_starter_templates_imported_post":false,"_kad_post_transparent":"default","_kad_post_title":"","_kad_post_layout":"default","_kad_post_sidebar_id":"","_kad_post_content_style":"default","_kad_post_vertical_padding":"default","_kad_post_feature":"","_kad_post_feature_position":"","_kad_post_header":false,"_kad_post_footer":false},"product_cat":[1266,152],"product_tag":[1347],"class_list":{"0":"post-16974","1":"product","2":"type-product","3":"status-publish","4":"has-post-thumbnail","6":"product_cat-partagas","7":"product_cat-cigarillos","8":"product_tag-partagas","9":"product_shipping_class-kapnika","11":"first","12":"instock","13":"purchasable","14":"product-type-simple","15":"entry","16":"content-bg","17":"loop-entry"},"acf":[],"_links":{"self":[{"href":"https:\/\/nicoteam.gr\/tr\/wp-json\/wp\/v2\/product\/16974","targetHints":{"allow":["GET"]}}],"collection":[{"href":"https:\/\/nicoteam.gr\/tr\/wp-json\/wp\/v2\/product"}],"about":[{"href":"https:\/\/nicoteam.gr\/tr\/wp-json\/wp\/v2\/types\/product"}],"wp:featuredmedia":[{"embeddable":true,"href":"https:\/\/nicoteam.gr\/tr\/wp-json\/wp\/v2\/media\/16975"}],"wp:attachment":[{"href":"https:\/\/nicoteam.gr\/tr\/wp-json\/wp\/v2\/media?parent=16974"}],"wp:term":[{"taxonomy":"product_cat","embeddable":true,"href":"https:\/\/nicoteam.gr\/tr\/wp-json\/wp\/v2\/product_cat?post=16974"},{"taxonomy":"product_tag","embeddable":true,"href":"https:\/\/nicoteam.gr\/tr\/wp-json\/wp\/v2\/product_tag?post=16974"}],"curies":[{"name":"wp","href":"https:\/\/api.w.org\/{rel}","templated":true}]}}