{"id":16972,"date":"2022-07-14T11:06:47","date_gmt":"2022-07-14T09:06:47","guid":{"rendered":"https:\/\/nicoteam.gr\/?post_type=product&#038;p=16972"},"modified":"2026-04-24T11:18:25","modified_gmt":"2026-04-24T09:18:25","slug":"partagas-chicos-5s","status":"publish","type":"product","link":"https:\/\/nicoteam.gr\/tr\/product\/partagas-chicos-5s\/","title":{"rendered":"Partagas Chicos 5&#039;ler"},"content":{"rendered":"","protected":false},"excerpt":{"rendered":"<p>Cigarillos Partagas, ilgili purolar\u0131n karakteristik tad\u0131yla orta yo\u011funlukta bir deneyim sunar.<\/p>\n<p>&nbsp;<\/p>\n<p>Puritos boyutunda, K\u00fcba Cigarillo&#039;lar\u0131n\u0131n en uzun boyutu.<\/p>\n<p>Uzunluk: 109mm<\/p>\n<p>\u00c7ap: 10mm \/ 26 Y\u00fcz\u00fck<\/p>\n<p>Yo\u011funluk: Orta<\/p>\n<p>Filtre: Hay\u0131r<\/p>","protected":false},"featured_media":16973,"template":"","meta":{"_acf_changed":false,"_kadence_starter_templates_imported_post":false,"_kad_post_transparent":"","_kad_post_title":"","_kad_post_layout":"","_kad_post_sidebar_id":"","_kad_post_content_style":"","_kad_post_vertical_padding":"","_kad_post_feature":"","_kad_post_feature_position":"","_kad_post_header":false,"_kad_post_footer":false},"product_cat":[1266,152],"product_tag":[],"class_list":{"0":"post-16972","1":"product","2":"type-product","3":"status-publish","4":"has-post-thumbnail","6":"product_cat-partagas","7":"product_cat-cigarillos","8":"product_shipping_class-kapnika","10":"first","11":"instock","12":"purchasable","13":"product-type-simple","14":"entry","15":"content-bg","16":"loop-entry"},"acf":[],"_links":{"self":[{"href":"https:\/\/nicoteam.gr\/tr\/wp-json\/wp\/v2\/product\/16972","targetHints":{"allow":["GET"]}}],"collection":[{"href":"https:\/\/nicoteam.gr\/tr\/wp-json\/wp\/v2\/product"}],"about":[{"href":"https:\/\/nicoteam.gr\/tr\/wp-json\/wp\/v2\/types\/product"}],"wp:featuredmedia":[{"embeddable":true,"href":"https:\/\/nicoteam.gr\/tr\/wp-json\/wp\/v2\/media\/16973"}],"wp:attachment":[{"href":"https:\/\/nicoteam.gr\/tr\/wp-json\/wp\/v2\/media?parent=16972"}],"wp:term":[{"taxonomy":"product_cat","embeddable":true,"href":"https:\/\/nicoteam.gr\/tr\/wp-json\/wp\/v2\/product_cat?post=16972"},{"taxonomy":"product_tag","embeddable":true,"href":"https:\/\/nicoteam.gr\/tr\/wp-json\/wp\/v2\/product_tag?post=16972"}],"curies":[{"name":"wp","href":"https:\/\/api.w.org\/{rel}","templated":true}]}}