{"id":16947,"date":"2022-07-14T10:46:29","date_gmt":"2022-07-14T08:46:29","guid":{"rendered":"https:\/\/nicoteam.gr\/?post_type=product&#038;p=16947"},"modified":"2026-04-13T16:47:50","modified_gmt":"2026-04-13T14:47:50","slug":"romeo-y-julieta-puritos-25s","status":"publish","type":"product","link":"https:\/\/nicoteam.gr\/tr\/product\/romeo-y-julieta-puritos-25s\/","title":{"rendered":"Romeo ve Julieta Puritos 25&#039;ler"},"content":{"rendered":"","protected":false},"excerpt":{"rendered":"<p>Puro Romeo ve Julieta. Hafif tada sahip, hafif ila orta dereceli purolar. \u0130deal bir mola i\u00e7in uygun boyutlarda paketler halinde sunulurlar.<\/p>\n<p>&nbsp;<\/p>\n<p>Puritos boyutunda, K\u00fcba Cigarillo&#039;lar\u0131n\u0131n en uzun boyutu.<\/p>\n<p>Uzunluk: 109mm<\/p>\n<p>\u00c7ap: 10mm \/ 26 Y\u00fcz\u00fck<\/p>\n<p>Yo\u011funluk: Orta<\/p>\n<p>Filtre: Hay\u0131r<\/p>","protected":false},"featured_media":16948,"template":"","meta":{"_acf_changed":false,"_kadence_starter_templates_imported_post":false,"_kad_post_transparent":"default","_kad_post_title":"","_kad_post_layout":"default","_kad_post_sidebar_id":"","_kad_post_content_style":"default","_kad_post_vertical_padding":"default","_kad_post_feature":"","_kad_post_feature_position":"","_kad_post_header":false,"_kad_post_footer":false},"product_cat":[1273,152],"product_tag":[],"class_list":{"0":"post-16947","1":"product","2":"type-product","3":"status-publish","4":"has-post-thumbnail","6":"product_cat-romeo-y-julieta","7":"product_cat-cigarillos","8":"product_shipping_class-kapnika","10":"first","11":"instock","12":"purchasable","13":"product-type-simple","14":"entry","15":"content-bg","16":"loop-entry"},"acf":[],"_links":{"self":[{"href":"https:\/\/nicoteam.gr\/tr\/wp-json\/wp\/v2\/product\/16947","targetHints":{"allow":["GET"]}}],"collection":[{"href":"https:\/\/nicoteam.gr\/tr\/wp-json\/wp\/v2\/product"}],"about":[{"href":"https:\/\/nicoteam.gr\/tr\/wp-json\/wp\/v2\/types\/product"}],"wp:featuredmedia":[{"embeddable":true,"href":"https:\/\/nicoteam.gr\/tr\/wp-json\/wp\/v2\/media\/16948"}],"wp:attachment":[{"href":"https:\/\/nicoteam.gr\/tr\/wp-json\/wp\/v2\/media?parent=16947"}],"wp:term":[{"taxonomy":"product_cat","embeddable":true,"href":"https:\/\/nicoteam.gr\/tr\/wp-json\/wp\/v2\/product_cat?post=16947"},{"taxonomy":"product_tag","embeddable":true,"href":"https:\/\/nicoteam.gr\/tr\/wp-json\/wp\/v2\/product_tag?post=16947"}],"curies":[{"name":"wp","href":"https:\/\/api.w.org\/{rel}","templated":true}]}}