{"id":16939,"date":"2022-07-14T10:35:37","date_gmt":"2022-07-14T08:35:37","guid":{"rendered":"https:\/\/nicoteam.gr\/?post_type=product&#038;p=16939"},"modified":"2026-04-13T16:47:50","modified_gmt":"2026-04-13T14:47:50","slug":"montecristo-puritos-25s","status":"publish","type":"product","link":"https:\/\/nicoteam.gr\/tr\/product\/montecristo-puritos-25s\/","title":{"rendered":"Montecristo Puritos 25&#039;ler"},"content":{"rendered":"","protected":false},"excerpt":{"rendered":"<p>El yap\u0131m\u0131 puro kalitesini kar\u015f\u0131layan y\u00fcksek kaliteli t\u00fct\u00fcnlere sahip Cigarillos Montecristo.<\/p>\n<p>\u0130deal bir mola i\u00e7in uygun boyutlarda paketler halinde sunulurlar.<\/p>\n<p>Di\u011fer Cigarillo&#039;lardan olduk\u00e7a daha kal\u0131n ve daha geni\u015f olan K\u0131sa boyutta.<\/p>\n<p>Uzunluk: 82mm<\/p>\n<p>\u00c7ap: 11mm \/ 28 Y\u00fcz\u00fck<\/p>\n<p>Yo\u011funluk: Orta ila G\u00fc\u00e7l\u00fc<\/p>\n<p>Filtre: Hay\u0131r<\/p>","protected":false},"featured_media":16940,"template":"","meta":{"_acf_changed":false,"_kadence_starter_templates_imported_post":false,"_kad_post_transparent":"default","_kad_post_title":"","_kad_post_layout":"default","_kad_post_sidebar_id":"","_kad_post_content_style":"default","_kad_post_vertical_padding":"default","_kad_post_feature":"","_kad_post_feature_position":"","_kad_post_header":false,"_kad_post_footer":false},"product_cat":[1265,152],"product_tag":[],"class_list":{"0":"post-16939","1":"product","2":"type-product","3":"status-publish","4":"has-post-thumbnail","6":"product_cat-montecristo","7":"product_cat-cigarillos","8":"product_shipping_class-kapnika","10":"first","11":"instock","12":"purchasable","13":"product-type-simple","14":"entry","15":"content-bg","16":"loop-entry"},"acf":[],"_links":{"self":[{"href":"https:\/\/nicoteam.gr\/tr\/wp-json\/wp\/v2\/product\/16939","targetHints":{"allow":["GET"]}}],"collection":[{"href":"https:\/\/nicoteam.gr\/tr\/wp-json\/wp\/v2\/product"}],"about":[{"href":"https:\/\/nicoteam.gr\/tr\/wp-json\/wp\/v2\/types\/product"}],"wp:featuredmedia":[{"embeddable":true,"href":"https:\/\/nicoteam.gr\/tr\/wp-json\/wp\/v2\/media\/16940"}],"wp:attachment":[{"href":"https:\/\/nicoteam.gr\/tr\/wp-json\/wp\/v2\/media?parent=16939"}],"wp:term":[{"taxonomy":"product_cat","embeddable":true,"href":"https:\/\/nicoteam.gr\/tr\/wp-json\/wp\/v2\/product_cat?post=16939"},{"taxonomy":"product_tag","embeddable":true,"href":"https:\/\/nicoteam.gr\/tr\/wp-json\/wp\/v2\/product_tag?post=16939"}],"curies":[{"name":"wp","href":"https:\/\/api.w.org\/{rel}","templated":true}]}}