{"id":16935,"date":"2022-07-14T10:30:52","date_gmt":"2022-07-14T08:30:52","guid":{"rendered":"https:\/\/nicoteam.gr\/?post_type=product&#038;p=16935"},"modified":"2026-03-09T10:26:09","modified_gmt":"2026-03-09T08:26:09","slug":"montecristo-club-10s","status":"publish","type":"product","link":"https:\/\/nicoteam.gr\/tr\/product\/montecristo-club-10s\/","title":{"rendered":"Montecristo Kul\u00fcb\u00fc 10&#039;lar"},"content":{"rendered":"","protected":false},"excerpt":{"rendered":"<p><strong>Montecristo Kul\u00fcb\u00fc 10&#039;lar<\/strong><\/p>\n<p>Spesifik\u00a0<strong>Montecristo Kul\u00fcb\u00fc <\/strong>onlar\u0131n teklifi <strong>orta yo\u011funluk<\/strong> \u00a0ve zengin aroma. Paket \u015funlar\u0131 i\u00e7erir: <strong>10 adet.<\/strong><\/p>\n<p>Teklif edildi<em>\u00a0i\u00e7in uygun ambalaj\u00a0<\/em>A<em><strong>\u00a0ideal g\u00fcnl\u00fck keyif<\/strong>\u00a0kahveniz i\u00e7in\u2026<\/em><\/p>","protected":false},"featured_media":16936,"template":"","meta":{"_acf_changed":false,"_kadence_starter_templates_imported_post":false,"_kad_post_transparent":"default","_kad_post_title":"","_kad_post_layout":"default","_kad_post_sidebar_id":"","_kad_post_content_style":"default","_kad_post_vertical_padding":"default","_kad_post_feature":"","_kad_post_feature_position":"","_kad_post_header":false,"_kad_post_footer":false},"product_cat":[1265,152],"product_tag":[1348,1350,1358],"class_list":{"0":"post-16935","1":"product","2":"type-product","3":"status-publish","4":"has-post-thumbnail","6":"product_cat-montecristo","7":"product_cat-cigarillos","8":"product_tag-cigarillos","9":"product_tag-club","10":"product_tag-montecristo","11":"product_shipping_class-kapnika","13":"first","14":"instock","15":"purchasable","16":"product-type-simple","17":"entry","18":"content-bg","19":"loop-entry"},"acf":[],"_links":{"self":[{"href":"https:\/\/nicoteam.gr\/tr\/wp-json\/wp\/v2\/product\/16935","targetHints":{"allow":["GET"]}}],"collection":[{"href":"https:\/\/nicoteam.gr\/tr\/wp-json\/wp\/v2\/product"}],"about":[{"href":"https:\/\/nicoteam.gr\/tr\/wp-json\/wp\/v2\/types\/product"}],"wp:featuredmedia":[{"embeddable":true,"href":"https:\/\/nicoteam.gr\/tr\/wp-json\/wp\/v2\/media\/16936"}],"wp:attachment":[{"href":"https:\/\/nicoteam.gr\/tr\/wp-json\/wp\/v2\/media?parent=16935"}],"wp:term":[{"taxonomy":"product_cat","embeddable":true,"href":"https:\/\/nicoteam.gr\/tr\/wp-json\/wp\/v2\/product_cat?post=16935"},{"taxonomy":"product_tag","embeddable":true,"href":"https:\/\/nicoteam.gr\/tr\/wp-json\/wp\/v2\/product_tag?post=16935"}],"curies":[{"name":"wp","href":"https:\/\/api.w.org\/{rel}","templated":true}]}}