{"id":16920,"date":"2022-07-13T12:51:00","date_gmt":"2022-07-13T10:51:00","guid":{"rendered":"https:\/\/nicoteam.gr\/?post_type=product&#038;p=16920"},"modified":"2026-02-27T13:46:29","modified_gmt":"2026-02-27T11:46:29","slug":"cohiba-club-20s","status":"publish","type":"product","link":"https:\/\/nicoteam.gr\/tr\/product\/cohiba-club-20s\/","title":{"rendered":"Cohiba Kul\u00fcb\u00fc 20&#039;li y\u0131llar"},"content":{"rendered":"","protected":false},"excerpt":{"rendered":"<p>Y\u00fcksek kaliteli t\u00fct\u00fcnlerden Cohiba purolar\u0131. \u0130deal bir mola i\u00e7in uygun boyutlarda paketler halinde sunulurlar. Cohiba&#039;n\u0131n karakteristik lezzetini ve yo\u011funlu\u011funu koruyor.<\/p>\n<p>&nbsp;<\/p>\n<p>Club boyutunda, Cigarillo&#039;lar\u0131n en pop\u00fcler ve dengeli boyutu.<\/p>\n<p>Uzunluk: 96mm<\/p>\n<p>\u00c7ap: 8,8 mm \/ 22 Y\u00fcz\u00fck<\/p>\n<p>Yo\u011funluk: Orta ila G\u00fc\u00e7l\u00fc<\/p>\n<p>Filtre: Hay\u0131r<\/p>","protected":false},"featured_media":16924,"template":"","meta":{"_acf_changed":false,"_kadence_starter_templates_imported_post":false,"_kad_post_transparent":"default","_kad_post_title":"","_kad_post_layout":"default","_kad_post_sidebar_id":"","_kad_post_content_style":"default","_kad_post_vertical_padding":"default","_kad_post_feature":"","_kad_post_feature_position":"","_kad_post_header":false,"_kad_post_footer":false},"product_cat":[1257,152],"product_tag":[],"class_list":{"0":"post-16920","1":"product","2":"type-product","3":"status-publish","4":"has-post-thumbnail","6":"product_cat-cohiba","7":"product_cat-cigarillos","8":"product_shipping_class-kapnika","10":"first","11":"instock","12":"purchasable","13":"product-type-simple","14":"entry","15":"content-bg","16":"loop-entry"},"acf":[],"_links":{"self":[{"href":"https:\/\/nicoteam.gr\/tr\/wp-json\/wp\/v2\/product\/16920","targetHints":{"allow":["GET"]}}],"collection":[{"href":"https:\/\/nicoteam.gr\/tr\/wp-json\/wp\/v2\/product"}],"about":[{"href":"https:\/\/nicoteam.gr\/tr\/wp-json\/wp\/v2\/types\/product"}],"wp:featuredmedia":[{"embeddable":true,"href":"https:\/\/nicoteam.gr\/tr\/wp-json\/wp\/v2\/media\/16924"}],"wp:attachment":[{"href":"https:\/\/nicoteam.gr\/tr\/wp-json\/wp\/v2\/media?parent=16920"}],"wp:term":[{"taxonomy":"product_cat","embeddable":true,"href":"https:\/\/nicoteam.gr\/tr\/wp-json\/wp\/v2\/product_cat?post=16920"},{"taxonomy":"product_tag","embeddable":true,"href":"https:\/\/nicoteam.gr\/tr\/wp-json\/wp\/v2\/product_tag?post=16920"}],"curies":[{"name":"wp","href":"https:\/\/api.w.org\/{rel}","templated":true}]}}