{"id":16917,"date":"2022-07-13T12:50:49","date_gmt":"2022-07-13T10:50:49","guid":{"rendered":"https:\/\/nicoteam.gr\/?post_type=product&#038;p=16917"},"modified":"2026-03-26T11:58:08","modified_gmt":"2026-03-26T09:58:08","slug":"cohiba-mini-20s","status":"publish","type":"product","link":"https:\/\/nicoteam.gr\/tr\/product\/cohiba-mini-20s\/","title":{"rendered":"Cohiba Mini 20&#039;li y\u0131llar"},"content":{"rendered":"","protected":false},"excerpt":{"rendered":"<p>Y\u00fcksek kaliteli t\u00fct\u00fcnlerden Cohiba purolar\u0131. \u0130deal bir mola i\u00e7in uygun boyutlarda paketler halinde sunulurlar. Cohiba&#039;n\u0131n karakteristik lezzetini ve yo\u011funlu\u011funu koruyor.<\/p>\n<p>&nbsp;<\/p>\n<p>&nbsp;<\/p>\n<p>Mini boy, K\u00fcba Cigarillo&#039;lar\u0131n\u0131n en k\u00fc\u00e7\u00fc\u011f\u00fcd\u00fcr ve k\u0131sa s\u00fcreli keyif i\u00e7in ideal se\u00e7imdir.<\/p>\n<p>&nbsp;<\/p>\n<p>Uzunluk: 82mm<\/p>\n<p>\u00c7ap: 7,8 mm \/ 20 Halka<\/p>\n<p>Yo\u011funluk: Hafif ila Orta<\/p>\n<p>Filtre: Hay\u0131r<\/p>","protected":false},"featured_media":16921,"template":"","meta":{"_acf_changed":false,"_kadence_starter_templates_imported_post":false,"_kad_post_transparent":"","_kad_post_title":"","_kad_post_layout":"","_kad_post_sidebar_id":"","_kad_post_content_style":"","_kad_post_vertical_padding":"","_kad_post_feature":"","_kad_post_feature_position":"","_kad_post_header":false,"_kad_post_footer":false},"product_cat":[1257,152],"product_tag":[],"class_list":{"0":"post-16917","1":"product","2":"type-product","3":"status-publish","4":"has-post-thumbnail","6":"product_cat-cohiba","7":"product_cat-cigarillos","8":"product_shipping_class-kapnika","10":"first","11":"instock","12":"purchasable","13":"product-type-simple","14":"entry","15":"content-bg","16":"loop-entry"},"acf":[],"_links":{"self":[{"href":"https:\/\/nicoteam.gr\/tr\/wp-json\/wp\/v2\/product\/16917","targetHints":{"allow":["GET"]}}],"collection":[{"href":"https:\/\/nicoteam.gr\/tr\/wp-json\/wp\/v2\/product"}],"about":[{"href":"https:\/\/nicoteam.gr\/tr\/wp-json\/wp\/v2\/types\/product"}],"wp:featuredmedia":[{"embeddable":true,"href":"https:\/\/nicoteam.gr\/tr\/wp-json\/wp\/v2\/media\/16921"}],"wp:attachment":[{"href":"https:\/\/nicoteam.gr\/tr\/wp-json\/wp\/v2\/media?parent=16917"}],"wp:term":[{"taxonomy":"product_cat","embeddable":true,"href":"https:\/\/nicoteam.gr\/tr\/wp-json\/wp\/v2\/product_cat?post=16917"},{"taxonomy":"product_tag","embeddable":true,"href":"https:\/\/nicoteam.gr\/tr\/wp-json\/wp\/v2\/product_tag?post=16917"}],"curies":[{"name":"wp","href":"https:\/\/api.w.org\/{rel}","templated":true}]}}