{"id":16900,"date":"2022-07-13T11:48:41","date_gmt":"2022-07-13T09:48:41","guid":{"rendered":"https:\/\/nicoteam.gr\/?post_type=product&#038;p=16900"},"modified":"2025-07-01T12:45:03","modified_gmt":"2025-07-01T10:45:03","slug":"chazz-cigarillos-20s","status":"publish","type":"product","link":"https:\/\/nicoteam.gr\/tr\/product\/chazz-cigarillos-20s\/","title":{"rendered":"Chazz Purolar\u0131 20&#039;li Y\u0131llar"},"content":{"rendered":"","protected":false},"excerpt":{"rendered":"<p>Chazz cigarillo. Dominik Cumhuriyeti&#039;nden geliyorlar. \u0130yi bir kalite\/fiyat oran\u0131yla. 100% T\u00fct\u00fcn i\u00e7eren bir Cigarillo.<\/p>\n<p>Yo\u011funluk: Hafif<\/p>\n<p>Boyutlar: 100(mm) x 9(mm)<\/p>","protected":false},"featured_media":16901,"template":"","meta":{"_acf_changed":false,"_kadence_starter_templates_imported_post":false,"_kad_post_transparent":"default","_kad_post_title":"","_kad_post_layout":"default","_kad_post_sidebar_id":"","_kad_post_content_style":"default","_kad_post_vertical_padding":"default","_kad_post_feature":"","_kad_post_feature_position":"","_kad_post_header":false,"_kad_post_footer":false},"product_cat":[1235,152],"product_tag":[],"class_list":{"0":"post-16900","1":"product","2":"type-product","3":"status-publish","4":"has-post-thumbnail","6":"product_cat-1235","7":"product_cat-cigarillos","8":"product_shipping_class-kapnika","10":"first","11":"instock","12":"purchasable","13":"product-type-simple","14":"entry","15":"content-bg","16":"loop-entry"},"acf":[],"_links":{"self":[{"href":"https:\/\/nicoteam.gr\/tr\/wp-json\/wp\/v2\/product\/16900","targetHints":{"allow":["GET"]}}],"collection":[{"href":"https:\/\/nicoteam.gr\/tr\/wp-json\/wp\/v2\/product"}],"about":[{"href":"https:\/\/nicoteam.gr\/tr\/wp-json\/wp\/v2\/types\/product"}],"wp:featuredmedia":[{"embeddable":true,"href":"https:\/\/nicoteam.gr\/tr\/wp-json\/wp\/v2\/media\/16901"}],"wp:attachment":[{"href":"https:\/\/nicoteam.gr\/tr\/wp-json\/wp\/v2\/media?parent=16900"}],"wp:term":[{"taxonomy":"product_cat","embeddable":true,"href":"https:\/\/nicoteam.gr\/tr\/wp-json\/wp\/v2\/product_cat?post=16900"},{"taxonomy":"product_tag","embeddable":true,"href":"https:\/\/nicoteam.gr\/tr\/wp-json\/wp\/v2\/product_tag?post=16900"}],"curies":[{"name":"wp","href":"https:\/\/api.w.org\/{rel}","templated":true}]}}