{"id":16827,"date":"2022-07-04T13:09:33","date_gmt":"2022-07-04T11:09:33","guid":{"rendered":"https:\/\/nicoteam.gr\/?post_type=product&#038;p=16827"},"modified":"2024-11-21T09:15:46","modified_gmt":"2024-11-21T07:15:46","slug":"montecristo-edmundo","status":"publish","type":"product","link":"https:\/\/nicoteam.gr\/tr\/product\/montecristo-edmundo\/","title":{"rendered":"Montecristo Edmundo (Box of 25s) (SPM-DIC-23)"},"content":{"rendered":"","protected":false},"excerpt":{"rendered":"<h4>Montecristo Edmundo<\/h4>\n<p>\u03a4\u03bf\u00a0<strong>Monte Cristo<\/strong>\u00a0K\u00fcba&#039;n\u0131n amiral gemisidir, \u00e7\u00fcnk\u00fc\u00a0<strong>daha y\u00fcksek kalite<\/strong>\u00a0t\u00fcm zamanlar\u0131n \u00fcretimi\u00a0<strong>K\u00fcba<\/strong>. Bir markay\u0131 bu kadar tan\u0131nabilir ve ba\u015far\u0131l\u0131 k\u0131lan sadece pazarlama de\u011fildir. Tam tersine puro\u00a0<strong>Monte Cristo<\/strong>\u00a0ister deneyimli ister acemi olsun, her sigara i\u00e7icisinin zevkini tatmin edebilirler. \u015e\u00f6hreti ondan \u00f6nce gelir, ancak deneyim en zorlu olan\u0131 bile hakl\u0131 \u00e7\u0131kar\u0131r!<\/p>\n<p><em>Puro \u00f6zellikleri\u00a0<strong>Montecristo Edmundo<\/strong><\/em><\/p>\n<ul>\n<li><em>Uzunluk:\u00a0<strong>13,5 cm<\/strong><\/em><\/li>\n<li><em>Y\u00fcz\u00fck:\u00a0<strong>52<\/strong><\/em><\/li>\n<li><em>Men\u015fei:\u00a0<strong>K\u00fcba<\/strong><\/em><\/li>\n<li><em>Geleneksel el yap\u0131m\u0131\u00a0<strong>K\u00fcba purosu\u00a0<\/strong><\/em><\/li>\n<li><em>T\u00fct\u00fcn yeti\u015ftirme alan\u0131:\u00a0<strong>Vuelta Arriba<\/strong><\/em><\/li>\n<li><em>Yo\u011funluk:\u00a0\u00a0<strong>Il\u0131man<\/strong><\/em><\/li>\n<\/ul>\n<p>&nbsp;<\/p>","protected":false},"featured_media":16828,"template":"","meta":{"_acf_changed":false,"_kadence_starter_templates_imported_post":false,"_kad_post_transparent":"default","_kad_post_title":"","_kad_post_layout":"default","_kad_post_sidebar_id":"","_kad_post_content_style":"default","_kad_post_vertical_padding":"default","_kad_post_feature":"","_kad_post_feature_position":"","_kad_post_header":false,"_kad_post_footer":false},"product_cat":[1265,598],"product_tag":[1358],"class_list":{"0":"post-16827","1":"product","2":"type-product","3":"status-publish","4":"has-post-thumbnail","6":"product_cat-montecristo","7":"product_cat-cuba-cigars","8":"product_tag-montecristo","9":"product_shipping_class-kapnika","11":"first","12":"outofstock","13":"purchasable","14":"product-type-simple","15":"entry","16":"content-bg","17":"loop-entry"},"acf":[],"_links":{"self":[{"href":"https:\/\/nicoteam.gr\/tr\/wp-json\/wp\/v2\/product\/16827","targetHints":{"allow":["GET"]}}],"collection":[{"href":"https:\/\/nicoteam.gr\/tr\/wp-json\/wp\/v2\/product"}],"about":[{"href":"https:\/\/nicoteam.gr\/tr\/wp-json\/wp\/v2\/types\/product"}],"wp:featuredmedia":[{"embeddable":true,"href":"https:\/\/nicoteam.gr\/tr\/wp-json\/wp\/v2\/media\/16828"}],"wp:attachment":[{"href":"https:\/\/nicoteam.gr\/tr\/wp-json\/wp\/v2\/media?parent=16827"}],"wp:term":[{"taxonomy":"product_cat","embeddable":true,"href":"https:\/\/nicoteam.gr\/tr\/wp-json\/wp\/v2\/product_cat?post=16827"},{"taxonomy":"product_tag","embeddable":true,"href":"https:\/\/nicoteam.gr\/tr\/wp-json\/wp\/v2\/product_tag?post=16827"}],"curies":[{"name":"wp","href":"https:\/\/api.w.org\/{rel}","templated":true}]}}