{"id":16745,"date":"2022-06-24T12:01:48","date_gmt":"2022-06-24T10:01:48","guid":{"rendered":"https:\/\/nicoteam.gr\/?post_type=product&#038;p=16745"},"modified":"2026-04-15T12:31:09","modified_gmt":"2026-04-15T10:31:09","slug":"vegueros-entretiempos","status":"publish","type":"product","link":"https:\/\/nicoteam.gr\/tr\/product\/vegueros-entretiempos\/","title":{"rendered":"Vegueros Entretiempos"},"content":{"rendered":"","protected":false},"excerpt":{"rendered":"<p><em><strong>Vegueros Entretiempos<\/strong><\/em><\/p>\n<p><em>Purolar <strong>Veguerolar<\/strong> ba\u015fta Pinar del Rio olmak \u00fczere binlerce y\u0131ld\u0131r t\u00fct\u00fcn yeti\u015ftiren \u00e7ift\u00e7ilere bir hediye olarak yarat\u0131ld\u0131. Bu nedenle ba\u015flang\u0131\u00e7ta uluslararas\u0131 pazara y\u00f6nelik tasarlanmam\u0131\u015flard\u0131. Ger\u00e7i zamanla purolar\u0131n ba\u015f\u0131na da buna benzer bir \u015fey geldi <strong>Veguerolar<\/strong> olduk\u00e7a tan\u0131nabilir hale geldiler ve m\u00fckemmel kalitelerini korudular.<strong> Tad\u0131 olgun ve dolgun olarak nitelendirilir.<\/strong><\/em><\/p>\n<p><em>Puro \u00f6zellikleri<strong> Centro Entretiempos<br \/>\n<\/strong><\/em><\/p>\n<ul>\n<li><em>Uzunluk:\u00a0<strong>11 cm<\/strong><\/em><\/li>\n<li><em>Y\u00fcz\u00fck:\u00a0<strong>52<\/strong><\/em><\/li>\n<li><em>Men\u015fei:\u00a0<strong>K\u00fcba<\/strong><\/em><\/li>\n<li><em>Geleneksel el yap\u0131m\u0131\u00a0<strong>K\u00fcba purosu\u00a0<\/strong><\/em><\/li>\n<li><em>T\u00fct\u00fcn yeti\u015ftirme alan\u0131:\u00a0<strong>Vuelta Abajo<\/strong><\/em><\/li>\n<li><em>Yo\u011funluk:\u00a0<strong>Orta ila G\u00fc\u00e7l\u00fc<\/strong><\/em><\/li>\n<\/ul>","protected":false},"featured_media":16746,"template":"","meta":{"_acf_changed":false,"_kadence_starter_templates_imported_post":false,"_kad_post_transparent":"default","_kad_post_title":"","_kad_post_layout":"default","_kad_post_sidebar_id":"","_kad_post_content_style":"default","_kad_post_vertical_padding":"default","_kad_post_feature":"","_kad_post_feature_position":"","_kad_post_header":false,"_kad_post_footer":false},"product_cat":[1278,598],"product_tag":[],"class_list":{"0":"post-16745","1":"product","2":"type-product","3":"status-publish","4":"has-post-thumbnail","6":"product_cat-vegueros","7":"product_cat-cuba-cigars","8":"product_shipping_class-kapnika","10":"first","11":"instock","12":"purchasable","13":"product-type-simple","14":"entry","15":"content-bg","16":"loop-entry"},"acf":[],"_links":{"self":[{"href":"https:\/\/nicoteam.gr\/tr\/wp-json\/wp\/v2\/product\/16745","targetHints":{"allow":["GET"]}}],"collection":[{"href":"https:\/\/nicoteam.gr\/tr\/wp-json\/wp\/v2\/product"}],"about":[{"href":"https:\/\/nicoteam.gr\/tr\/wp-json\/wp\/v2\/types\/product"}],"wp:featuredmedia":[{"embeddable":true,"href":"https:\/\/nicoteam.gr\/tr\/wp-json\/wp\/v2\/media\/16746"}],"wp:attachment":[{"href":"https:\/\/nicoteam.gr\/tr\/wp-json\/wp\/v2\/media?parent=16745"}],"wp:term":[{"taxonomy":"product_cat","embeddable":true,"href":"https:\/\/nicoteam.gr\/tr\/wp-json\/wp\/v2\/product_cat?post=16745"},{"taxonomy":"product_tag","embeddable":true,"href":"https:\/\/nicoteam.gr\/tr\/wp-json\/wp\/v2\/product_tag?post=16745"}],"curies":[{"name":"wp","href":"https:\/\/api.w.org\/{rel}","templated":true}]}}