{"id":16737,"date":"2022-06-23T09:06:23","date_gmt":"2022-06-23T07:06:23","guid":{"rendered":"https:\/\/nicoteam.gr\/?post_type=product&#038;p=16737"},"modified":"2026-04-11T18:23:16","modified_gmt":"2026-04-11T16:23:16","slug":"romeo-y-julieta-wide-churchills","status":"publish","type":"product","link":"https:\/\/nicoteam.gr\/tr\/product\/romeo-y-julieta-wide-churchills\/","title":{"rendered":"Romeo ve Julieta Geni\u015f Churchill&#039;ler"},"content":{"rendered":"<p>\u039f\u03b9 \u03b9\u03b4\u03b9\u03b1\u03af\u03c4\u03b5\u03c1\u03b5\u03c2 \u03b4\u03b9\u03b1\u03c3\u03c4\u03ac\u03c3\u03b5\u03b9\u03c2 \u03c4\u03bf\u03c5 Wide Churchill, \u03bc\u03bf\u03bd\u03b1\u03b4\u03b9\u03ba\u03ad\u03c2 \u03c3\u03b5 \u03b1\u03c5\u03c4\u03cc \u03c4\u03bf \u03b2\u03af\u03c4\u03bf\u03bb\u03b1, \u03c4\u03bf \u03ba\u03b1\u03b8\u03b9\u03c3\u03c4\u03bf\u03cd\u03bd \u03b9\u03b4\u03b9\u03b1\u03af\u03c4\u03b5\u03c1\u03b1 \u03b5\u03bb\u03ba\u03c5\u03c3\u03c4\u03b9\u03ba\u03cc \u03b3\u03b9\u03b1 \u03c4\u03bf\u03c5\u03c2 \u03ba\u03b1\u03c0\u03bd\u03b9\u03c3\u03c4\u03ad\u03c2 \u03c0\u03bf\u03c5 \u03c0\u03c1\u03bf\u03c4\u03b9\u03bc\u03bf\u03cd\u03bd \u03c0\u03bf\u03cd\u03c1\u03b1 \u03bc\u03b5 \u03bc\u03b5\u03b3\u03ac\u03bb\u03bf ring. \u03a0\u03b1\u03c1\u03ac\u03bb\u03bb \u03c4\u03b1\u03c5\u03c4\u03cc\u03c7\u03c1\u03bf\u03bd\u03b1 \u03c0\u03c1\u03bf\u03c3\u03c6\u03ad\u03c1\u03b5\u03b9 \u03ad\u03bd\u03b1 \u03b1\u03c1\u03c9\u03bc\u03b1\u03c4\u03b9\u03ba\u03cc \u03ba\u03b1\u03b9 \u03b9\u03c3\u03bf\u03c1\u03c1\u03bf\u03c0\u03b7\u03bc\u03ad\u03bd\u03bf \u03bc\u03b5\u03af\u03b3\u03bc\u03b1.<\/p>","protected":false},"excerpt":{"rendered":"<p>Ad\u0131n\u0131 Shakespeare&#039;in \u00fcnl\u00fc trajik oyunundan alan Romeo y Julieta markas\u0131, 145 y\u0131l\u0131 a\u015fk\u0131n s\u00fcredir d\u00fcnya \u00e7ap\u0131nda pop\u00fclerdir. \u015eirketin detaylara g\u00f6sterdi\u011fi titizlik ve K\u00fcba miras\u0131na duydu\u011fu sayg\u0131, ola\u011fan\u00fcst\u00fc kalite, lezzet ve i\u015f\u00e7ilik miras\u0131 yaratm\u0131\u015ft\u0131r.<\/p>","protected":false},"featured_media":16738,"template":"","meta":{"_acf_changed":false,"_kadence_starter_templates_imported_post":false,"_kad_post_transparent":"default","_kad_post_title":"","_kad_post_layout":"default","_kad_post_sidebar_id":"","_kad_post_content_style":"default","_kad_post_vertical_padding":"default","_kad_post_feature":"","_kad_post_feature_position":"","_kad_post_header":false,"_kad_post_footer":false},"product_cat":[1273,598],"product_tag":[],"class_list":{"0":"post-16737","1":"product","2":"type-product","3":"status-publish","4":"has-post-thumbnail","6":"product_cat-romeo-y-julieta","7":"product_cat-cuba-cigars","8":"product_shipping_class-kapnika","10":"first","11":"instock","12":"purchasable","13":"product-type-simple","14":"entry","15":"content-bg","16":"loop-entry"},"acf":[],"_links":{"self":[{"href":"https:\/\/nicoteam.gr\/tr\/wp-json\/wp\/v2\/product\/16737","targetHints":{"allow":["GET"]}}],"collection":[{"href":"https:\/\/nicoteam.gr\/tr\/wp-json\/wp\/v2\/product"}],"about":[{"href":"https:\/\/nicoteam.gr\/tr\/wp-json\/wp\/v2\/types\/product"}],"wp:featuredmedia":[{"embeddable":true,"href":"https:\/\/nicoteam.gr\/tr\/wp-json\/wp\/v2\/media\/16738"}],"wp:attachment":[{"href":"https:\/\/nicoteam.gr\/tr\/wp-json\/wp\/v2\/media?parent=16737"}],"wp:term":[{"taxonomy":"product_cat","embeddable":true,"href":"https:\/\/nicoteam.gr\/tr\/wp-json\/wp\/v2\/product_cat?post=16737"},{"taxonomy":"product_tag","embeddable":true,"href":"https:\/\/nicoteam.gr\/tr\/wp-json\/wp\/v2\/product_tag?post=16737"}],"curies":[{"name":"wp","href":"https:\/\/api.w.org\/{rel}","templated":true}]}}