{"id":16711,"date":"2022-06-22T12:11:59","date_gmt":"2022-06-22T10:11:59","guid":{"rendered":"https:\/\/nicoteam.gr\/?post_type=product&#038;p=16711"},"modified":"2023-08-28T10:30:18","modified_gmt":"2023-08-28T08:30:18","slug":"arc-lighter-insert","status":"publish","type":"product","link":"https:\/\/nicoteam.gr\/tr\/product\/arc-lighter-insert\/","title":{"rendered":"Ark \u00c7akmak Eklemesi"},"content":{"rendered":"<ul>\n<li>Orijinal Zippo i\u00e7 alev ark\u0131. A\u00e7mak i\u00e7in d\u00fc\u011fmeye iki kez bas\u0131n.<\/li>\n<li>200mAh IEC pil? Mikro USB ba\u011flant\u0131 noktas\u0131 5v0.2A<\/li>\n<li>Yakla\u015f\u0131k 1 saat \u015farj s\u00fcresi ve pil\/li&gt; ba\u015f\u0131na 300 \u015farj<\/li>\n<li>T\u00fcm standart Zippo \u00e7akmak k\u0131l\u0131flar\u0131na uyar - Slim veya 1935 Replika kasalara uymaz<\/li>\n<li>\u0130\u00e7 k\u0131s\u0131m \u00fcnl\u00fc Zippo &quot;t\u0131k&quot; sesini koruyor<\/li>\n<\/ul>\n<p><strong>AVANTAJLARI<\/strong><\/p>\n<ul>\n<li>H\u0131zl\u0131, kolay ate\u015fleme, r\u00fczgar ge\u00e7irmez alev<\/li>\n<li>Dayan\u0131kl\u0131 yap\u0131, y\u00fcksek mukavemet.<\/li>\n<li>\u015earj edilebilir. \u015earj kablosu dahildir<\/li>\n<li>Zippo&#039;nun iki y\u0131ll\u0131k garantisiyle desteklenmektedir<\/li>\n<\/ul>","protected":false},"excerpt":{"rendered":"<div class=\"col-12 padding\">\n<div class=\"product-description styled-content\" data-read-more=\"product-description\">\n<p>Bu i\u00e7 \u00e7akma\u011f\u0131 se\u00e7erek Zippo \u00e7akma\u011f\u0131n\u0131z\u0131 ki\u015fiselle\u015ftirin. \u00c7ift elektrik ark\u0131yla yanar ve USB ile \u015farj olur. \u00c7ift kiri\u015fli i\u00e7 k\u0131s\u0131m, en iyi garantiyle kolayca yeniden \u015farj edilebilen r\u00fczgar ge\u00e7irmez bir alev kayna\u011f\u0131 sunar. Zippo \u00e7akmak k\u0131l\u0131flar\u0131 herhangi bir normal Zippo \u00e7akmak k\u0131l\u0131f\u0131na m\u00fckemmel \u015fekilde uyacak \u015fekilde tasarlanm\u0131\u015ft\u0131r. Hediye kutusunda mevcuttur. \u00c7in yap\u0131m\u0131.<\/p>\n<\/div>\n<\/div>","protected":false},"featured_media":16724,"template":"","meta":{"_acf_changed":false,"_kadence_starter_templates_imported_post":false,"_kad_post_transparent":"","_kad_post_title":"","_kad_post_layout":"","_kad_post_sidebar_id":"","_kad_post_content_style":"","_kad_post_vertical_padding":"","_kad_post_feature":"","_kad_post_feature_position":"","_kad_post_header":false,"_kad_post_footer":false},"product_cat":[1034,952],"product_tag":[],"class_list":{"0":"post-16711","1":"product","2":"type-product","3":"status-publish","4":"has-post-thumbnail","6":"product_cat-zippo","7":"product_cat-analosima","8":"product_shipping_class-mi-kapnika","10":"first","11":"instock","12":"taxable","13":"shipping-taxable","14":"purchasable","15":"product-type-simple","16":"entry","17":"content-bg","18":"loop-entry"},"acf":[],"_links":{"self":[{"href":"https:\/\/nicoteam.gr\/tr\/wp-json\/wp\/v2\/product\/16711","targetHints":{"allow":["GET"]}}],"collection":[{"href":"https:\/\/nicoteam.gr\/tr\/wp-json\/wp\/v2\/product"}],"about":[{"href":"https:\/\/nicoteam.gr\/tr\/wp-json\/wp\/v2\/types\/product"}],"wp:featuredmedia":[{"embeddable":true,"href":"https:\/\/nicoteam.gr\/tr\/wp-json\/wp\/v2\/media\/16724"}],"wp:attachment":[{"href":"https:\/\/nicoteam.gr\/tr\/wp-json\/wp\/v2\/media?parent=16711"}],"wp:term":[{"taxonomy":"product_cat","embeddable":true,"href":"https:\/\/nicoteam.gr\/tr\/wp-json\/wp\/v2\/product_cat?post=16711"},{"taxonomy":"product_tag","embeddable":true,"href":"https:\/\/nicoteam.gr\/tr\/wp-json\/wp\/v2\/product_tag?post=16711"}],"curies":[{"name":"wp","href":"https:\/\/api.w.org\/{rel}","templated":true}]}}