{"id":16710,"date":"2022-06-22T12:11:38","date_gmt":"2022-06-22T10:11:38","guid":{"rendered":"https:\/\/nicoteam.gr\/?post_type=product&#038;p=16710"},"modified":"2023-08-28T10:30:18","modified_gmt":"2023-08-28T08:30:18","slug":"butane-lighter-insert-single-torch","status":"publish","type":"product","link":"https:\/\/nicoteam.gr\/tr\/product\/butane-lighter-insert-single-torch\/","title":{"rendered":"B\u00fctan \u00c7akmak Par\u00e7as\u0131 \u2013 Tek Torch"},"content":{"rendered":"<ul>\n<li>\u0393\u03bd\u03ae\u03c3\u03b9\u03bf \u03b5\u03c3\u03c9\u03c4\u03b5\u03c1\u03b9\u03ba\u03cc \u03bc\u03bf\u03bd\u03ae\u03c2 \u03c6\u03bb\u03cc\u03b3\u03b1\u03c2 Zippo. \u03a0\u03bb\u03ae\u03ba\u03c4\u03c1\u03bf \u03b1\u03bd\u03ac\u03c6\u03bb\u03b5\u03be\u03b7\u03c2 \u03c0\u03b9\u03b5\u03b6\u03bf\u03b7\u03bb\u03b5\u03ba\u03c4\u03c1\u03b9\u03ba\u03bf\u03cd \u03c4\u03cd\u03c0\u03bf\u03c5<\/li>\n<li>Ayarlanabilir mavi alev y\u00fcksekli\u011fi. 1.260\u00b0C&#039;ye kadar \u0131s\u0131t\u0131r<\/li>\n<li>B\u00fctan yak\u0131t\u0131 ile doldurulabilir. 0,9g yak\u0131t kapasitesi<\/li>\n<li>T\u00fcm standart Zippo \u00e7akmak k\u0131l\u0131flar\u0131na uyar - Slim veya 1935 Replika kasalara uymaz<\/li>\n<li>\u0130\u00e7 k\u0131s\u0131m \u00fcnl\u00fc Zippo &quot;t\u0131k&quot; sesini koruyor<\/li>\n<li>Yak\u0131t: Zippo premium b\u00fctan s\u0131v\u0131s\u0131 (ayr\u0131ca sat\u0131l\u0131r)<\/li>\n<li>Temiz, y\u00fcksek hassasiyetli bir alev sa\u011flar. H\u0131zl\u0131 ve kolay ate\u015fleme<\/li>\n<li>\u03a3\u03c4\u03b9\u03b2\u03b1\u03c1\u03cc, \u03b1\u03bd\u03b8\u03b5\u03ba\u03c4\u03b9\u03ba\u03cc \u03ba\u03b1\u03b9 \u03ba\u03b1\u03c4\u03b1\u03c3\u03ba\u03b5\u03c5\u03b1\u03c3\u03bc\u03ad\u03bd\u03bf \u03b3\u03b9\u03b1 \u03bc\u03b1\u03ba\u03c1\u03bf\u03c7\u03c1\u03cc\u03bd\u03b9\u03b1 \u03c7\u03c1\u03ae\u03c3\u03b7<\/li>\n<li>\u039a\u03ac\u03b8\u03b5 \u03c6\u03bb\u03cc\u03b3\u03b1 \u03b4\u03b9\u03b1\u03c1\u03ba\u03b5\u03af 60,5 \u03b4\u03b5\u03c5\u03c4\u03b5\u03c1\u03cc\u03bb\u03b5\u03c0\u03c4\u03b1 \u03c3\u03b5 \u03cd\u03c8\u03bf\u03c2 2,5 cm<\/li>\n<li>Zippo&#039;nun 2 y\u0131ll\u0131k garantisiyle desteklenmektedir<\/li>\n<\/ul>","protected":false},"excerpt":{"rendered":"<div class=\"col-12 padding\">\n<div class=\"product-description styled-content\" data-read-more=\"product-description\">\n<p>Zippo&#039;nun bu yeni eklentisinde bir d\u00fc\u011fmeye bas\u0131ld\u0131\u011f\u0131nda parlak, g\u00fc\u00e7l\u00fc bir mavi alev ate\u015fleniyor. Tek alevli par\u00e7a, en iyi garantiyle kapat\u0131lm\u0131\u015f, uzun \u00f6m\u00fcrl\u00fc, kokusuz bir \u0131s\u0131 kayna\u011f\u0131 \u00fcretir. Her normal Zippo \u00e7akmak \u00e7antas\u0131na m\u00fckemmel uyum sa\u011flayacak \u015fekilde tasarlanm\u0131\u015f yeni Zippo eklentileri koleksiyonu. Optimum performans i\u00e7in Zippo b\u00fctan yak\u0131t\u0131 ile doldurun. Hediye kutusunda paketlenmi\u015f olarak gelir.<\/p>\n<\/div>\n<\/div>","protected":false},"featured_media":16723,"template":"","meta":{"_acf_changed":false,"_kadence_starter_templates_imported_post":false,"_kad_post_transparent":"","_kad_post_title":"","_kad_post_layout":"","_kad_post_sidebar_id":"","_kad_post_content_style":"","_kad_post_vertical_padding":"","_kad_post_feature":"","_kad_post_feature_position":"","_kad_post_header":false,"_kad_post_footer":false},"product_cat":[1034,952],"product_tag":[],"class_list":{"0":"post-16710","1":"product","2":"type-product","3":"status-publish","4":"has-post-thumbnail","6":"product_cat-zippo","7":"product_cat-analosima","8":"product_shipping_class-mi-kapnika","10":"first","11":"instock","12":"taxable","13":"shipping-taxable","14":"purchasable","15":"product-type-simple","16":"entry","17":"content-bg","18":"loop-entry"},"acf":[],"_links":{"self":[{"href":"https:\/\/nicoteam.gr\/tr\/wp-json\/wp\/v2\/product\/16710","targetHints":{"allow":["GET"]}}],"collection":[{"href":"https:\/\/nicoteam.gr\/tr\/wp-json\/wp\/v2\/product"}],"about":[{"href":"https:\/\/nicoteam.gr\/tr\/wp-json\/wp\/v2\/types\/product"}],"wp:featuredmedia":[{"embeddable":true,"href":"https:\/\/nicoteam.gr\/tr\/wp-json\/wp\/v2\/media\/16723"}],"wp:attachment":[{"href":"https:\/\/nicoteam.gr\/tr\/wp-json\/wp\/v2\/media?parent=16710"}],"wp:term":[{"taxonomy":"product_cat","embeddable":true,"href":"https:\/\/nicoteam.gr\/tr\/wp-json\/wp\/v2\/product_cat?post=16710"},{"taxonomy":"product_tag","embeddable":true,"href":"https:\/\/nicoteam.gr\/tr\/wp-json\/wp\/v2\/product_tag?post=16710"}],"curies":[{"name":"wp","href":"https:\/\/api.w.org\/{rel}","templated":true}]}}