{"id":16709,"date":"2022-06-22T12:11:20","date_gmt":"2022-06-22T10:11:20","guid":{"rendered":"https:\/\/nicoteam.gr\/?post_type=product&#038;p=16709"},"modified":"2023-08-28T10:30:18","modified_gmt":"2023-08-28T08:30:18","slug":"butane-lighter-insert-double-torch","status":"publish","type":"product","link":"https:\/\/nicoteam.gr\/tr\/product\/butane-lighter-insert-double-torch\/","title":{"rendered":"B\u00fctan \u00c7akmak Ek Par\u00e7as\u0131 \u2013 \u00c7ift Tor\u00e7"},"content":{"rendered":"<ul>\n<li>Orijinal Zippo \u00e7ift alevli i\u00e7 mekan. Piezo tipi kontak anahtar\u0131<\/li>\n<li>Ayarlanabilir mavi alev y\u00fcksekli\u011fi. 1.260\u00b0C&#039;ye kadar \u0131s\u0131t\u0131r<\/li>\n<li>B\u00fctan yak\u0131t\u0131 ile doldurulabilir. 0,9g yak\u0131t kapasitesi<\/li>\n<li>T\u00fcm standart Zippo \u00e7akmak k\u0131l\u0131flar\u0131na uyar - Slim veya 1935 Replika kasalara uymaz<\/li>\n<li>\u0130\u00e7 k\u0131s\u0131m \u00fcnl\u00fc Zippo &quot;t\u0131k&quot; sesini koruyor<\/li>\n<li>Yak\u0131t: Zippo premium b\u00fctan s\u0131v\u0131s\u0131 (ayr\u0131ca sat\u0131l\u0131r)<\/li>\n<li>Temiz, y\u00fcksek hassasiyetli bir alev sa\u011flar. H\u0131zl\u0131 ve kolay ate\u015fleme<\/li>\n<li>G\u00fc\u00e7l\u00fc, dayan\u0131kl\u0131 ve uzun s\u00fcreli kullan\u0131m i\u00e7in \u00fcretilmi\u015ftir<\/li>\n<li>Her alev 2,5 cm y\u00fckseklikte 60,5 saniye s\u00fcrer<\/li>\n<li>Zippo&#039;nun 2 y\u0131ll\u0131k garantisiyle desteklenmektedir<\/li>\n<\/ul>","protected":false},"excerpt":{"rendered":"<div class=\"col-12 padding\">\n<div class=\"product-description styled-content\" data-read-more=\"product-description\">\n<p>Zippo&#039;nun bu yeni eklentisinde bir d\u00fc\u011fmeye bas\u0131ld\u0131\u011f\u0131nda iki g\u00fc\u00e7l\u00fc, parlak mavi alev yan\u0131yor. \u00c7ift alevli par\u00e7a, en iyi garantiyle kapat\u0131lm\u0131\u015f, kokusuz bir \u0131s\u0131 kayna\u011f\u0131 sunar. Her normal Zippo \u00e7akmak \u00e7antas\u0131na m\u00fckemmel uyum sa\u011flayacak \u015fekilde tasarlanm\u0131\u015f yeni Zippo eklentileri koleksiyonu. Optimum performans i\u00e7in Zippo b\u00fctan yak\u0131t\u0131 ile doldurun. Hediye kutusunda paketlenmi\u015f olarak gelir.<\/p>\n<\/div>\n<\/div>","protected":false},"featured_media":16722,"template":"","meta":{"_acf_changed":false,"_kadence_starter_templates_imported_post":false,"_kad_post_transparent":"","_kad_post_title":"","_kad_post_layout":"","_kad_post_sidebar_id":"","_kad_post_content_style":"","_kad_post_vertical_padding":"","_kad_post_feature":"","_kad_post_feature_position":"","_kad_post_header":false,"_kad_post_footer":false},"product_cat":[1034,952],"product_tag":[],"class_list":{"0":"post-16709","1":"product","2":"type-product","3":"status-publish","4":"has-post-thumbnail","6":"product_cat-zippo","7":"product_cat-analosima","8":"product_shipping_class-mi-kapnika","10":"first","11":"instock","12":"taxable","13":"shipping-taxable","14":"purchasable","15":"product-type-simple","16":"entry","17":"content-bg","18":"loop-entry"},"acf":[],"_links":{"self":[{"href":"https:\/\/nicoteam.gr\/tr\/wp-json\/wp\/v2\/product\/16709","targetHints":{"allow":["GET"]}}],"collection":[{"href":"https:\/\/nicoteam.gr\/tr\/wp-json\/wp\/v2\/product"}],"about":[{"href":"https:\/\/nicoteam.gr\/tr\/wp-json\/wp\/v2\/types\/product"}],"wp:featuredmedia":[{"embeddable":true,"href":"https:\/\/nicoteam.gr\/tr\/wp-json\/wp\/v2\/media\/16722"}],"wp:attachment":[{"href":"https:\/\/nicoteam.gr\/tr\/wp-json\/wp\/v2\/media?parent=16709"}],"wp:term":[{"taxonomy":"product_cat","embeddable":true,"href":"https:\/\/nicoteam.gr\/tr\/wp-json\/wp\/v2\/product_cat?post=16709"},{"taxonomy":"product_tag","embeddable":true,"href":"https:\/\/nicoteam.gr\/tr\/wp-json\/wp\/v2\/product_tag?post=16709"}],"curies":[{"name":"wp","href":"https:\/\/api.w.org\/{rel}","templated":true}]}}