{"id":16702,"date":"2022-06-22T12:10:26","date_gmt":"2022-06-22T10:10:26","guid":{"rendered":"https:\/\/nicoteam.gr\/?post_type=product&#038;p=16702"},"modified":"2023-08-28T10:30:19","modified_gmt":"2023-08-28T08:30:19","slug":"dead-mans-hand-emblem-design","status":"publish","type":"product","link":"https:\/\/nicoteam.gr\/tr\/product\/dead-mans-hand-emblem-design\/","title":{"rendered":"\u00d6l\u00fc Adam\u0131n El Amblemi Tasar\u0131m\u0131"},"content":{"rendered":"","protected":false},"excerpt":{"rendered":"<div class=\"col-12 padding\">\n<div class=\"product-description styled-content\" data-read-more=\"product-description\">\n<div class=\"col-12 padding\">\n<div class=\"product-description styled-content\" data-read-more=\"product-description\">\n<p>The Dead Man&#8217;s Hand is one of the most famous hands in poker with a pair of black aces and black eights. Wild Bill Hickok was allegedly holding this hand when he was gunned down in 1876. This Dead Mans Hand emblem is attached to a Street Chrome\u2122 lighter with the skeleton&#8217;s hand on the lid and the iconic poker held in the other hand below. But this design is more than meets the eye. Flip open the lighter&#8217;s lid to expose the Zippo Card surprise emblem inside. Playing with a Dead Mans Hand is a gamble, but this piece is well worth the risk. Comes packaged in a gift box. For optimal performance fill with Zippo lighter fuel.<\/p>\n<ul>\n<li>Orijinal Zippo r\u00fczgar ge\u00e7irmez \u00e7akmak, ay\u0131rt edici Zippo &quot;klik&quot; sesiyle<\/li>\n<li>Tamam\u0131 metal yap\u0131 m\u0131? r\u00fczgar ge\u00e7irmez tasar\u0131m neredeyse her yerde \u00e7al\u0131\u015f\u0131r<\/li>\n<li>\u00d6m\u00fcr boyu kullan\u0131m i\u00e7in yeniden doldurulabilir mi? Optimum performans i\u00e7in orijinal Zippo s\u0131v\u0131s\u0131, \u00e7akmakta\u015f\u0131 ve fitiller \u00f6neriyoruz<\/li>\n<li>USA yap\u0131lm\u0131\u015f? \u00d6m\u00fcr boyu garanti &quot;\u00e7al\u0131\u015f\u0131r veya \u00fccretsiz olarak tamir ederiz\u2122&quot;<\/li>\n<li>Yak\u0131t: Zippo \u00e7akmak yak\u0131t\u0131 (ayr\u0131ca sat\u0131l\u0131r)<\/li>\n<\/ul>\n<\/div>\n<\/div>\n<\/div>\n<\/div>","protected":false},"featured_media":17367,"template":"","meta":{"_acf_changed":false,"_kadence_starter_templates_imported_post":false,"_kad_post_transparent":"","_kad_post_title":"","_kad_post_layout":"","_kad_post_sidebar_id":"","_kad_post_content_style":"","_kad_post_vertical_padding":"","_kad_post_feature":"","_kad_post_feature_position":"","_kad_post_header":false,"_kad_post_footer":false},"product_cat":[1034],"product_tag":[],"class_list":{"0":"post-16702","1":"product","2":"type-product","3":"status-publish","4":"has-post-thumbnail","6":"product_cat-zippo","7":"product_shipping_class-mi-kapnika","9":"first","10":"onbackorder","11":"taxable","12":"shipping-taxable","13":"purchasable","14":"product-type-simple","15":"entry","16":"content-bg","17":"loop-entry"},"acf":[],"_links":{"self":[{"href":"https:\/\/nicoteam.gr\/tr\/wp-json\/wp\/v2\/product\/16702","targetHints":{"allow":["GET"]}}],"collection":[{"href":"https:\/\/nicoteam.gr\/tr\/wp-json\/wp\/v2\/product"}],"about":[{"href":"https:\/\/nicoteam.gr\/tr\/wp-json\/wp\/v2\/types\/product"}],"wp:featuredmedia":[{"embeddable":true,"href":"https:\/\/nicoteam.gr\/tr\/wp-json\/wp\/v2\/media\/17367"}],"wp:attachment":[{"href":"https:\/\/nicoteam.gr\/tr\/wp-json\/wp\/v2\/media?parent=16702"}],"wp:term":[{"taxonomy":"product_cat","embeddable":true,"href":"https:\/\/nicoteam.gr\/tr\/wp-json\/wp\/v2\/product_cat?post=16702"},{"taxonomy":"product_tag","embeddable":true,"href":"https:\/\/nicoteam.gr\/tr\/wp-json\/wp\/v2\/product_tag?post=16702"}],"curies":[{"name":"wp","href":"https:\/\/api.w.org\/{rel}","templated":true}]}}